{"id":2273,"date":"2022-09-11T23:37:01","date_gmt":"2022-09-11T21:37:01","guid":{"rendered":"https:\/\/www.adyendre.hr\/kapcsolat\/"},"modified":"2024-04-08T10:37:34","modified_gmt":"2024-04-08T08:37:34","slug":"kapcsolat","status":"publish","type":"page","link":"https:\/\/www.adyendre.hr\/hu\/kapcsolat\/","title":{"rendered":"Kapcsolat"},"content":{"rendered":"\t\t<div data-elementor-type=\"wp-page\" data-elementor-id=\"2273\" class=\"elementor elementor-2273 elementor-388\">\n\t\t\t\t\t\t<section class=\"elementor-section elementor-top-section elementor-element elementor-element-74717e6 elementor-section-full_width elementor-section-height-default elementor-section-height-default\" data-id=\"74717e6\" data-element_type=\"section\" data-e-type=\"section\">\n\t\t\t\t\t\t<div class=\"elementor-container elementor-column-gap-default\">\n\t\t\t\t\t<div class=\"elementor-column elementor-col-100 elementor-top-column elementor-element elementor-element-8cb76da\" data-id=\"8cb76da\" data-element_type=\"column\" data-e-type=\"column\">\n\t\t\t<div class=\"elementor-widget-wrap elementor-element-populated\">\n\t\t\t\t\t\t<div class=\"elementor-element elementor-element-cb0ed61 sec-title events-title elementor-widget elementor-widget-heading\" data-id=\"cb0ed61\" data-element_type=\"widget\" data-e-type=\"widget\" data-widget_type=\"heading.default\">\n\t\t\t\t<div class=\"elementor-widget-container\">\n\t\t\t\t\t<h1 class=\"elementor-heading-title elementor-size-default\">Kapcsolat\n<div class=\"title-shape mt-3 mx-auto\"><\/div><\/h1>\t\t\t\t<\/div>\n\t\t\t\t<\/div>\n\t\t\t\t\t<\/div>\n\t\t<\/div>\n\t\t\t\t\t<\/div>\n\t\t<\/section>\n\t\t\t\t<section class=\"elementor-section elementor-top-section elementor-element elementor-element-c001b80 elementor-section-full_width elementor-section-height-default elementor-section-height-default\" data-id=\"c001b80\" data-element_type=\"section\" data-e-type=\"section\">\n\t\t\t\t\t\t<div class=\"elementor-container elementor-column-gap-default\">\n\t\t\t\t\t<div class=\"elementor-column elementor-col-100 elementor-top-column elementor-element elementor-element-318a2e4\" data-id=\"318a2e4\" data-element_type=\"column\" data-e-type=\"column\">\n\t\t\t<div class=\"elementor-widget-wrap elementor-element-populated\">\n\t\t\t\t\t\t<div class=\"elementor-element elementor-element-6c21271 elementor-widget elementor-widget-whitehall_contact_info\" data-id=\"6c21271\" data-element_type=\"widget\" data-e-type=\"widget\" data-widget_type=\"whitehall_contact_info.default\">\n\t\t\t\t<div class=\"elementor-widget-container\">\n\t\t\t\t\t\t\n    <!-- contact-information -->\n    <section class=\"contact-information\">\n        <div class=\"auto-container\">\n            <div class=\"row clearfix\">\n                <div class=\"col-lg-4 col-md-6 col-sm-12 content-column\">\n                    <div class=\"content_block_12\">\n                        <div class=\"content-box\">\n                                                        <div class=\"sec-title\">\n                                                                <h2>L\u00e9pjen kapcsolatba vel\u00fcnk<\/h2>\n                                <div class=\"title-shape\"><\/div>                            <\/div>\n                                                        <div class=\"text\">\n                                <p>OIB: 42293034424<br>\nIBAN: HR2624020061101007372<\/p>                                <h4><i class=\"flaticon-map-1\"><\/i>A K\u00f6r <br \/>sz\u00e9khelye<\/h4>                                <p>Marti\u0107eva 8<br>10000 Z\u00e1gr\u00e1b<\/p>                                                                <a href=\"https:\/\/goo.gl\/maps\/LE5EvwBaRk8rzC1X6\">Utas\u00edt\u00e1s<i class=\"flaticon-right-arrow\"><\/i><\/a>\n                                                            <\/div>\n                            <div class=\"social-box\">\n                                <h4>K\u00f6z\u00f6ss\u00e9gi h\u00e1l\u00f3zatok<\/h4>                                <ul class=\"social-style-one clearfix\">\n                                                                        <li><a href=\"https:\/\/www.facebook.com\/p\/Magyarok-Z%C3%A1gr%C3%A1bban-Ma%C4%91ari-u-Zagrebu-100064373842103\/\"><i class=\"fab fa-facebook-f\"><\/i><\/a><\/li>\n                                                                    <\/ul>\n                            <\/div>\n                        <\/div>\n                    <\/div>\n                <\/div>\n                                <div class=\"col-lg-4 col-md-6 col-sm-12 image-column\">\n                    <figure class=\"image-box\"><img decoding=\"async\" src=\"https:\/\/www.adyendre.hr\/wp-content\/uploads\/2023\/03\/marticeva-e1677759688341.jpg\" alt=\"Awesome Image\"><\/figure>\n                <\/div>\n                                <div class=\"col-lg-4 col-md-12 col-sm-12 content-column\">\n                    <div class=\"content_block_13\">\n                        <div class=\"content-box\">\n                                                        <div class=\"single-item\">\n                                <div class=\"icon-box\"><i class=\"flaticon-mail-inbox-app\"><\/i><\/div>                                <ul class=\"info clearfix\">\n                                    <li>\n                                        <h5>E-mail<\/h5>\n                                        <p><a href=\"mailto:info@adyendre.hr\">info@adyendre.hr<\/a><\/p>\n                                    <\/li>\n                                    <li>\n                                        <h5><\/h5>\n                                        <p><\/p>\n                                    <\/li>\n                                <\/ul>\n                            <\/div>\n                                                        <div class=\"single-item\">\n                                <div class=\"icon-box\"><i class=\"fa fa-mobile-alt\"><\/i><\/div>                                <ul class=\"info clearfix\">\n                                    <li>\n                                        <h5><\/h5>\n                                        <p><\/p>\n                                    <\/li>\n                                    <li>\n                                        <h5>Mobiltelefon<\/h5>\n                                        <p><a href=\"tel:+385913303798\">091 3303 798<\/a><\/p>\n                                    <\/li>\n                                <\/ul>\n                            <\/div>\n                                                    <\/div>\n                    <\/div>\n                <\/div>\n            <\/div>\n        <\/div>\n    <\/section>\n    <!-- contact-information end -->      \n             \n        \t\t\t\t<\/div>\n\t\t\t\t<\/div>\n\t\t\t\t\t<\/div>\n\t\t<\/div>\n\t\t\t\t\t<\/div>\n\t\t<\/section>\n\t\t\t\t<section class=\"elementor-section elementor-top-section elementor-element elementor-element-85886d6 elementor-section-full_width elementor-section-height-default elementor-section-height-default\" data-id=\"85886d6\" data-element_type=\"section\" data-e-type=\"section\">\n\t\t\t\t\t\t<div class=\"elementor-container elementor-column-gap-default\">\n\t\t\t\t\t<div class=\"elementor-column elementor-col-100 elementor-top-column elementor-element elementor-element-02b93aa\" data-id=\"02b93aa\" data-element_type=\"column\" data-e-type=\"column\">\n\t\t\t<div class=\"elementor-widget-wrap elementor-element-populated\">\n\t\t\t\t\t\t<div class=\"elementor-element elementor-element-3a1e314 elementor-widget elementor-widget-whitehall_contact_us\" data-id=\"3a1e314\" data-element_type=\"widget\" data-e-type=\"widget\" data-widget_type=\"whitehall_contact_us.default\">\n\t\t\t\t<div class=\"elementor-widget-container\">\n\t\t\t\t\t\t\n    <!-- contact-style-two -->\n    <section class=\"contact-style-two sec-pad\">\n        <div class=\"auto-container\">\n            <div class=\"form-inner\">\n                                <div class=\"sec-title centred\">\n                                        <h2>Kapcsolatfelv\u00e9teli \u0171rlap<\/h2>\n                    <div class=\"title-shape\"><\/div>                                    <\/div>\n                                                <div id=\"contact-form\" class=\"default-form\"> \n                    \n<div class=\"wpcf7 no-js\" id=\"wpcf7-f2276-o1\" lang=\"hu-HU\" dir=\"ltr\" data-wpcf7-id=\"2276\">\n<div class=\"screen-reader-response\"><p role=\"status\" aria-live=\"polite\" aria-atomic=\"true\"><\/p> <ul><\/ul><\/div>\n<form action=\"\/hu\/wp-json\/wp\/v2\/pages\/2273#wpcf7-f2276-o1\" method=\"post\" class=\"wpcf7-form init\" aria-label=\"Kapcsolatfelv\u00e9teli \u0171rlap\" novalidate=\"novalidate\" data-status=\"init\">\n<fieldset class=\"hidden-fields-container\"><input type=\"hidden\" name=\"_wpcf7\" value=\"2276\" \/><input type=\"hidden\" name=\"_wpcf7_version\" value=\"6.1.5\" \/><input type=\"hidden\" name=\"_wpcf7_locale\" value=\"hu_HU\" \/><input type=\"hidden\" name=\"_wpcf7_unit_tag\" value=\"wpcf7-f2276-o1\" \/><input type=\"hidden\" name=\"_wpcf7_container_post\" value=\"0\" \/><input type=\"hidden\" name=\"_wpcf7_posted_data_hash\" value=\"\" \/><input type=\"hidden\" name=\"_wpcf7_recaptcha_response\" value=\"\" \/>\n<\/fieldset>\n<div class=\"row clearfix\">\n\t<div class=\"col-lg-6 col-md-6 col-sm-12 big-column\">\n\t\t<div class=\"form-group\">\n\t\t\t<p><span class=\"wpcf7-form-control-wrap\" data-name=\"your-name\"><input size=\"40\" maxlength=\"400\" class=\"wpcf7-form-control wpcf7-text wpcf7-validates-as-required\" aria-required=\"true\" aria-invalid=\"false\" placeholder=\"Neved\" value=\"\" type=\"text\" name=\"your-name\" \/><\/span>\n\t\t\t<\/p>\n\t\t<\/div>\n\t\t<div class=\"form-group\">\n\t\t\t<p><span class=\"wpcf7-form-control-wrap\" data-name=\"your-email\"><input size=\"40\" maxlength=\"400\" class=\"wpcf7-form-control wpcf7-email wpcf7-validates-as-required wpcf7-text wpcf7-validates-as-email\" aria-required=\"true\" aria-invalid=\"false\" placeholder=\"E-mail c\u00edm\" value=\"\" type=\"email\" name=\"your-email\" \/><\/span>\n\t\t\t<\/p>\n\t\t<\/div>\n\t\t<div class=\"form-group\">\n\t\t\t<p><span class=\"wpcf7-form-control-wrap\" data-name=\"title\"><input size=\"40\" maxlength=\"400\" class=\"wpcf7-form-control wpcf7-text wpcf7-validates-as-required\" aria-required=\"true\" aria-invalid=\"false\" placeholder=\"\u00dczenet c\u00edme\" value=\"\" type=\"text\" name=\"title\" \/><\/span>\n\t\t\t<\/p>\n\t\t<\/div>\n\t<\/div>\n\t<div class=\"col-lg-6 col-md-6 col-sm-12 big-column\">\n\t\t<div class=\"form-group\">\n\t\t\t<p><span class=\"wpcf7-form-control-wrap\" data-name=\"message\"><textarea cols=\"40\" rows=\"10\" maxlength=\"2000\" class=\"wpcf7-form-control wpcf7-textarea wpcf7-validates-as-required\" aria-required=\"true\" aria-invalid=\"false\" placeholder=\"\u00dczeneted ...\" name=\"message\"><\/textarea><\/span>\n\t\t\t<\/p>\n\t\t<\/div>\n\t<\/div>\n\t<div class=\"col-lg-12 col-md-12 col-sm-12 big-column\">\n\t\t<p><span class=\"wpcf7-form-control-wrap\" data-name=\"acceptance\"><span class=\"wpcf7-form-control wpcf7-acceptance\"><span class=\"wpcf7-list-item\"><label><input type=\"checkbox\" name=\"acceptance\" value=\"1\" aria-invalid=\"false\" \/><span class=\"wpcf7-list-item-label\">Enged\u00e9lyt adok a szem\u00e9lyes adataim felhaszn\u00e1l\u00e1s\u00e1hoz az <a href=\"\/wp-content\/uploads\/preuzimanja\/Pravilnik-GDPR.pdf\" target=\"_blank\">Adatv\u00e9delmi Ir\u00e1nyelvnek<\/a> megfelel\u0151en<\/span><\/label><\/span><\/span><\/span>\n\t\t<\/p>\n\t\t<div class=\"message-btn centred\">\n\t\t\t<p><button class=\"theme-btn\" type=\"submit\" name=\"submit-form\">K\u00fcld<\/button>\n\t\t\t<\/p>\n\t\t<\/div>\n\t<div class=\"wpcf7-response-output\" aria-hidden=\"true\"><\/div>\n\t<\/div>\n<\/div>\n<div class=\"col-lg-12 col-md-12 col-sm-12 big-column text-center form-group\">\n\t<p><small>This site is protected by reCAPTCHA and the Google <a href=\"https:\/\/policies.google.com\/privacy\" target=\"_blank\">Privacy Policy<\/a> and <a href=\"https:\/\/policies.google.com\/terms\" target=\"_blank\">Terms of Service<\/a> apply.<br \/>\n<\/small>\n\t<\/p>\n<\/div>\n<\/form>\n<\/div>\n                <\/div>\n                            <\/div>\n                    <\/div>\n    <\/section>\n    <!-- contact-style-two end -->\n                         \n        \t\t\t\t<\/div>\n\t\t\t\t<\/div>\n\t\t\t\t\t<\/div>\n\t\t<\/div>\n\t\t\t\t\t<\/div>\n\t\t<\/section>\n\t\t\t\t<\/div>\n\t\t","protected":false},"excerpt":{"rendered":"<p>Kapcsolat L\u00e9pjen kapcsolatba vel\u00fcnk OIB: 42293034424 IBAN: HR2624020061101007372 A K\u00f6r sz\u00e9khelye Marti\u0107eva 810000 Z\u00e1gr\u00e1b Utas\u00edt\u00e1s K\u00f6z\u00f6ss\u00e9gi h\u00e1l\u00f3zatok E-mail info@adyendre.hr Mobiltelefon 091 3303 798 Kapcsolatfelv\u00e9teli &#8230;<\/p>\n","protected":false},"author":1,"featured_media":0,"parent":0,"menu_order":0,"comment_status":"closed","ping_status":"closed","template":"tpl-default-elementor.php","meta":{"footnotes":""},"class_list":["post-2273","page","type-page","status-publish","hentry"],"yoast_head":"<!-- This site is optimized with the Yoast SEO plugin v27.5 - https:\/\/yoast.com\/product\/yoast-seo-wordpress\/ -->\n<title>Kapcsolat - Ady Endre Kult\u00fark\u00f6r<\/title>\n<meta name=\"robots\" content=\"index, follow, max-snippet:-1, max-image-preview:large, max-video-preview:-1\" \/>\n<link rel=\"canonical\" href=\"https:\/\/www.adyendre.hr\/hu\/kapcsolat\/\" \/>\n<meta property=\"og:locale\" content=\"hu_HU\" \/>\n<meta property=\"og:type\" content=\"article\" \/>\n<meta property=\"og:title\" content=\"Kapcsolat - Ady Endre Kult\u00fark\u00f6r\" \/>\n<meta property=\"og:description\" content=\"Kapcsolat L\u00e9pjen kapcsolatba vel\u00fcnk OIB: 42293034424 IBAN: HR2624020061101007372 A K\u00f6r sz\u00e9khelye Marti\u0107eva 810000 Z\u00e1gr\u00e1b Utas\u00edt\u00e1s K\u00f6z\u00f6ss\u00e9gi h\u00e1l\u00f3zatok E-mail info@adyendre.hr Mobiltelefon 091 3303 798 Kapcsolatfelv\u00e9teli ...\" \/>\n<meta property=\"og:url\" content=\"https:\/\/www.adyendre.hr\/hu\/kapcsolat\/\" \/>\n<meta property=\"og:site_name\" content=\"Ady Endre Kult\u00fark\u00f6r\" \/>\n<meta property=\"article:modified_time\" content=\"2024-04-08T08:37:34+00:00\" \/>\n<meta property=\"og:image\" content=\"https:\/\/www.adyendre.hr\/wp-content\/uploads\/2023\/03\/marticeva-e1677759688341.jpg\" \/>\n<meta name=\"twitter:card\" content=\"summary_large_image\" \/>\n<meta name=\"twitter:label1\" content=\"Becs\u00fclt olvas\u00e1si id\u0151\" \/>\n\t<meta name=\"twitter:data1\" content=\"1 perc\" \/>\n<script type=\"application\/ld+json\" class=\"yoast-schema-graph\">{\"@context\":\"https:\\\/\\\/schema.org\",\"@graph\":[{\"@type\":\"WebPage\",\"@id\":\"https:\\\/\\\/www.adyendre.hr\\\/hu\\\/kapcsolat\\\/\",\"url\":\"https:\\\/\\\/www.adyendre.hr\\\/hu\\\/kapcsolat\\\/\",\"name\":\"Kapcsolat - Ady Endre Kult\u00fark\u00f6r\",\"isPartOf\":{\"@id\":\"https:\\\/\\\/www.adyendre.hr\\\/hu\\\/#website\"},\"primaryImageOfPage\":{\"@id\":\"https:\\\/\\\/www.adyendre.hr\\\/hu\\\/kapcsolat\\\/#primaryimage\"},\"image\":{\"@id\":\"https:\\\/\\\/www.adyendre.hr\\\/hu\\\/kapcsolat\\\/#primaryimage\"},\"thumbnailUrl\":\"https:\\\/\\\/www.adyendre.hr\\\/wp-content\\\/uploads\\\/2023\\\/03\\\/marticeva-e1677759688341.jpg\",\"datePublished\":\"2022-09-11T21:37:01+00:00\",\"dateModified\":\"2024-04-08T08:37:34+00:00\",\"breadcrumb\":{\"@id\":\"https:\\\/\\\/www.adyendre.hr\\\/hu\\\/kapcsolat\\\/#breadcrumb\"},\"inLanguage\":\"hu\",\"potentialAction\":[{\"@type\":\"ReadAction\",\"target\":[\"https:\\\/\\\/www.adyendre.hr\\\/hu\\\/kapcsolat\\\/\"]}]},{\"@type\":\"ImageObject\",\"inLanguage\":\"hu\",\"@id\":\"https:\\\/\\\/www.adyendre.hr\\\/hu\\\/kapcsolat\\\/#primaryimage\",\"url\":\"https:\\\/\\\/www.adyendre.hr\\\/wp-content\\\/uploads\\\/2023\\\/03\\\/marticeva-e1677759688341.jpg\",\"contentUrl\":\"https:\\\/\\\/www.adyendre.hr\\\/wp-content\\\/uploads\\\/2023\\\/03\\\/marticeva-e1677759688341.jpg\"},{\"@type\":\"BreadcrumbList\",\"@id\":\"https:\\\/\\\/www.adyendre.hr\\\/hu\\\/kapcsolat\\\/#breadcrumb\",\"itemListElement\":[{\"@type\":\"ListItem\",\"position\":1,\"name\":\"Home\",\"item\":\"https:\\\/\\\/www.adyendre.hr\\\/hu\\\/\"},{\"@type\":\"ListItem\",\"position\":2,\"name\":\"Kapcsolat\"}]},{\"@type\":\"WebSite\",\"@id\":\"https:\\\/\\\/www.adyendre.hr\\\/hu\\\/#website\",\"url\":\"https:\\\/\\\/www.adyendre.hr\\\/hu\\\/\",\"name\":\"Ady Endre Kult\u00fark\u00f6r\",\"description\":\"\",\"publisher\":{\"@id\":\"https:\\\/\\\/www.adyendre.hr\\\/hu\\\/#organization\"},\"potentialAction\":[{\"@type\":\"SearchAction\",\"target\":{\"@type\":\"EntryPoint\",\"urlTemplate\":\"https:\\\/\\\/www.adyendre.hr\\\/hu\\\/?s={search_term_string}\"},\"query-input\":{\"@type\":\"PropertyValueSpecification\",\"valueRequired\":true,\"valueName\":\"search_term_string\"}}],\"inLanguage\":\"hu\"},{\"@type\":\"Organization\",\"@id\":\"https:\\\/\\\/www.adyendre.hr\\\/hu\\\/#organization\",\"name\":\"Ady Endre Kult\u00fark\u00f6r\",\"url\":\"https:\\\/\\\/www.adyendre.hr\\\/hu\\\/\",\"logo\":{\"@type\":\"ImageObject\",\"inLanguage\":\"hu\",\"@id\":\"https:\\\/\\\/www.adyendre.hr\\\/hu\\\/#\\\/schema\\\/logo\\\/image\\\/\",\"url\":\"https:\\\/\\\/www.adyendre.hr\\\/wp-content\\\/uploads\\\/2022\\\/09\\\/logo.png\",\"contentUrl\":\"https:\\\/\\\/www.adyendre.hr\\\/wp-content\\\/uploads\\\/2022\\\/09\\\/logo.png\",\"width\":170,\"height\":50,\"caption\":\"Ady Endre Kult\u00fark\u00f6r\"},\"image\":{\"@id\":\"https:\\\/\\\/www.adyendre.hr\\\/hu\\\/#\\\/schema\\\/logo\\\/image\\\/\"}}]}<\/script>\n<!-- \/ Yoast SEO plugin. -->","yoast_head_json":{"title":"Kapcsolat - Ady Endre Kult\u00fark\u00f6r","robots":{"index":"index","follow":"follow","max-snippet":"max-snippet:-1","max-image-preview":"max-image-preview:large","max-video-preview":"max-video-preview:-1"},"canonical":"https:\/\/www.adyendre.hr\/hu\/kapcsolat\/","og_locale":"hu_HU","og_type":"article","og_title":"Kapcsolat - Ady Endre Kult\u00fark\u00f6r","og_description":"Kapcsolat L\u00e9pjen kapcsolatba vel\u00fcnk OIB: 42293034424 IBAN: HR2624020061101007372 A K\u00f6r sz\u00e9khelye Marti\u0107eva 810000 Z\u00e1gr\u00e1b Utas\u00edt\u00e1s K\u00f6z\u00f6ss\u00e9gi h\u00e1l\u00f3zatok E-mail info@adyendre.hr Mobiltelefon 091 3303 798 Kapcsolatfelv\u00e9teli ...","og_url":"https:\/\/www.adyendre.hr\/hu\/kapcsolat\/","og_site_name":"Ady Endre Kult\u00fark\u00f6r","article_modified_time":"2024-04-08T08:37:34+00:00","og_image":[{"url":"https:\/\/www.adyendre.hr\/wp-content\/uploads\/2023\/03\/marticeva-e1677759688341.jpg","type":"","width":"","height":""}],"twitter_card":"summary_large_image","twitter_misc":{"Becs\u00fclt olvas\u00e1si id\u0151":"1 perc"},"schema":{"@context":"https:\/\/schema.org","@graph":[{"@type":"WebPage","@id":"https:\/\/www.adyendre.hr\/hu\/kapcsolat\/","url":"https:\/\/www.adyendre.hr\/hu\/kapcsolat\/","name":"Kapcsolat - Ady Endre Kult\u00fark\u00f6r","isPartOf":{"@id":"https:\/\/www.adyendre.hr\/hu\/#website"},"primaryImageOfPage":{"@id":"https:\/\/www.adyendre.hr\/hu\/kapcsolat\/#primaryimage"},"image":{"@id":"https:\/\/www.adyendre.hr\/hu\/kapcsolat\/#primaryimage"},"thumbnailUrl":"https:\/\/www.adyendre.hr\/wp-content\/uploads\/2023\/03\/marticeva-e1677759688341.jpg","datePublished":"2022-09-11T21:37:01+00:00","dateModified":"2024-04-08T08:37:34+00:00","breadcrumb":{"@id":"https:\/\/www.adyendre.hr\/hu\/kapcsolat\/#breadcrumb"},"inLanguage":"hu","potentialAction":[{"@type":"ReadAction","target":["https:\/\/www.adyendre.hr\/hu\/kapcsolat\/"]}]},{"@type":"ImageObject","inLanguage":"hu","@id":"https:\/\/www.adyendre.hr\/hu\/kapcsolat\/#primaryimage","url":"https:\/\/www.adyendre.hr\/wp-content\/uploads\/2023\/03\/marticeva-e1677759688341.jpg","contentUrl":"https:\/\/www.adyendre.hr\/wp-content\/uploads\/2023\/03\/marticeva-e1677759688341.jpg"},{"@type":"BreadcrumbList","@id":"https:\/\/www.adyendre.hr\/hu\/kapcsolat\/#breadcrumb","itemListElement":[{"@type":"ListItem","position":1,"name":"Home","item":"https:\/\/www.adyendre.hr\/hu\/"},{"@type":"ListItem","position":2,"name":"Kapcsolat"}]},{"@type":"WebSite","@id":"https:\/\/www.adyendre.hr\/hu\/#website","url":"https:\/\/www.adyendre.hr\/hu\/","name":"Ady Endre Kult\u00fark\u00f6r","description":"","publisher":{"@id":"https:\/\/www.adyendre.hr\/hu\/#organization"},"potentialAction":[{"@type":"SearchAction","target":{"@type":"EntryPoint","urlTemplate":"https:\/\/www.adyendre.hr\/hu\/?s={search_term_string}"},"query-input":{"@type":"PropertyValueSpecification","valueRequired":true,"valueName":"search_term_string"}}],"inLanguage":"hu"},{"@type":"Organization","@id":"https:\/\/www.adyendre.hr\/hu\/#organization","name":"Ady Endre Kult\u00fark\u00f6r","url":"https:\/\/www.adyendre.hr\/hu\/","logo":{"@type":"ImageObject","inLanguage":"hu","@id":"https:\/\/www.adyendre.hr\/hu\/#\/schema\/logo\/image\/","url":"https:\/\/www.adyendre.hr\/wp-content\/uploads\/2022\/09\/logo.png","contentUrl":"https:\/\/www.adyendre.hr\/wp-content\/uploads\/2022\/09\/logo.png","width":170,"height":50,"caption":"Ady Endre Kult\u00fark\u00f6r"},"image":{"@id":"https:\/\/www.adyendre.hr\/hu\/#\/schema\/logo\/image\/"}}]}},"_links":{"self":[{"href":"https:\/\/www.adyendre.hr\/hu\/wp-json\/wp\/v2\/pages\/2273","targetHints":{"allow":["GET"]}}],"collection":[{"href":"https:\/\/www.adyendre.hr\/hu\/wp-json\/wp\/v2\/pages"}],"about":[{"href":"https:\/\/www.adyendre.hr\/hu\/wp-json\/wp\/v2\/types\/page"}],"author":[{"embeddable":true,"href":"https:\/\/www.adyendre.hr\/hu\/wp-json\/wp\/v2\/users\/1"}],"replies":[{"embeddable":true,"href":"https:\/\/www.adyendre.hr\/hu\/wp-json\/wp\/v2\/comments?post=2273"}],"version-history":[{"count":10,"href":"https:\/\/www.adyendre.hr\/hu\/wp-json\/wp\/v2\/pages\/2273\/revisions"}],"predecessor-version":[{"id":2300,"href":"https:\/\/www.adyendre.hr\/hu\/wp-json\/wp\/v2\/pages\/2273\/revisions\/2300"}],"wp:attachment":[{"href":"https:\/\/www.adyendre.hr\/hu\/wp-json\/wp\/v2\/media?parent=2273"}],"curies":[{"name":"wp","href":"https:\/\/api.w.org\/{rel}","templated":true}]}}