{"id":2253,"date":"2022-09-11T23:10:14","date_gmt":"2022-09-11T21:10:14","guid":{"rendered":"https:\/\/www.adyendre.hr\/rolunk\/"},"modified":"2024-04-02T15:47:39","modified_gmt":"2024-04-02T13:47:39","slug":"rolunk","status":"publish","type":"page","link":"https:\/\/www.adyendre.hr\/hu\/rolunk\/","title":{"rendered":"R\u00f3lunk"},"content":{"rendered":"\t\t<div data-elementor-type=\"wp-page\" data-elementor-id=\"2253\" class=\"elementor elementor-2253 elementor-338\">\n\t\t\t\t\t\t<section class=\"elementor-section elementor-top-section elementor-element elementor-element-6ed362a elementor-section-full_width elementor-section-height-default elementor-section-height-default\" data-id=\"6ed362a\" data-element_type=\"section\" data-e-type=\"section\">\n\t\t\t\t\t\t<div class=\"elementor-container elementor-column-gap-default\">\n\t\t\t\t\t<div class=\"elementor-column elementor-col-100 elementor-top-column elementor-element elementor-element-47ab369\" data-id=\"47ab369\" data-element_type=\"column\" data-e-type=\"column\">\n\t\t\t<div class=\"elementor-widget-wrap elementor-element-populated\">\n\t\t\t\t\t\t<div class=\"elementor-element elementor-element-8254ab1 sec-title events-title elementor-widget elementor-widget-heading\" data-id=\"8254ab1\" data-element_type=\"widget\" data-e-type=\"widget\" data-widget_type=\"heading.default\">\n\t\t\t\t<div class=\"elementor-widget-container\">\n\t\t\t\t\t<h1 class=\"elementor-heading-title elementor-size-default\">R\u00f3lunk\n<div class=\"title-shape mt-3 mx-auto\"><\/div><\/h1>\t\t\t\t<\/div>\n\t\t\t\t<\/div>\n\t\t\t\t\t<\/div>\n\t\t<\/div>\n\t\t\t\t\t<\/div>\n\t\t<\/section>\n\t\t\t\t<section class=\"elementor-section elementor-top-section elementor-element elementor-element-5a833ec elementor-section-full_width elementor-section-height-default elementor-section-height-default\" data-id=\"5a833ec\" data-element_type=\"section\" data-e-type=\"section\">\n\t\t\t\t\t\t<div class=\"elementor-container elementor-column-gap-default\">\n\t\t\t\t\t<div class=\"elementor-column elementor-col-100 elementor-top-column elementor-element elementor-element-d17f20b\" data-id=\"d17f20b\" data-element_type=\"column\" data-e-type=\"column\">\n\t\t\t<div class=\"elementor-widget-wrap elementor-element-populated\">\n\t\t\t\t\t\t<section class=\"elementor-section elementor-inner-section elementor-element elementor-element-0253d90 elementor-section-boxed elementor-section-height-default elementor-section-height-default\" data-id=\"0253d90\" data-element_type=\"section\" data-e-type=\"section\">\n\t\t\t\t\t\t<div class=\"elementor-container elementor-column-gap-default\">\n\t\t\t\t\t<div class=\"elementor-column elementor-col-100 elementor-inner-column elementor-element elementor-element-2c0df8e\" data-id=\"2c0df8e\" data-element_type=\"column\" data-e-type=\"column\">\n\t\t\t<div class=\"elementor-widget-wrap elementor-element-populated\">\n\t\t\t\t\t\t<div class=\"elementor-element elementor-element-26ca832 elementor-widget elementor-widget-text-editor\" data-id=\"26ca832\" data-element_type=\"widget\" data-e-type=\"widget\" data-widget_type=\"text-editor.default\">\n\t\t\t\t<div class=\"elementor-widget-container\">\n\t\t\t\t\t\t\t\t\t<p>A Z\u00e1gr\u00e1bi Ady Endre Magyar Kult\u00fark\u00f6rt 1932-ben alap\u00edtott\u00e1k z\u00e1gr\u00e1bi magyarok, valamint vajdas\u00e1gi \u00e9s horv\u00e1torsz\u00e1gi magyarok, akik Z\u00e1gr\u00e1bban tanultak. A Kult\u00fark\u00f6r a 60-as \u00e9s 70-es \u00e9vekben \u00e9lte aranykor\u00e1t, amikor is \u00e9vente mintegy \u00f6tven di\u00e1k\/egyetemista \u00e9rkezett a horv\u00e1t f\u0151v\u00e1rosba Vajdas\u00e1gb\u00f3l, Szlav\u00f3ni\u00e1b\u00f3l \u00e9s Barany\u00e1b\u00f3l. Ezeknek a di\u00e1koknak a K\u00f6r jelentette a m\u00e1sodik otthont, a legfontosabb feladat pedig a magyar kult\u00fara \u00e9s szok\u00e1sok \u00e1pol\u00e1sa volt.   <\/p>\n<p>Az Ady Endre Kult\u00fark\u00f6r tev\u00e9kenys\u00e9gi k\u00f6re igen sz\u00e9les: sz\u00ednj\u00e1tsz\u00f3 t\u00e1rsulat, zenei csoport, vegyes k\u00f3rus \u00e9s asztalitenisz tagozat, valamint citeratanfolyam tart\u00e1sa \u00e9s n\u00e9pt\u00e1nc tanul\u00e1sa.<\/p>\n<p>A K\u00f6rben rendszeresen meg\u00fcnnepelj\u00fck a magyar nemzeti \u00fcnnepeket, valamint hagyom\u00e1ny\u00e1pol\u00f3 irodalmi \u00e9s kult\u00far\u00e1lis esteket, programokat szervez\u00fcnk.<\/p>\n<p>Egy\u00fcttm\u00fak\u00f6d\u00fcnk m\u00e1s horv\u00e1torsz\u00e1gi \u00e9s magyarorsz\u00e1gi magyar egyes\u00fcletekkel, \u00e9s j\u00f3 kapcsolatot \u00e1polunk Jankovics R\u00f3bert magyar orsz\u00e1ggy\u00fcl\u00e9si k\u00e9pvisel\u0151vel is.<\/p>\n\t\t\t\t\t\t\t\t<\/div>\n\t\t\t\t<\/div>\n\t\t\t\t\t<\/div>\n\t\t<\/div>\n\t\t\t\t\t<\/div>\n\t\t<\/section>\n\t\t\t\t\t<\/div>\n\t\t<\/div>\n\t\t\t\t\t<\/div>\n\t\t<\/section>\n\t\t\t\t<section class=\"elementor-section elementor-top-section elementor-element elementor-element-ca572bc elementor-section-full_width elementor-section-height-default elementor-section-height-default\" data-id=\"ca572bc\" data-element_type=\"section\" data-e-type=\"section\">\n\t\t\t\t\t\t<div class=\"elementor-container elementor-column-gap-default\">\n\t\t\t\t\t<div class=\"elementor-column elementor-col-100 elementor-top-column elementor-element elementor-element-b8047b9\" data-id=\"b8047b9\" data-element_type=\"column\" data-e-type=\"column\">\n\t\t\t<div class=\"elementor-widget-wrap elementor-element-populated\">\n\t\t\t\t\t\t<div class=\"elementor-element elementor-element-0d58496 elementor-widget elementor-widget-whitehall_our_history\" data-id=\"0d58496\" data-element_type=\"widget\" data-e-type=\"widget\" data-widget_type=\"whitehall_our_history.default\">\n\t\t\t\t<div class=\"elementor-widget-container\">\n\t\t\t\t\t\t\n    <!-- history-section -->\n    <section class=\"history-section\">\n                <div class=\"auto-container\">\n            <div class=\"row clearfix\">\n                                <div class=\"col-lg-4 col-md-12 col-sm-12 title-column\">\n                    <div class=\"sec-title\">\n                                                <h2>A Kult\u00fark\u00f6r t\u00f6rt\u00e9nelme<\/h2>\n                        <div class=\"title-shape\"><\/div>                        <p>A legfontosabb esem\u00e9nyek a K\u00f6r alap\u00edt\u00e1s\u00e1t\u00f3l napjainkig<\/p>                    <\/div>\n                <\/div>\n                                <div class=\"col-lg-8 col-md-12 col-sm-12 inner-column\">\n                    <div class=\"inner-box\">\n                                                                        <div class=\"single-item style-one\">\n                                                        <figure class=\"image-box\"><img decoding=\"async\" src=\"https:\/\/www.adyendre.hr\/wp-content\/uploads\/2022\/12\/ady-logo.png\" alt=\"Awesome Image\"><\/figure>\n                                                        <div class=\"text\">\n                                <span>1932<\/span>\n                                <h6>Z\u00e1gr\u00e1b<\/h6>\n                                <h4>A Kult\u00fark\u00f6r alap\u00edt\u00e1sa<\/h4>\n                                <p>A Kult\u00fark\u00f6r\/Egyes\u00fclet 1932. j\u00fanius 19-\u00e9n alakult, amikor 64 di\u00e1k megalap\u00edtotta a z\u00e1gr\u00e1bi Magyar Akad\u00e9mikusok Kultur\u00e1lis Egyes\u00fclet\u00e9t a Tvrtkova utcai koll\u00e9giumban.<\/p>\n                            <\/div>\n                        <\/div>\n                                                                                                <div class=\"single-item style-two text-right\">\n                                                        <figure class=\"image-box\"><img decoding=\"async\" src=\"https:\/\/www.adyendre.hr\/wp-content\/uploads\/2023\/03\/pro-cultura-e1677759738907.jpg\" alt=\"Awesome Image\"><\/figure>\n                                                        <div class=\"text\">\n                                <span>1992<\/span>\n                                <h6><\/h6>\n                                <h4>Plakett<\/h4>\n                                <p>Magyarorsz\u00e1g kultur\u00e1lis \u00e9s oktat\u00e1si minisztere \u00e9rt\u00e9kes Pro Cultura Hungarica plakettet adom\u00e1nyozott az Egyes\u00fcletnek<\/p>\n                            <\/div>\n                        <\/div>                        \n                                                                                                <div class=\"single-item style-one\">\n                                                        <figure class=\"image-box\"><img decoding=\"async\" src=\"https:\/\/www.adyendre.hr\/wp-content\/uploads\/2023\/03\/marticeva-e1677759688341.jpg\" alt=\"Awesome Image\"><\/figure>\n                                                        <div class=\"text\">\n                                <span>2007<\/span>\n                                <h6><\/h6>\n                                <h4>Sz\u00e9khely v\u00e1ltoztat\u00e1s<\/h4>\n                                <p>Az \u00e1llami vagyonkzel\u00e9ssel foglalkoz\u00f3 K\u00f6zponti \u00c1llami Hivatal a Marticeva 8. sz\u00e1m alatti helyis\u00e9get k\u00edn\u00e1lja a K\u00f6rnek.<\/p>\n                            <\/div>\n                        <\/div>\n                                                                                                <div class=\"single-item style-two text-right\">\n                                                        <figure class=\"image-box\"><img decoding=\"async\" src=\"https:\/\/www.adyendre.hr\/wp-content\/uploads\/2023\/03\/06_ady_jubileum-10-e1677830055884.jpg\" alt=\"Awesome Image\"><\/figure>\n                                                        <div class=\"text\">\n                                <span>2022<\/span>\n                                <h6><\/h6>\n                                <h4>90. \u00e9vfordul\u00f3<\/h4>\n                                <p>A K\u00f6r 2022-ben \u00fcnnepelte fenn\u00e1ll\u00e1s\u00e1nak 90. \u00e9vfordul\u00f3j\u00e1t.<\/p>\n                            <\/div>\n                        <\/div>                        \n                                                                    <\/div>\n                <\/div>\n            <\/div>\n        <\/div>\n    <\/section>\n    <!-- history-section -->    \n         \n        \t\t\t\t<\/div>\n\t\t\t\t<\/div>\n\t\t\t\t\t<\/div>\n\t\t<\/div>\n\t\t\t\t\t<\/div>\n\t\t<\/section>\n\t\t\t\t<\/div>\n\t\t","protected":false},"excerpt":{"rendered":"<p>R\u00f3lunk A Z\u00e1gr\u00e1bi Ady Endre Magyar Kult\u00fark\u00f6rt 1932-ben alap\u00edtott\u00e1k z\u00e1gr\u00e1bi magyarok, valamint vajdas\u00e1gi \u00e9s horv\u00e1torsz\u00e1gi magyarok, akik Z\u00e1gr\u00e1bban tanultak. A Kult\u00fark\u00f6r a 60-as \u00e9s &#8230;<\/p>\n","protected":false},"author":1,"featured_media":0,"parent":0,"menu_order":0,"comment_status":"closed","ping_status":"closed","template":"tpl-default-elementor.php","meta":{"footnotes":""},"class_list":["post-2253","page","type-page","status-publish","hentry"],"yoast_head":"<!-- This site is optimized with the Yoast SEO plugin v27.5 - https:\/\/yoast.com\/product\/yoast-seo-wordpress\/ -->\n<title>R\u00f3lunk - Ady Endre Kult\u00fark\u00f6r<\/title>\n<meta name=\"robots\" content=\"index, follow, max-snippet:-1, max-image-preview:large, max-video-preview:-1\" \/>\n<link rel=\"canonical\" href=\"https:\/\/www.adyendre.hr\/hu\/rolunk\/\" \/>\n<meta property=\"og:locale\" content=\"hu_HU\" \/>\n<meta property=\"og:type\" content=\"article\" \/>\n<meta property=\"og:title\" content=\"R\u00f3lunk - Ady Endre Kult\u00fark\u00f6r\" \/>\n<meta property=\"og:description\" content=\"R\u00f3lunk A Z\u00e1gr\u00e1bi Ady Endre Magyar Kult\u00fark\u00f6rt 1932-ben alap\u00edtott\u00e1k z\u00e1gr\u00e1bi magyarok, valamint vajdas\u00e1gi \u00e9s horv\u00e1torsz\u00e1gi magyarok, akik Z\u00e1gr\u00e1bban tanultak. A Kult\u00fark\u00f6r a 60-as \u00e9s ...\" \/>\n<meta property=\"og:url\" content=\"https:\/\/www.adyendre.hr\/hu\/rolunk\/\" \/>\n<meta property=\"og:site_name\" content=\"Ady Endre Kult\u00fark\u00f6r\" \/>\n<meta property=\"article:modified_time\" content=\"2024-04-02T13:47:39+00:00\" \/>\n<meta property=\"og:image\" content=\"https:\/\/www.adyendre.hr\/wp-content\/uploads\/2022\/12\/ady-logo.png\" \/>\n<meta name=\"twitter:card\" content=\"summary_large_image\" \/>\n<meta name=\"twitter:label1\" content=\"Becs\u00fclt olvas\u00e1si id\u0151\" \/>\n\t<meta name=\"twitter:data1\" content=\"2 perc\" \/>\n<script type=\"application\/ld+json\" class=\"yoast-schema-graph\">{\"@context\":\"https:\\\/\\\/schema.org\",\"@graph\":[{\"@type\":\"WebPage\",\"@id\":\"https:\\\/\\\/www.adyendre.hr\\\/hu\\\/rolunk\\\/\",\"url\":\"https:\\\/\\\/www.adyendre.hr\\\/hu\\\/rolunk\\\/\",\"name\":\"R\u00f3lunk - Ady Endre Kult\u00fark\u00f6r\",\"isPartOf\":{\"@id\":\"https:\\\/\\\/www.adyendre.hr\\\/hu\\\/#website\"},\"primaryImageOfPage\":{\"@id\":\"https:\\\/\\\/www.adyendre.hr\\\/hu\\\/rolunk\\\/#primaryimage\"},\"image\":{\"@id\":\"https:\\\/\\\/www.adyendre.hr\\\/hu\\\/rolunk\\\/#primaryimage\"},\"thumbnailUrl\":\"https:\\\/\\\/www.adyendre.hr\\\/wp-content\\\/uploads\\\/2022\\\/12\\\/ady-logo.png\",\"datePublished\":\"2022-09-11T21:10:14+00:00\",\"dateModified\":\"2024-04-02T13:47:39+00:00\",\"breadcrumb\":{\"@id\":\"https:\\\/\\\/www.adyendre.hr\\\/hu\\\/rolunk\\\/#breadcrumb\"},\"inLanguage\":\"hu\",\"potentialAction\":[{\"@type\":\"ReadAction\",\"target\":[\"https:\\\/\\\/www.adyendre.hr\\\/hu\\\/rolunk\\\/\"]}]},{\"@type\":\"ImageObject\",\"inLanguage\":\"hu\",\"@id\":\"https:\\\/\\\/www.adyendre.hr\\\/hu\\\/rolunk\\\/#primaryimage\",\"url\":\"https:\\\/\\\/www.adyendre.hr\\\/wp-content\\\/uploads\\\/2022\\\/12\\\/ady-logo.png\",\"contentUrl\":\"https:\\\/\\\/www.adyendre.hr\\\/wp-content\\\/uploads\\\/2022\\\/12\\\/ady-logo.png\"},{\"@type\":\"BreadcrumbList\",\"@id\":\"https:\\\/\\\/www.adyendre.hr\\\/hu\\\/rolunk\\\/#breadcrumb\",\"itemListElement\":[{\"@type\":\"ListItem\",\"position\":1,\"name\":\"Home\",\"item\":\"https:\\\/\\\/www.adyendre.hr\\\/hu\\\/\"},{\"@type\":\"ListItem\",\"position\":2,\"name\":\"R\u00f3lunk\"}]},{\"@type\":\"WebSite\",\"@id\":\"https:\\\/\\\/www.adyendre.hr\\\/hu\\\/#website\",\"url\":\"https:\\\/\\\/www.adyendre.hr\\\/hu\\\/\",\"name\":\"Ady Endre Kult\u00fark\u00f6r\",\"description\":\"\",\"publisher\":{\"@id\":\"https:\\\/\\\/www.adyendre.hr\\\/hu\\\/#organization\"},\"potentialAction\":[{\"@type\":\"SearchAction\",\"target\":{\"@type\":\"EntryPoint\",\"urlTemplate\":\"https:\\\/\\\/www.adyendre.hr\\\/hu\\\/?s={search_term_string}\"},\"query-input\":{\"@type\":\"PropertyValueSpecification\",\"valueRequired\":true,\"valueName\":\"search_term_string\"}}],\"inLanguage\":\"hu\"},{\"@type\":\"Organization\",\"@id\":\"https:\\\/\\\/www.adyendre.hr\\\/hu\\\/#organization\",\"name\":\"Ady Endre Kult\u00fark\u00f6r\",\"url\":\"https:\\\/\\\/www.adyendre.hr\\\/hu\\\/\",\"logo\":{\"@type\":\"ImageObject\",\"inLanguage\":\"hu\",\"@id\":\"https:\\\/\\\/www.adyendre.hr\\\/hu\\\/#\\\/schema\\\/logo\\\/image\\\/\",\"url\":\"https:\\\/\\\/www.adyendre.hr\\\/wp-content\\\/uploads\\\/2022\\\/09\\\/logo.png\",\"contentUrl\":\"https:\\\/\\\/www.adyendre.hr\\\/wp-content\\\/uploads\\\/2022\\\/09\\\/logo.png\",\"width\":170,\"height\":50,\"caption\":\"Ady Endre Kult\u00fark\u00f6r\"},\"image\":{\"@id\":\"https:\\\/\\\/www.adyendre.hr\\\/hu\\\/#\\\/schema\\\/logo\\\/image\\\/\"}}]}<\/script>\n<!-- \/ Yoast SEO plugin. -->","yoast_head_json":{"title":"R\u00f3lunk - Ady Endre Kult\u00fark\u00f6r","robots":{"index":"index","follow":"follow","max-snippet":"max-snippet:-1","max-image-preview":"max-image-preview:large","max-video-preview":"max-video-preview:-1"},"canonical":"https:\/\/www.adyendre.hr\/hu\/rolunk\/","og_locale":"hu_HU","og_type":"article","og_title":"R\u00f3lunk - Ady Endre Kult\u00fark\u00f6r","og_description":"R\u00f3lunk A Z\u00e1gr\u00e1bi Ady Endre Magyar Kult\u00fark\u00f6rt 1932-ben alap\u00edtott\u00e1k z\u00e1gr\u00e1bi magyarok, valamint vajdas\u00e1gi \u00e9s horv\u00e1torsz\u00e1gi magyarok, akik Z\u00e1gr\u00e1bban tanultak. A Kult\u00fark\u00f6r a 60-as \u00e9s ...","og_url":"https:\/\/www.adyendre.hr\/hu\/rolunk\/","og_site_name":"Ady Endre Kult\u00fark\u00f6r","article_modified_time":"2024-04-02T13:47:39+00:00","og_image":[{"url":"https:\/\/www.adyendre.hr\/wp-content\/uploads\/2022\/12\/ady-logo.png","type":"","width":"","height":""}],"twitter_card":"summary_large_image","twitter_misc":{"Becs\u00fclt olvas\u00e1si id\u0151":"2 perc"},"schema":{"@context":"https:\/\/schema.org","@graph":[{"@type":"WebPage","@id":"https:\/\/www.adyendre.hr\/hu\/rolunk\/","url":"https:\/\/www.adyendre.hr\/hu\/rolunk\/","name":"R\u00f3lunk - Ady Endre Kult\u00fark\u00f6r","isPartOf":{"@id":"https:\/\/www.adyendre.hr\/hu\/#website"},"primaryImageOfPage":{"@id":"https:\/\/www.adyendre.hr\/hu\/rolunk\/#primaryimage"},"image":{"@id":"https:\/\/www.adyendre.hr\/hu\/rolunk\/#primaryimage"},"thumbnailUrl":"https:\/\/www.adyendre.hr\/wp-content\/uploads\/2022\/12\/ady-logo.png","datePublished":"2022-09-11T21:10:14+00:00","dateModified":"2024-04-02T13:47:39+00:00","breadcrumb":{"@id":"https:\/\/www.adyendre.hr\/hu\/rolunk\/#breadcrumb"},"inLanguage":"hu","potentialAction":[{"@type":"ReadAction","target":["https:\/\/www.adyendre.hr\/hu\/rolunk\/"]}]},{"@type":"ImageObject","inLanguage":"hu","@id":"https:\/\/www.adyendre.hr\/hu\/rolunk\/#primaryimage","url":"https:\/\/www.adyendre.hr\/wp-content\/uploads\/2022\/12\/ady-logo.png","contentUrl":"https:\/\/www.adyendre.hr\/wp-content\/uploads\/2022\/12\/ady-logo.png"},{"@type":"BreadcrumbList","@id":"https:\/\/www.adyendre.hr\/hu\/rolunk\/#breadcrumb","itemListElement":[{"@type":"ListItem","position":1,"name":"Home","item":"https:\/\/www.adyendre.hr\/hu\/"},{"@type":"ListItem","position":2,"name":"R\u00f3lunk"}]},{"@type":"WebSite","@id":"https:\/\/www.adyendre.hr\/hu\/#website","url":"https:\/\/www.adyendre.hr\/hu\/","name":"Ady Endre Kult\u00fark\u00f6r","description":"","publisher":{"@id":"https:\/\/www.adyendre.hr\/hu\/#organization"},"potentialAction":[{"@type":"SearchAction","target":{"@type":"EntryPoint","urlTemplate":"https:\/\/www.adyendre.hr\/hu\/?s={search_term_string}"},"query-input":{"@type":"PropertyValueSpecification","valueRequired":true,"valueName":"search_term_string"}}],"inLanguage":"hu"},{"@type":"Organization","@id":"https:\/\/www.adyendre.hr\/hu\/#organization","name":"Ady Endre Kult\u00fark\u00f6r","url":"https:\/\/www.adyendre.hr\/hu\/","logo":{"@type":"ImageObject","inLanguage":"hu","@id":"https:\/\/www.adyendre.hr\/hu\/#\/schema\/logo\/image\/","url":"https:\/\/www.adyendre.hr\/wp-content\/uploads\/2022\/09\/logo.png","contentUrl":"https:\/\/www.adyendre.hr\/wp-content\/uploads\/2022\/09\/logo.png","width":170,"height":50,"caption":"Ady Endre Kult\u00fark\u00f6r"},"image":{"@id":"https:\/\/www.adyendre.hr\/hu\/#\/schema\/logo\/image\/"}}]}},"_links":{"self":[{"href":"https:\/\/www.adyendre.hr\/hu\/wp-json\/wp\/v2\/pages\/2253","targetHints":{"allow":["GET"]}}],"collection":[{"href":"https:\/\/www.adyendre.hr\/hu\/wp-json\/wp\/v2\/pages"}],"about":[{"href":"https:\/\/www.adyendre.hr\/hu\/wp-json\/wp\/v2\/types\/page"}],"author":[{"embeddable":true,"href":"https:\/\/www.adyendre.hr\/hu\/wp-json\/wp\/v2\/users\/1"}],"replies":[{"embeddable":true,"href":"https:\/\/www.adyendre.hr\/hu\/wp-json\/wp\/v2\/comments?post=2253"}],"version-history":[{"count":7,"href":"https:\/\/www.adyendre.hr\/hu\/wp-json\/wp\/v2\/pages\/2253\/revisions"}],"predecessor-version":[{"id":2263,"href":"https:\/\/www.adyendre.hr\/hu\/wp-json\/wp\/v2\/pages\/2253\/revisions\/2263"}],"wp:attachment":[{"href":"https:\/\/www.adyendre.hr\/hu\/wp-json\/wp\/v2\/media?parent=2253"}],"curies":[{"name":"wp","href":"https:\/\/api.w.org\/{rel}","templated":true}]}}