{"id":2244,"date":"2022-09-11T23:10:53","date_gmt":"2022-09-11T21:10:53","guid":{"rendered":"https:\/\/www.adyendre.hr\/tagsag\/"},"modified":"2024-04-02T15:25:24","modified_gmt":"2024-04-02T13:25:24","slug":"tagsag","status":"publish","type":"page","link":"https:\/\/www.adyendre.hr\/hu\/tagsag\/","title":{"rendered":"Tags\u00e1g"},"content":{"rendered":"\t\t<div data-elementor-type=\"wp-page\" data-elementor-id=\"2244\" class=\"elementor elementor-2244 elementor-340\">\n\t\t\t\t\t\t<section class=\"elementor-section elementor-top-section elementor-element elementor-element-2218b4a elementor-section-full_width elementor-section-height-default elementor-section-height-default\" data-id=\"2218b4a\" data-element_type=\"section\" data-e-type=\"section\">\n\t\t\t\t\t\t<div class=\"elementor-container elementor-column-gap-default\">\n\t\t\t\t\t<div class=\"elementor-column elementor-col-100 elementor-top-column elementor-element elementor-element-7f9e760\" data-id=\"7f9e760\" data-element_type=\"column\" data-e-type=\"column\">\n\t\t\t<div class=\"elementor-widget-wrap elementor-element-populated\">\n\t\t\t\t\t\t<div class=\"elementor-element elementor-element-d0ff232 sec-title events-title elementor-widget elementor-widget-heading\" data-id=\"d0ff232\" data-element_type=\"widget\" data-e-type=\"widget\" data-widget_type=\"heading.default\">\n\t\t\t\t<div class=\"elementor-widget-container\">\n\t\t\t\t\t<h1 class=\"elementor-heading-title elementor-size-default\">Tags\u00e1g\n<div class=\"title-shape mt-3 mx-auto\"><\/div><\/h1>\t\t\t\t<\/div>\n\t\t\t\t<\/div>\n\t\t\t\t\t<\/div>\n\t\t<\/div>\n\t\t\t\t\t<\/div>\n\t\t<\/section>\n\t\t\t\t<section class=\"elementor-section elementor-top-section elementor-element elementor-element-6f2b8e1 elementor-section-full_width elementor-section-height-default elementor-section-height-default\" data-id=\"6f2b8e1\" data-element_type=\"section\" data-e-type=\"section\">\n\t\t\t\t\t\t<div class=\"elementor-container elementor-column-gap-default\">\n\t\t\t\t\t<div class=\"elementor-column elementor-col-100 elementor-top-column elementor-element elementor-element-c9833ec\" data-id=\"c9833ec\" data-element_type=\"column\" data-e-type=\"column\">\n\t\t\t<div class=\"elementor-widget-wrap elementor-element-populated\">\n\t\t\t\t\t\t<section class=\"elementor-section elementor-inner-section elementor-element elementor-element-d5c7feb elementor-section-boxed elementor-section-height-default elementor-section-height-default\" data-id=\"d5c7feb\" data-element_type=\"section\" data-e-type=\"section\">\n\t\t\t\t\t\t<div class=\"elementor-container elementor-column-gap-default\">\n\t\t\t\t\t<div class=\"elementor-column elementor-col-100 elementor-inner-column elementor-element elementor-element-d47b2f7\" data-id=\"d47b2f7\" data-element_type=\"column\" data-e-type=\"column\">\n\t\t\t<div class=\"elementor-widget-wrap elementor-element-populated\">\n\t\t\t\t\t\t<div class=\"elementor-element elementor-element-d4e0ea3 elementor-widget elementor-widget-text-editor\" data-id=\"d4e0ea3\" data-element_type=\"widget\" data-e-type=\"widget\" data-widget_type=\"text-editor.default\">\n\t\t\t\t<div class=\"elementor-widget-container\">\n\t\t\t\t\t\t\t\t\t<p>Amennyiben szeretetet \u00e9rzel a magyar m\u0171v\u00e9szet, irodalom \u00e9s n\u00e9pszok\u00e1sok ir\u00e1nt, csatlakozz hozz\u00e1nk, hogy egy\u00fctt \u00e1poljuk \u00e9s n\u00e9pszer\u0171s\u00edts\u00fck kultur\u00e1lis \u00f6r\u00f6ks\u00e9g\u00fcnk gazdags\u00e1g\u00e1t.<\/p>\n<p>\u00d6r\u00fcl\u00fcnk \u00e9rkez\u00e9sednek \u00e9s a k\u00f6z\u00f6s egy\u00fcttm\u0171k\u00f6d\u00e9snek a magyar kult\u00fara \u00e9s szok\u00e1sok meg\u0151rz\u00e9se \u00e9s n\u00e9pszer\u0171s\u00edt\u00e9se \u00e9rdek\u00e9ben<\/p>\n<p>A munkaviszonyban l\u00e9v\u0151k \u00e9ves tags\u00e1gi d\u00edja fejenk\u00e9nt 50 eur\u00f3, a nyugd\u00edjasoknak, di\u00e1koknak \u00e9s a munkan\u00e9lk\u00fclieknek 30 eur\u00f3. Gyermekek 12 \u00e9ves korig nem fizetnek tagd\u00edjat. <\/p>\n<p>A tagd\u00edj foly\u00f3 \u00e9v janu\u00e1r 1-t\u0151l december 31-ig \u00e9rv\u00e9nyes.  <\/p>\n<p>Jelentkez\u00e9shez t\u00f6ltsd ki az \u0171rlapot:<\/p>\n\t\t\t\t\t\t\t\t<\/div>\n\t\t\t\t<\/div>\n\t\t\t\t\t<\/div>\n\t\t<\/div>\n\t\t\t\t\t<\/div>\n\t\t<\/section>\n\t\t\t\t\t<\/div>\n\t\t<\/div>\n\t\t\t\t\t<\/div>\n\t\t<\/section>\n\t\t\t\t<section class=\"elementor-section elementor-top-section elementor-element elementor-element-0e065e7 elementor-section-full_width elementor-section-height-default elementor-section-height-default\" data-id=\"0e065e7\" data-element_type=\"section\" data-e-type=\"section\">\n\t\t\t\t\t\t<div class=\"elementor-container elementor-column-gap-default\">\n\t\t\t\t\t<div class=\"elementor-column elementor-col-100 elementor-top-column elementor-element elementor-element-f77672f\" data-id=\"f77672f\" data-element_type=\"column\" data-e-type=\"column\">\n\t\t\t<div class=\"elementor-widget-wrap elementor-element-populated\">\n\t\t\t\t\t\t<div class=\"elementor-element elementor-element-263894d elementor-widget elementor-widget-whitehall_donation_section\" data-id=\"263894d\" data-element_type=\"widget\" data-e-type=\"widget\" data-widget_type=\"whitehall_donation_section.default\">\n\t\t\t\t<div class=\"elementor-widget-container\">\n\t\t\t\t\t\t\n    <!-- donation-section -->\n    <section class=\"donation-section mt-5\">\n        <div class=\"auto-container\">\n                        <div class=\"row clearfix\">\n                <div class=\"col-lg-8 col-md-12 col-sm-12 big-column mx-auto\">\n                    <div class=\"content_block_9\">\n                        <div class=\"content-box\">\n                            <div class=\"row clearfix\">\n                                                                <div class=\"col-lg-12 col-md-12 col-sm-12 donation-column\">\n                                    <div class=\"donation-box\">\n                                        <div class=\"tabs-box\">\n                                            <div class=\"tab-btn-box centred\">\n                                                <ul class=\"tab-btns tab-buttons clearfix\">\n                                                                                                        <li class=\"tab-btn \" data-tab=\"#tab-1\">Adom\u00e1ny<\/li>\n                                                                                                        <li class=\"tab-btn active-btn\" data-tab=\"#tab-2\">Tags\u00e1g<\/li>\n                                                                                                    <\/ul>\n                                            <\/div>\n                                            <div class=\"tabs-content\">\n                                                                                                <div class=\"tab \" id=\"tab-1\">\n                                                    <div class=\"donation-form\">\n                                                        \n<div class=\"wpcf7 no-js\" id=\"wpcf7-f2249-o1\" lang=\"hu-HU\" dir=\"ltr\" data-wpcf7-id=\"2249\">\n<div class=\"screen-reader-response\"><p role=\"status\" aria-live=\"polite\" aria-atomic=\"true\"><\/p> <ul><\/ul><\/div>\n<form action=\"\/hu\/wp-json\/wp\/v2\/pages\/2244#wpcf7-f2249-o1\" method=\"post\" class=\"wpcf7-form init\" aria-label=\"Kapcsolatfelv\u00e9teli \u0171rlap\" novalidate=\"novalidate\" data-status=\"init\">\n<fieldset class=\"hidden-fields-container\"><input type=\"hidden\" name=\"_wpcf7\" value=\"2249\" \/><input type=\"hidden\" name=\"_wpcf7_version\" value=\"6.1.5\" \/><input type=\"hidden\" name=\"_wpcf7_locale\" value=\"hu_HU\" \/><input type=\"hidden\" name=\"_wpcf7_unit_tag\" value=\"wpcf7-f2249-o1\" \/><input type=\"hidden\" name=\"_wpcf7_container_post\" value=\"0\" \/><input type=\"hidden\" name=\"_wpcf7_posted_data_hash\" value=\"\" \/><input type=\"hidden\" name=\"_wpcf7_recaptcha_response\" value=\"\" \/>\n<\/fieldset>\n<p>Az adom\u00e1nyokat az IBAN-ra lehet befizetni: HR2624020061101007372\n<\/p><div class=\"wpcf7-response-output\" aria-hidden=\"true\"><\/div>\n<\/form>\n<\/div>\n                                                    <\/div>\n                                                <\/div>\n                                                                                                <div class=\"tab active-tab\" id=\"tab-2\">\n                                                    <div class=\"donation-form\">\n                                                        \n<div class=\"wpcf7 no-js\" id=\"wpcf7-f2248-o2\" lang=\"hu-HU\" dir=\"ltr\" data-wpcf7-id=\"2248\">\n<div class=\"screen-reader-response\"><p role=\"status\" aria-live=\"polite\" aria-atomic=\"true\"><\/p> <ul><\/ul><\/div>\n<form action=\"\/hu\/wp-json\/wp\/v2\/pages\/2244#wpcf7-f2248-o2\" method=\"post\" class=\"wpcf7-form init\" aria-label=\"Kapcsolatfelv\u00e9teli \u0171rlap\" novalidate=\"novalidate\" data-status=\"init\">\n<fieldset class=\"hidden-fields-container\"><input type=\"hidden\" name=\"_wpcf7\" value=\"2248\" \/><input type=\"hidden\" name=\"_wpcf7_version\" value=\"6.1.5\" \/><input type=\"hidden\" name=\"_wpcf7_locale\" value=\"hu_HU\" \/><input type=\"hidden\" name=\"_wpcf7_unit_tag\" value=\"wpcf7-f2248-o2\" \/><input type=\"hidden\" name=\"_wpcf7_container_post\" value=\"0\" \/><input type=\"hidden\" name=\"_wpcf7_posted_data_hash\" value=\"\" \/><input type=\"hidden\" name=\"_wpcf7_recaptcha_response\" value=\"\" \/>\n<\/fieldset>\n<div class=\"form-group\">\n\t<p><span class=\"wpcf7-form-control-wrap\" data-name=\"application-type\"><select class=\"wpcf7-form-control wpcf7-select\" aria-invalid=\"false\" name=\"application-type\"><option value=\"Standard tags\u00e1g\">Standard tags\u00e1g<\/option><option value=\"Kiv\u00e1lts\u00e1gos tags\u00e1g (nyugd\u00edjasok, di\u00e1kok, munkan\u00e9lk\u00fcliek)\">Kiv\u00e1lts\u00e1gos tags\u00e1g (nyugd\u00edjasok, di\u00e1kok, munkan\u00e9lk\u00fcliek)<\/option><\/select><\/span>\n\t<\/p>\n<\/div>\n<div class=\"form-group\">\n\t<p><span class=\"wpcf7-form-control-wrap\" data-name=\"first-last\"><input size=\"40\" maxlength=\"400\" class=\"wpcf7-form-control wpcf7-text wpcf7-validates-as-required\" aria-required=\"true\" aria-invalid=\"false\" placeholder=\"Csal\u00e1di n\u00e9v \u00e9s n\u00e9v\" value=\"\" type=\"text\" name=\"first-last\" \/><\/span>\n\t<\/p>\n<\/div>\n<div class=\"form-group\">\n\t<p><span class=\"wpcf7-form-control-wrap\" data-name=\"email-address\"><input size=\"40\" maxlength=\"400\" class=\"wpcf7-form-control wpcf7-email wpcf7-validates-as-required wpcf7-text wpcf7-validates-as-email\" aria-required=\"true\" aria-invalid=\"false\" placeholder=\"E-mail c\u00edm\" value=\"\" type=\"email\" name=\"email-address\" \/><\/span>\n\t<\/p>\n<\/div>\n<div class=\"form-group\">\n\t<p><span class=\"wpcf7-form-control-wrap\" data-name=\"oib\"><input size=\"40\" maxlength=\"400\" class=\"wpcf7-form-control wpcf7-text wpcf7-validates-as-required\" aria-required=\"true\" aria-invalid=\"false\" placeholder=\"OIB\" value=\"\" type=\"text\" name=\"oib\" \/><\/span>\n\t<\/p>\n<\/div>\n<div class=\"form-group\">\n\t<p><span class=\"wpcf7-form-control-wrap\" data-name=\"street\"><input size=\"40\" maxlength=\"400\" class=\"wpcf7-form-control wpcf7-text wpcf7-validates-as-required\" aria-required=\"true\" aria-invalid=\"false\" placeholder=\"Utca \u00e9s h\u00e1zsz\u00e1m\" value=\"\" type=\"text\" name=\"street\" \/><\/span>\n\t<\/p>\n<\/div>\n<div class=\"form-group\">\n\t<p><span class=\"wpcf7-form-control-wrap\" data-name=\"city\"><input size=\"40\" maxlength=\"400\" class=\"wpcf7-form-control wpcf7-text wpcf7-validates-as-required\" aria-required=\"true\" aria-invalid=\"false\" placeholder=\"Ir\u00e1ny\u00edt\u00f3sz\u00e1m \u00e9s v\u00e1ros\" value=\"\" type=\"text\" name=\"city\" \/><\/span>\n\t<\/p>\n<\/div>\n<div class=\"form-group message-btn\">\n\t<p><span class=\"wpcf7-form-control-wrap\" data-name=\"acceptance\"><span class=\"wpcf7-form-control wpcf7-acceptance\"><span class=\"wpcf7-list-item\"><label><input type=\"checkbox\" name=\"acceptance\" value=\"1\" aria-invalid=\"false\" \/><span class=\"wpcf7-list-item-label\">Enged\u00e9lyt adok a szem\u00e9lyes adataim felhaszn\u00e1l\u00e1s\u00e1hoz az <a href=\"\/wp-content\/uploads\/preuzimanja\/Pravilnik-GDPR.pdf\" target=\"_blank\">Adatv\u00e9delmi Ir\u00e1nyelvnek<\/a> megfelel\u0151en<\/span><\/label><\/span><\/span><\/span><br \/>\n<button type=\"submit\" class=\"theme-btn\">Po\u0161alji prijavu<\/button>\n\t<\/p>\n<\/div>\n<div class=\"wpcf7-response-output\" aria-hidden=\"true\"><\/div>\n<div class=\"form-group text-center\">\n\t<p><small>This site is protected by reCAPTCHA and the Google <a href=\"https:\/\/policies.google.com\/privacy\" target=\"_blank\">Privacy Policy<\/a> and <a href=\"https:\/\/policies.google.com\/terms\" target=\"_blank\">Terms of Service<\/a> apply.<br \/>\n<\/small>\n\t<\/p>\n<\/div>\n<\/form>\n<\/div>\n                                                    <\/div>\n                                                <\/div>\n                                                                                            <\/div>\n                                        <\/div>\n                                    <\/div>\n                                <\/div>\n                            <\/div>\n                        <\/div>\n                    <\/div>\n            <\/div>\n        <\/div>\n    <\/section>\n    <!-- donation-section end -->        \n                     \n        \t\t\t\t<\/div>\n\t\t\t\t<\/div>\n\t\t\t\t\t<\/div>\n\t\t<\/div>\n\t\t\t\t\t<\/div>\n\t\t<\/section>\n\t\t\t\t<\/div>\n\t\t","protected":false},"excerpt":{"rendered":"<p>Tags\u00e1g Amennyiben szeretetet \u00e9rzel a magyar m\u0171v\u00e9szet, irodalom \u00e9s n\u00e9pszok\u00e1sok ir\u00e1nt, csatlakozz hozz\u00e1nk, hogy egy\u00fctt \u00e1poljuk \u00e9s n\u00e9pszer\u0171s\u00edts\u00fck kultur\u00e1lis \u00f6r\u00f6ks\u00e9g\u00fcnk gazdags\u00e1g\u00e1t. \u00d6r\u00fcl\u00fcnk \u00e9rkez\u00e9sednek \u00e9s &#8230;<\/p>\n","protected":false},"author":1,"featured_media":0,"parent":0,"menu_order":0,"comment_status":"closed","ping_status":"closed","template":"tpl-default-elementor.php","meta":{"footnotes":""},"class_list":["post-2244","page","type-page","status-publish","hentry"],"yoast_head":"<!-- This site is optimized with the Yoast SEO plugin v27.5 - https:\/\/yoast.com\/product\/yoast-seo-wordpress\/ -->\n<title>Tags\u00e1g - Ady Endre Kult\u00fark\u00f6r<\/title>\n<meta name=\"robots\" content=\"index, follow, max-snippet:-1, max-image-preview:large, max-video-preview:-1\" \/>\n<link rel=\"canonical\" href=\"https:\/\/www.adyendre.hr\/hu\/tagsag\/\" \/>\n<meta property=\"og:locale\" content=\"hu_HU\" \/>\n<meta property=\"og:type\" content=\"article\" \/>\n<meta property=\"og:title\" content=\"Tags\u00e1g - Ady Endre Kult\u00fark\u00f6r\" \/>\n<meta property=\"og:description\" content=\"Tags\u00e1g Amennyiben szeretetet \u00e9rzel a magyar m\u0171v\u00e9szet, irodalom \u00e9s n\u00e9pszok\u00e1sok ir\u00e1nt, csatlakozz hozz\u00e1nk, hogy egy\u00fctt \u00e1poljuk \u00e9s n\u00e9pszer\u0171s\u00edts\u00fck kultur\u00e1lis \u00f6r\u00f6ks\u00e9g\u00fcnk gazdags\u00e1g\u00e1t. \u00d6r\u00fcl\u00fcnk \u00e9rkez\u00e9sednek \u00e9s ...\" \/>\n<meta property=\"og:url\" content=\"https:\/\/www.adyendre.hr\/hu\/tagsag\/\" \/>\n<meta property=\"og:site_name\" content=\"Ady Endre Kult\u00fark\u00f6r\" \/>\n<meta property=\"article:modified_time\" content=\"2024-04-02T13:25:24+00:00\" \/>\n<meta name=\"twitter:card\" content=\"summary_large_image\" \/>\n<meta name=\"twitter:label1\" content=\"Becs\u00fclt olvas\u00e1si id\u0151\" \/>\n\t<meta name=\"twitter:data1\" content=\"1 perc\" \/>\n<script type=\"application\/ld+json\" class=\"yoast-schema-graph\">{\"@context\":\"https:\\\/\\\/schema.org\",\"@graph\":[{\"@type\":\"WebPage\",\"@id\":\"https:\\\/\\\/www.adyendre.hr\\\/hu\\\/tagsag\\\/\",\"url\":\"https:\\\/\\\/www.adyendre.hr\\\/hu\\\/tagsag\\\/\",\"name\":\"Tags\u00e1g - Ady Endre Kult\u00fark\u00f6r\",\"isPartOf\":{\"@id\":\"https:\\\/\\\/www.adyendre.hr\\\/hu\\\/#website\"},\"datePublished\":\"2022-09-11T21:10:53+00:00\",\"dateModified\":\"2024-04-02T13:25:24+00:00\",\"breadcrumb\":{\"@id\":\"https:\\\/\\\/www.adyendre.hr\\\/hu\\\/tagsag\\\/#breadcrumb\"},\"inLanguage\":\"hu\",\"potentialAction\":[{\"@type\":\"ReadAction\",\"target\":[\"https:\\\/\\\/www.adyendre.hr\\\/hu\\\/tagsag\\\/\"]}]},{\"@type\":\"BreadcrumbList\",\"@id\":\"https:\\\/\\\/www.adyendre.hr\\\/hu\\\/tagsag\\\/#breadcrumb\",\"itemListElement\":[{\"@type\":\"ListItem\",\"position\":1,\"name\":\"Home\",\"item\":\"https:\\\/\\\/www.adyendre.hr\\\/hu\\\/\"},{\"@type\":\"ListItem\",\"position\":2,\"name\":\"Tags\u00e1g\"}]},{\"@type\":\"WebSite\",\"@id\":\"https:\\\/\\\/www.adyendre.hr\\\/hu\\\/#website\",\"url\":\"https:\\\/\\\/www.adyendre.hr\\\/hu\\\/\",\"name\":\"Ady Endre Kult\u00fark\u00f6r\",\"description\":\"\",\"publisher\":{\"@id\":\"https:\\\/\\\/www.adyendre.hr\\\/hu\\\/#organization\"},\"potentialAction\":[{\"@type\":\"SearchAction\",\"target\":{\"@type\":\"EntryPoint\",\"urlTemplate\":\"https:\\\/\\\/www.adyendre.hr\\\/hu\\\/?s={search_term_string}\"},\"query-input\":{\"@type\":\"PropertyValueSpecification\",\"valueRequired\":true,\"valueName\":\"search_term_string\"}}],\"inLanguage\":\"hu\"},{\"@type\":\"Organization\",\"@id\":\"https:\\\/\\\/www.adyendre.hr\\\/hu\\\/#organization\",\"name\":\"Ady Endre Kult\u00fark\u00f6r\",\"url\":\"https:\\\/\\\/www.adyendre.hr\\\/hu\\\/\",\"logo\":{\"@type\":\"ImageObject\",\"inLanguage\":\"hu\",\"@id\":\"https:\\\/\\\/www.adyendre.hr\\\/hu\\\/#\\\/schema\\\/logo\\\/image\\\/\",\"url\":\"https:\\\/\\\/www.adyendre.hr\\\/wp-content\\\/uploads\\\/2022\\\/09\\\/logo.png\",\"contentUrl\":\"https:\\\/\\\/www.adyendre.hr\\\/wp-content\\\/uploads\\\/2022\\\/09\\\/logo.png\",\"width\":170,\"height\":50,\"caption\":\"Ady Endre Kult\u00fark\u00f6r\"},\"image\":{\"@id\":\"https:\\\/\\\/www.adyendre.hr\\\/hu\\\/#\\\/schema\\\/logo\\\/image\\\/\"}}]}<\/script>\n<!-- \/ Yoast SEO plugin. -->","yoast_head_json":{"title":"Tags\u00e1g - Ady Endre Kult\u00fark\u00f6r","robots":{"index":"index","follow":"follow","max-snippet":"max-snippet:-1","max-image-preview":"max-image-preview:large","max-video-preview":"max-video-preview:-1"},"canonical":"https:\/\/www.adyendre.hr\/hu\/tagsag\/","og_locale":"hu_HU","og_type":"article","og_title":"Tags\u00e1g - Ady Endre Kult\u00fark\u00f6r","og_description":"Tags\u00e1g Amennyiben szeretetet \u00e9rzel a magyar m\u0171v\u00e9szet, irodalom \u00e9s n\u00e9pszok\u00e1sok ir\u00e1nt, csatlakozz hozz\u00e1nk, hogy egy\u00fctt \u00e1poljuk \u00e9s n\u00e9pszer\u0171s\u00edts\u00fck kultur\u00e1lis \u00f6r\u00f6ks\u00e9g\u00fcnk gazdags\u00e1g\u00e1t. \u00d6r\u00fcl\u00fcnk \u00e9rkez\u00e9sednek \u00e9s ...","og_url":"https:\/\/www.adyendre.hr\/hu\/tagsag\/","og_site_name":"Ady Endre Kult\u00fark\u00f6r","article_modified_time":"2024-04-02T13:25:24+00:00","twitter_card":"summary_large_image","twitter_misc":{"Becs\u00fclt olvas\u00e1si id\u0151":"1 perc"},"schema":{"@context":"https:\/\/schema.org","@graph":[{"@type":"WebPage","@id":"https:\/\/www.adyendre.hr\/hu\/tagsag\/","url":"https:\/\/www.adyendre.hr\/hu\/tagsag\/","name":"Tags\u00e1g - Ady Endre Kult\u00fark\u00f6r","isPartOf":{"@id":"https:\/\/www.adyendre.hr\/hu\/#website"},"datePublished":"2022-09-11T21:10:53+00:00","dateModified":"2024-04-02T13:25:24+00:00","breadcrumb":{"@id":"https:\/\/www.adyendre.hr\/hu\/tagsag\/#breadcrumb"},"inLanguage":"hu","potentialAction":[{"@type":"ReadAction","target":["https:\/\/www.adyendre.hr\/hu\/tagsag\/"]}]},{"@type":"BreadcrumbList","@id":"https:\/\/www.adyendre.hr\/hu\/tagsag\/#breadcrumb","itemListElement":[{"@type":"ListItem","position":1,"name":"Home","item":"https:\/\/www.adyendre.hr\/hu\/"},{"@type":"ListItem","position":2,"name":"Tags\u00e1g"}]},{"@type":"WebSite","@id":"https:\/\/www.adyendre.hr\/hu\/#website","url":"https:\/\/www.adyendre.hr\/hu\/","name":"Ady Endre Kult\u00fark\u00f6r","description":"","publisher":{"@id":"https:\/\/www.adyendre.hr\/hu\/#organization"},"potentialAction":[{"@type":"SearchAction","target":{"@type":"EntryPoint","urlTemplate":"https:\/\/www.adyendre.hr\/hu\/?s={search_term_string}"},"query-input":{"@type":"PropertyValueSpecification","valueRequired":true,"valueName":"search_term_string"}}],"inLanguage":"hu"},{"@type":"Organization","@id":"https:\/\/www.adyendre.hr\/hu\/#organization","name":"Ady Endre Kult\u00fark\u00f6r","url":"https:\/\/www.adyendre.hr\/hu\/","logo":{"@type":"ImageObject","inLanguage":"hu","@id":"https:\/\/www.adyendre.hr\/hu\/#\/schema\/logo\/image\/","url":"https:\/\/www.adyendre.hr\/wp-content\/uploads\/2022\/09\/logo.png","contentUrl":"https:\/\/www.adyendre.hr\/wp-content\/uploads\/2022\/09\/logo.png","width":170,"height":50,"caption":"Ady Endre Kult\u00fark\u00f6r"},"image":{"@id":"https:\/\/www.adyendre.hr\/hu\/#\/schema\/logo\/image\/"}}]}},"_links":{"self":[{"href":"https:\/\/www.adyendre.hr\/hu\/wp-json\/wp\/v2\/pages\/2244","targetHints":{"allow":["GET"]}}],"collection":[{"href":"https:\/\/www.adyendre.hr\/hu\/wp-json\/wp\/v2\/pages"}],"about":[{"href":"https:\/\/www.adyendre.hr\/hu\/wp-json\/wp\/v2\/types\/page"}],"author":[{"embeddable":true,"href":"https:\/\/www.adyendre.hr\/hu\/wp-json\/wp\/v2\/users\/1"}],"replies":[{"embeddable":true,"href":"https:\/\/www.adyendre.hr\/hu\/wp-json\/wp\/v2\/comments?post=2244"}],"version-history":[{"count":4,"href":"https:\/\/www.adyendre.hr\/hu\/wp-json\/wp\/v2\/pages\/2244\/revisions"}],"predecessor-version":[{"id":2252,"href":"https:\/\/www.adyendre.hr\/hu\/wp-json\/wp\/v2\/pages\/2244\/revisions\/2252"}],"wp:attachment":[{"href":"https:\/\/www.adyendre.hr\/hu\/wp-json\/wp\/v2\/media?parent=2244"}],"curies":[{"name":"wp","href":"https:\/\/api.w.org\/{rel}","templated":true}]}}