{"id":2241,"date":"2022-09-11T23:38:05","date_gmt":"2022-09-11T21:38:05","guid":{"rendered":"https:\/\/www.adyendre.hr\/hirek\/"},"modified":"2024-04-02T14:45:28","modified_gmt":"2024-04-02T12:45:28","slug":"hirek","status":"publish","type":"page","link":"https:\/\/www.adyendre.hr\/hu\/hirek\/","title":{"rendered":"H\u00edrek"},"content":{"rendered":"\t\t<div data-elementor-type=\"wp-page\" data-elementor-id=\"2241\" class=\"elementor elementor-2241 elementor-391\">\n\t\t\t\t\t\t<section class=\"elementor-section elementor-top-section elementor-element elementor-element-7f12c3f elementor-section-full_width elementor-section-height-default elementor-section-height-default\" data-id=\"7f12c3f\" data-element_type=\"section\" data-e-type=\"section\">\n\t\t\t\t\t\t<div class=\"elementor-container elementor-column-gap-default\">\n\t\t\t\t\t<div class=\"elementor-column elementor-col-100 elementor-top-column elementor-element elementor-element-fb45095\" data-id=\"fb45095\" data-element_type=\"column\" data-e-type=\"column\">\n\t\t\t<div class=\"elementor-widget-wrap elementor-element-populated\">\n\t\t\t\t\t\t<div class=\"elementor-element elementor-element-edf1f31 sec-title events-title elementor-widget elementor-widget-heading\" data-id=\"edf1f31\" data-element_type=\"widget\" data-e-type=\"widget\" data-widget_type=\"heading.default\">\n\t\t\t\t<div class=\"elementor-widget-container\">\n\t\t\t\t\t<h1 class=\"elementor-heading-title elementor-size-default\">H\u00edrek\n<div class=\"title-shape mt-3 mx-auto\"><\/div><\/h1>\t\t\t\t<\/div>\n\t\t\t\t<\/div>\n\t\t\t\t\t<\/div>\n\t\t<\/div>\n\t\t\t\t\t<\/div>\n\t\t<\/section>\n\t\t\t\t<section class=\"elementor-section elementor-top-section elementor-element elementor-element-83590e1 elementor-section-full_width elementor-section-height-default elementor-section-height-default\" data-id=\"83590e1\" data-element_type=\"section\" data-e-type=\"section\">\n\t\t\t\t\t\t<div class=\"elementor-container elementor-column-gap-default\">\n\t\t\t\t\t<div class=\"elementor-column elementor-col-100 elementor-top-column elementor-element elementor-element-334d0a2\" data-id=\"334d0a2\" data-element_type=\"column\" data-e-type=\"column\">\n\t\t\t<div class=\"elementor-widget-wrap elementor-element-populated\">\n\t\t\t\t\t\t<div class=\"elementor-element elementor-element-33fa20c elementor-widget elementor-widget-whitehall_latest_news_v3\" data-id=\"33fa20c\" data-element_type=\"widget\" data-e-type=\"widget\" data-widget_type=\"whitehall_latest_news_v3.default\">\n\t\t\t\t<div class=\"elementor-widget-container\">\n\t\t\t\t\t\t\n    <!-- news-section -->\n    <section class=\"news-section blog-grid\">\n        <div class=\"auto-container\">\n            <div class=\"row clearfix\">\n                                <div class=\"col-lg-4 col-md-6 col-sm-12 news-block\">\n                    <div class=\"news-block-one\">\n                        <div class=\"inner-box\">\n                            <div class=\"image-box\">\n                                <figure class=\"image\">\n                                    <a href=\"https:\/\/www.adyendre.hr\/hu\/hirek\/csalados-tarsalgas-aprilisban-2-3483\/\"><i class=\"fas fa-link\"><\/i><\/a>\n                                    <img fetchpriority=\"high\" decoding=\"async\" width=\"370\" height=\"270\" src=\"https:\/\/www.adyendre.hr\/wp-content\/uploads\/2026\/04\/3-2-370x270.jpg\" class=\"attachment-whitehall_370x270 size-whitehall_370x270 wp-post-image\" alt=\"\" srcset=\"https:\/\/www.adyendre.hr\/wp-content\/uploads\/2026\/04\/3-2-370x270.jpg 370w, https:\/\/www.adyendre.hr\/wp-content\/uploads\/2026\/04\/3-2-770x560.jpg 770w\" sizes=\"(max-width: 370px) 100vw, 370px\" \/>                                <\/figure>\n                                <div class=\"post-date\"><h3>23<span>\u00e1pr\u201926<\/span><\/h3><\/div>\n                            <\/div>\n                            <div class=\"lower-content\">                                \n                                <h4><a href=\"https:\/\/www.adyendre.hr\/hu\/hirek\/csalados-tarsalgas-aprilisban-2-3483\/\">Csal\u00e1dos t\u00e1rsalg\u00e1s \u00e1prilisban<\/a><\/h4>\n                                <div class=\"post-info clearfix\">\n\t\t\t\t\t\t\t\t\t<p>Vas\u00e1rnap, \u00e1prilis 19-\u00e9n a z\u00e1gr\u00e1bi magyar k\u00f6z\u00f6ss\u00e9g m\u00e1r hagyom\u00e1nyosan havi csal\u00e1dos t\u00e1rsalg\u00e1st szervezett a Bundek t\u00f3n\u00e1l. A nagyon sz\u00e9p napos id\u0151ben j\u00f3l sz\u00f3rakoztunk. Mindenki &#8230;<\/p>\n\t\t\t\t\t\t\t\t\t\n\t\t\t\t\t\t\t\t<\/div>\n\t\t\t\t\t\t\t\t<div class=\"links\"><a href=\"https:\/\/www.adyendre.hr\/hu\/hirek\/csalados-tarsalgas-aprilisban-2-3483\/\">R\u00e9szletesebben<i class=\"flaticon-right-arrow\"><\/i><\/a><\/div>\n                            <\/div>\n                        <\/div>\n                    <\/div>\n                <\/div>\n                                <div class=\"col-lg-4 col-md-6 col-sm-12 news-block\">\n                    <div class=\"news-block-one\">\n                        <div class=\"inner-box\">\n                            <div class=\"image-box\">\n                                <figure class=\"image\">\n                                    <a href=\"https:\/\/www.adyendre.hr\/hu\/hirek\/antall-szobor-koszoruzasa-zagrabban-3440\/\"><i class=\"fas fa-link\"><\/i><\/a>\n                                    <img decoding=\"async\" width=\"370\" height=\"270\" src=\"https:\/\/www.adyendre.hr\/wp-content\/uploads\/2026\/04\/1-370x270.jpg\" class=\"attachment-whitehall_370x270 size-whitehall_370x270 wp-post-image\" alt=\"\" srcset=\"https:\/\/www.adyendre.hr\/wp-content\/uploads\/2026\/04\/1-370x270.jpg 370w, https:\/\/www.adyendre.hr\/wp-content\/uploads\/2026\/04\/1-770x560.jpg 770w\" sizes=\"(max-width: 370px) 100vw, 370px\" \/>                                <\/figure>\n                                <div class=\"post-date\"><h3>09<span>\u00e1pr\u201926<\/span><\/h3><\/div>\n                            <\/div>\n                            <div class=\"lower-content\">                                \n                                <h4><a href=\"https:\/\/www.adyendre.hr\/hu\/hirek\/antall-szobor-koszoruzasa-zagrabban-3440\/\">Antall szobor koszor\u00faz\u00e1sa Z\u00e1gr\u00e1bban<\/a><\/h4>\n                                <div class=\"post-info clearfix\">\n\t\t\t\t\t\t\t\t\t<p>Szerd\u00e1n, \u00e1prilis 8-\u00e1n dr. Antall J\u00f3zsef (1932-1993), a Magyar K\u00f6zt\u00e1rsas\u00e1g els\u0151 rendszerv\u00e1lt\u00e1s ut\u00e1ni minisztereln\u00f6ke sz\u00fclet\u00e9s\u00e9nek \u00e9vfordul\u00f3ja alkalm\u00e1b\u00f3l, Z\u00e1gr\u00e1b V\u00e1ros Magyar Kisebbs\u00e9gi Tan\u00e1csa koszor\u00faz\u00e1st szervezett &#8230;<\/p>\n\t\t\t\t\t\t\t\t\t\n\t\t\t\t\t\t\t\t<\/div>\n\t\t\t\t\t\t\t\t<div class=\"links\"><a href=\"https:\/\/www.adyendre.hr\/hu\/hirek\/antall-szobor-koszoruzasa-zagrabban-3440\/\">R\u00e9szletesebben<i class=\"flaticon-right-arrow\"><\/i><\/a><\/div>\n                            <\/div>\n                        <\/div>\n                    <\/div>\n                <\/div>\n                                <div class=\"col-lg-4 col-md-6 col-sm-12 news-block\">\n                    <div class=\"news-block-one\">\n                        <div class=\"inner-box\">\n                            <div class=\"image-box\">\n                                <figure class=\"image\">\n                                    <a href=\"https:\/\/www.adyendre.hr\/hu\/hirek\/hagyomanyos-husveti-reggeli-az-ady-korben-3463\/\"><i class=\"fas fa-link\"><\/i><\/a>\n                                    <img decoding=\"async\" width=\"370\" height=\"270\" src=\"https:\/\/www.adyendre.hr\/wp-content\/uploads\/2026\/04\/2-1-370x270.jpg\" class=\"attachment-whitehall_370x270 size-whitehall_370x270 wp-post-image\" alt=\"\" srcset=\"https:\/\/www.adyendre.hr\/wp-content\/uploads\/2026\/04\/2-1-370x270.jpg 370w, https:\/\/www.adyendre.hr\/wp-content\/uploads\/2026\/04\/2-1-770x560.jpg 770w\" sizes=\"(max-width: 370px) 100vw, 370px\" \/>                                <\/figure>\n                                <div class=\"post-date\"><h3>07<span>\u00e1pr\u201926<\/span><\/h3><\/div>\n                            <\/div>\n                            <div class=\"lower-content\">                                \n                                <h4><a href=\"https:\/\/www.adyendre.hr\/hu\/hirek\/hagyomanyos-husveti-reggeli-az-ady-korben-3463\/\">Hagyom\u00e1nyos h\u00fasv\u00e9ti reggeli az Ady K\u00f6rben<\/a><\/h4>\n                                <div class=\"post-info clearfix\">\n\t\t\t\t\t\t\t\t\t<p>\u00c1prilis 6-\u00e1n, h\u00fasv\u00e9t h\u00e9tf\u0151j\u00e9n, Z\u00e1gr\u00e1b V\u00e1ros Magyar Kisebbs\u00e9gi Tan\u00e1csa \u00e9s az Ady Endre Magyar Kult\u00fark\u00f6r ism\u00e9t megszervezt\u00e9k a m\u00e1r hagyom\u00e1nyos h\u00fasv\u00e9ti reggelit a z\u00e1gr\u00e1bi &#8230;<\/p>\n\t\t\t\t\t\t\t\t\t\n\t\t\t\t\t\t\t\t<\/div>\n\t\t\t\t\t\t\t\t<div class=\"links\"><a href=\"https:\/\/www.adyendre.hr\/hu\/hirek\/hagyomanyos-husveti-reggeli-az-ady-korben-3463\/\">R\u00e9szletesebben<i class=\"flaticon-right-arrow\"><\/i><\/a><\/div>\n                            <\/div>\n                        <\/div>\n                    <\/div>\n                <\/div>\n                                <div class=\"col-lg-4 col-md-6 col-sm-12 news-block\">\n                    <div class=\"news-block-one\">\n                        <div class=\"inner-box\">\n                            <div class=\"image-box\">\n                                <figure class=\"image\">\n                                    <a href=\"https:\/\/www.adyendre.hr\/hu\/hirek\/az-ady-kortagok-asztalitenisz-bajnoksaga-2026-3303\/\"><i class=\"fas fa-link\"><\/i><\/a>\n                                    <img loading=\"lazy\" decoding=\"async\" width=\"370\" height=\"270\" src=\"https:\/\/www.adyendre.hr\/wp-content\/uploads\/2026\/03\/2-370x270.jpg\" class=\"attachment-whitehall_370x270 size-whitehall_370x270 wp-post-image\" alt=\"\" srcset=\"https:\/\/www.adyendre.hr\/wp-content\/uploads\/2026\/03\/2-370x270.jpg 370w, https:\/\/www.adyendre.hr\/wp-content\/uploads\/2026\/03\/2-770x560.jpg 770w\" sizes=\"(max-width: 370px) 100vw, 370px\" \/>                                <\/figure>\n                                <div class=\"post-date\"><h3>02<span>m\u00e1rc\u201926<\/span><\/h3><\/div>\n                            <\/div>\n                            <div class=\"lower-content\">                                \n                                <h4><a href=\"https:\/\/www.adyendre.hr\/hu\/hirek\/az-ady-kortagok-asztalitenisz-bajnoksaga-2026-3303\/\">Az Ady k\u00f6rtagok asztalitenisz bajnoks\u00e1ga 2026<\/a><\/h4>\n                                <div class=\"post-info clearfix\">\n\t\t\t\t\t\t\t\t\t<p>Vas\u00e1rnap, m\u00e1rcius 1-\u00e9n megrendez\u00e9sre ker\u00fclt az idei Ady K\u00f6r h\u00e1zi asztalitenisz bajnoks\u00e1ga, melyen 10 k\u00f6rtag vett r\u00e9szt. A pimpongnak nagy hagyom\u00e1nya van a K\u00f6rben, &#8230;<\/p>\n\t\t\t\t\t\t\t\t\t\n\t\t\t\t\t\t\t\t<\/div>\n\t\t\t\t\t\t\t\t<div class=\"links\"><a href=\"https:\/\/www.adyendre.hr\/hu\/hirek\/az-ady-kortagok-asztalitenisz-bajnoksaga-2026-3303\/\">R\u00e9szletesebben<i class=\"flaticon-right-arrow\"><\/i><\/a><\/div>\n                            <\/div>\n                        <\/div>\n                    <\/div>\n                <\/div>\n                                <div class=\"col-lg-4 col-md-6 col-sm-12 news-block\">\n                    <div class=\"news-block-one\">\n                        <div class=\"inner-box\">\n                            <div class=\"image-box\">\n                                <figure class=\"image\">\n                                    <a href=\"https:\/\/www.adyendre.hr\/hu\/hirek\/egyhazzenei-est-3321\/\"><i class=\"fas fa-link\"><\/i><\/a>\n                                    <img loading=\"lazy\" decoding=\"async\" width=\"370\" height=\"270\" src=\"https:\/\/www.adyendre.hr\/wp-content\/uploads\/2026\/03\/5-1-370x270.jpg\" class=\"attachment-whitehall_370x270 size-whitehall_370x270 wp-post-image\" alt=\"\" srcset=\"https:\/\/www.adyendre.hr\/wp-content\/uploads\/2026\/03\/5-1-370x270.jpg 370w, https:\/\/www.adyendre.hr\/wp-content\/uploads\/2026\/03\/5-1-770x560.jpg 770w\" sizes=\"(max-width: 370px) 100vw, 370px\" \/>                                <\/figure>\n                                <div class=\"post-date\"><h3>25<span>febr\u201926<\/span><\/h3><\/div>\n                            <\/div>\n                            <div class=\"lower-content\">                                \n                                <h4><a href=\"https:\/\/www.adyendre.hr\/hu\/hirek\/egyhazzenei-est-3321\/\">Egyh\u00e1zzenei Est<\/a><\/h4>\n                                <div class=\"post-info clearfix\">\n\t\t\t\t\t\t\t\t\t<p>Febru\u00e1r 21-\u00e9n az Ady Endre Magyar Kult\u00fark\u00f6r termeiben Egyh\u00e1zzenei Estre ker\u00fclt sor. Az est programj\u00e1t kort\u00e1rs kereszt\u00e9ny zene \u00e9s k\u00f6lt\u00e9szet t\u00f6lt\u00f6tte meg a Rakov\u010deva &#8230;<\/p>\n\t\t\t\t\t\t\t\t\t\n\t\t\t\t\t\t\t\t<\/div>\n\t\t\t\t\t\t\t\t<div class=\"links\"><a href=\"https:\/\/www.adyendre.hr\/hu\/hirek\/egyhazzenei-est-3321\/\">R\u00e9szletesebben<i class=\"flaticon-right-arrow\"><\/i><\/a><\/div>\n                            <\/div>\n                        <\/div>\n                    <\/div>\n                <\/div>\n                                <div class=\"col-lg-4 col-md-6 col-sm-12 news-block\">\n                    <div class=\"news-block-one\">\n                        <div class=\"inner-box\">\n                            <div class=\"image-box\">\n                                <figure class=\"image\">\n                                    <a href=\"https:\/\/www.adyendre.hr\/hu\/hirek\/farsangi-mulatsag-felnotteknek-3045\/\"><i class=\"fas fa-link\"><\/i><\/a>\n                                    <img loading=\"lazy\" decoding=\"async\" width=\"370\" height=\"270\" src=\"https:\/\/www.adyendre.hr\/wp-content\/uploads\/2026\/02\/1-370x270.jpg\" class=\"attachment-whitehall_370x270 size-whitehall_370x270 wp-post-image\" alt=\"\" srcset=\"https:\/\/www.adyendre.hr\/wp-content\/uploads\/2026\/02\/1-370x270.jpg 370w, https:\/\/www.adyendre.hr\/wp-content\/uploads\/2026\/02\/1-770x560.jpg 770w\" sizes=\"(max-width: 370px) 100vw, 370px\" \/>                                <\/figure>\n                                <div class=\"post-date\"><h3>18<span>febr\u201926<\/span><\/h3><\/div>\n                            <\/div>\n                            <div class=\"lower-content\">                                \n                                <h4><a href=\"https:\/\/www.adyendre.hr\/hu\/hirek\/farsangi-mulatsag-felnotteknek-3045\/\">Farsangi mulats\u00e1g feln\u0151tteknek<\/a><\/h4>\n                                <div class=\"post-info clearfix\">\n\t\t\t\t\t\t\t\t\t<p>Crvena boja bila je za\u0161titni znak sudionika maskenbala za odrasle ma\u0111arske zajednice odr\u017eanoga u subotu, 14. velja\u010de u dvorani MKD \u201eAdy Endre\u201c u Zagrebu. &#8230;<\/p>\n\t\t\t\t\t\t\t\t\t\n\t\t\t\t\t\t\t\t<\/div>\n\t\t\t\t\t\t\t\t<div class=\"links\"><a href=\"https:\/\/www.adyendre.hr\/hu\/hirek\/farsangi-mulatsag-felnotteknek-3045\/\">R\u00e9szletesebben<i class=\"flaticon-right-arrow\"><\/i><\/a><\/div>\n                            <\/div>\n                        <\/div>\n                    <\/div>\n                <\/div>\n                            <\/div>\n                        <div class=\"pagination-wrapper centred\">\n                <div class=\"pagination clearfix\">\n                    <ul class=\"pagination\">\n\t<li><span aria-current=\"page\" class=\"page-numbers current\">1<\/span><\/li>\n\t<li><a class=\"page-numbers\" href=\"https:\/\/www.adyendre.hr\/hu\/wp-json\/wp\/v2\/pages\/2241\/page\/2\/\">2<\/a><\/li>\n\t<li><a class=\"page-numbers\" href=\"https:\/\/www.adyendre.hr\/hu\/wp-json\/wp\/v2\/pages\/2241\/page\/3\/\">3<\/a><\/li>\n\t<li><a class=\"next page-numbers\" href=\"https:\/\/www.adyendre.hr\/hu\/wp-json\/wp\/v2\/pages\/2241\/page\/2\/\"><i class=\"far fa-angle-double-right\"><\/i><\/a><\/li>\n<\/ul>\n                <\/div>\n            <\/div>\n                    <\/div>\n    <\/section>\n    <!-- news-section end -->\n                \n\t\t\t\t\t<\/div>\n\t\t\t\t<\/div>\n\t\t\t\t\t<\/div>\n\t\t<\/div>\n\t\t\t\t\t<\/div>\n\t\t<\/section>\n\t\t\t\t<\/div>\n\t\t","protected":false},"excerpt":{"rendered":"<p>H\u00edrek 19o\u017eu\u201924 Novost Lorem ipsum dolor sit amet, consectetur adipiscing elit, sed do eiusmod tempor incididunt ut labore et dolore magna aliqua. Ut enim &#8230;<\/p>\n","protected":false},"author":1,"featured_media":0,"parent":0,"menu_order":0,"comment_status":"closed","ping_status":"closed","template":"tpl-default-elementor.php","meta":{"footnotes":""},"class_list":["post-2241","page","type-page","status-publish","hentry"],"yoast_head":"<!-- This site is optimized with the Yoast SEO plugin v27.5 - https:\/\/yoast.com\/product\/yoast-seo-wordpress\/ -->\n<title>H\u00edrek - Ady Endre Kult\u00fark\u00f6r<\/title>\n<meta name=\"robots\" content=\"index, follow, max-snippet:-1, max-image-preview:large, max-video-preview:-1\" \/>\n<link rel=\"canonical\" href=\"https:\/\/www.adyendre.hr\/hu\/hirek\/\" \/>\n<meta property=\"og:locale\" content=\"hu_HU\" \/>\n<meta property=\"og:type\" content=\"article\" \/>\n<meta property=\"og:title\" content=\"H\u00edrek - Ady Endre Kult\u00fark\u00f6r\" \/>\n<meta property=\"og:description\" content=\"H\u00edrek 19o\u017eu\u201924 Novost Lorem ipsum dolor sit amet, consectetur adipiscing elit, sed do eiusmod tempor incididunt ut labore et dolore magna aliqua. Ut enim ...\" \/>\n<meta property=\"og:url\" content=\"https:\/\/www.adyendre.hr\/hu\/hirek\/\" \/>\n<meta property=\"og:site_name\" content=\"Ady Endre Kult\u00fark\u00f6r\" \/>\n<meta property=\"article:modified_time\" content=\"2024-04-02T12:45:28+00:00\" \/>\n<meta property=\"og:image\" content=\"https:\/\/www.adyendre.hr\/wp-content\/uploads\/2022\/09\/07-zg-370x270.jpg\" \/>\n<meta name=\"twitter:card\" content=\"summary_large_image\" \/>\n<meta name=\"twitter:label1\" content=\"Becs\u00fclt olvas\u00e1si id\u0151\" \/>\n\t<meta name=\"twitter:data1\" content=\"1 perc\" \/>\n<script type=\"application\/ld+json\" class=\"yoast-schema-graph\">{\"@context\":\"https:\\\/\\\/schema.org\",\"@graph\":[{\"@type\":\"WebPage\",\"@id\":\"https:\\\/\\\/www.adyendre.hr\\\/hu\\\/hirek\\\/\",\"url\":\"https:\\\/\\\/www.adyendre.hr\\\/hu\\\/hirek\\\/\",\"name\":\"H\u00edrek - Ady Endre Kult\u00fark\u00f6r\",\"isPartOf\":{\"@id\":\"https:\\\/\\\/www.adyendre.hr\\\/hu\\\/#website\"},\"primaryImageOfPage\":{\"@id\":\"https:\\\/\\\/www.adyendre.hr\\\/hu\\\/hirek\\\/#primaryimage\"},\"image\":{\"@id\":\"https:\\\/\\\/www.adyendre.hr\\\/hu\\\/hirek\\\/#primaryimage\"},\"thumbnailUrl\":\"https:\\\/\\\/www.adyendre.hr\\\/wp-content\\\/uploads\\\/2022\\\/09\\\/07-zg-370x270.jpg\",\"datePublished\":\"2022-09-11T21:38:05+00:00\",\"dateModified\":\"2024-04-02T12:45:28+00:00\",\"breadcrumb\":{\"@id\":\"https:\\\/\\\/www.adyendre.hr\\\/hu\\\/hirek\\\/#breadcrumb\"},\"inLanguage\":\"hu\",\"potentialAction\":[{\"@type\":\"ReadAction\",\"target\":[\"https:\\\/\\\/www.adyendre.hr\\\/hu\\\/hirek\\\/\"]}]},{\"@type\":\"ImageObject\",\"inLanguage\":\"hu\",\"@id\":\"https:\\\/\\\/www.adyendre.hr\\\/hu\\\/hirek\\\/#primaryimage\",\"url\":\"https:\\\/\\\/www.adyendre.hr\\\/wp-content\\\/uploads\\\/2022\\\/09\\\/07-zg-370x270.jpg\",\"contentUrl\":\"https:\\\/\\\/www.adyendre.hr\\\/wp-content\\\/uploads\\\/2022\\\/09\\\/07-zg-370x270.jpg\"},{\"@type\":\"BreadcrumbList\",\"@id\":\"https:\\\/\\\/www.adyendre.hr\\\/hu\\\/hirek\\\/#breadcrumb\",\"itemListElement\":[{\"@type\":\"ListItem\",\"position\":1,\"name\":\"Home\",\"item\":\"https:\\\/\\\/www.adyendre.hr\\\/hu\\\/\"},{\"@type\":\"ListItem\",\"position\":2,\"name\":\"H\u00edrek\"}]},{\"@type\":\"WebSite\",\"@id\":\"https:\\\/\\\/www.adyendre.hr\\\/hu\\\/#website\",\"url\":\"https:\\\/\\\/www.adyendre.hr\\\/hu\\\/\",\"name\":\"Ady Endre Kult\u00fark\u00f6r\",\"description\":\"\",\"publisher\":{\"@id\":\"https:\\\/\\\/www.adyendre.hr\\\/hu\\\/#organization\"},\"potentialAction\":[{\"@type\":\"SearchAction\",\"target\":{\"@type\":\"EntryPoint\",\"urlTemplate\":\"https:\\\/\\\/www.adyendre.hr\\\/hu\\\/?s={search_term_string}\"},\"query-input\":{\"@type\":\"PropertyValueSpecification\",\"valueRequired\":true,\"valueName\":\"search_term_string\"}}],\"inLanguage\":\"hu\"},{\"@type\":\"Organization\",\"@id\":\"https:\\\/\\\/www.adyendre.hr\\\/hu\\\/#organization\",\"name\":\"Ady Endre Kult\u00fark\u00f6r\",\"url\":\"https:\\\/\\\/www.adyendre.hr\\\/hu\\\/\",\"logo\":{\"@type\":\"ImageObject\",\"inLanguage\":\"hu\",\"@id\":\"https:\\\/\\\/www.adyendre.hr\\\/hu\\\/#\\\/schema\\\/logo\\\/image\\\/\",\"url\":\"https:\\\/\\\/www.adyendre.hr\\\/wp-content\\\/uploads\\\/2022\\\/09\\\/logo.png\",\"contentUrl\":\"https:\\\/\\\/www.adyendre.hr\\\/wp-content\\\/uploads\\\/2022\\\/09\\\/logo.png\",\"width\":170,\"height\":50,\"caption\":\"Ady Endre Kult\u00fark\u00f6r\"},\"image\":{\"@id\":\"https:\\\/\\\/www.adyendre.hr\\\/hu\\\/#\\\/schema\\\/logo\\\/image\\\/\"}}]}<\/script>\n<!-- \/ Yoast SEO plugin. -->","yoast_head_json":{"title":"H\u00edrek - Ady Endre Kult\u00fark\u00f6r","robots":{"index":"index","follow":"follow","max-snippet":"max-snippet:-1","max-image-preview":"max-image-preview:large","max-video-preview":"max-video-preview:-1"},"canonical":"https:\/\/www.adyendre.hr\/hu\/hirek\/","og_locale":"hu_HU","og_type":"article","og_title":"H\u00edrek - Ady Endre Kult\u00fark\u00f6r","og_description":"H\u00edrek 19o\u017eu\u201924 Novost Lorem ipsum dolor sit amet, consectetur adipiscing elit, sed do eiusmod tempor incididunt ut labore et dolore magna aliqua. Ut enim ...","og_url":"https:\/\/www.adyendre.hr\/hu\/hirek\/","og_site_name":"Ady Endre Kult\u00fark\u00f6r","article_modified_time":"2024-04-02T12:45:28+00:00","og_image":[{"url":"https:\/\/www.adyendre.hr\/wp-content\/uploads\/2022\/09\/07-zg-370x270.jpg","type":"","width":"","height":""}],"twitter_card":"summary_large_image","twitter_misc":{"Becs\u00fclt olvas\u00e1si id\u0151":"1 perc"},"schema":{"@context":"https:\/\/schema.org","@graph":[{"@type":"WebPage","@id":"https:\/\/www.adyendre.hr\/hu\/hirek\/","url":"https:\/\/www.adyendre.hr\/hu\/hirek\/","name":"H\u00edrek - Ady Endre Kult\u00fark\u00f6r","isPartOf":{"@id":"https:\/\/www.adyendre.hr\/hu\/#website"},"primaryImageOfPage":{"@id":"https:\/\/www.adyendre.hr\/hu\/hirek\/#primaryimage"},"image":{"@id":"https:\/\/www.adyendre.hr\/hu\/hirek\/#primaryimage"},"thumbnailUrl":"https:\/\/www.adyendre.hr\/wp-content\/uploads\/2022\/09\/07-zg-370x270.jpg","datePublished":"2022-09-11T21:38:05+00:00","dateModified":"2024-04-02T12:45:28+00:00","breadcrumb":{"@id":"https:\/\/www.adyendre.hr\/hu\/hirek\/#breadcrumb"},"inLanguage":"hu","potentialAction":[{"@type":"ReadAction","target":["https:\/\/www.adyendre.hr\/hu\/hirek\/"]}]},{"@type":"ImageObject","inLanguage":"hu","@id":"https:\/\/www.adyendre.hr\/hu\/hirek\/#primaryimage","url":"https:\/\/www.adyendre.hr\/wp-content\/uploads\/2022\/09\/07-zg-370x270.jpg","contentUrl":"https:\/\/www.adyendre.hr\/wp-content\/uploads\/2022\/09\/07-zg-370x270.jpg"},{"@type":"BreadcrumbList","@id":"https:\/\/www.adyendre.hr\/hu\/hirek\/#breadcrumb","itemListElement":[{"@type":"ListItem","position":1,"name":"Home","item":"https:\/\/www.adyendre.hr\/hu\/"},{"@type":"ListItem","position":2,"name":"H\u00edrek"}]},{"@type":"WebSite","@id":"https:\/\/www.adyendre.hr\/hu\/#website","url":"https:\/\/www.adyendre.hr\/hu\/","name":"Ady Endre Kult\u00fark\u00f6r","description":"","publisher":{"@id":"https:\/\/www.adyendre.hr\/hu\/#organization"},"potentialAction":[{"@type":"SearchAction","target":{"@type":"EntryPoint","urlTemplate":"https:\/\/www.adyendre.hr\/hu\/?s={search_term_string}"},"query-input":{"@type":"PropertyValueSpecification","valueRequired":true,"valueName":"search_term_string"}}],"inLanguage":"hu"},{"@type":"Organization","@id":"https:\/\/www.adyendre.hr\/hu\/#organization","name":"Ady Endre Kult\u00fark\u00f6r","url":"https:\/\/www.adyendre.hr\/hu\/","logo":{"@type":"ImageObject","inLanguage":"hu","@id":"https:\/\/www.adyendre.hr\/hu\/#\/schema\/logo\/image\/","url":"https:\/\/www.adyendre.hr\/wp-content\/uploads\/2022\/09\/logo.png","contentUrl":"https:\/\/www.adyendre.hr\/wp-content\/uploads\/2022\/09\/logo.png","width":170,"height":50,"caption":"Ady Endre Kult\u00fark\u00f6r"},"image":{"@id":"https:\/\/www.adyendre.hr\/hu\/#\/schema\/logo\/image\/"}}]}},"_links":{"self":[{"href":"https:\/\/www.adyendre.hr\/hu\/wp-json\/wp\/v2\/pages\/2241","targetHints":{"allow":["GET"]}}],"collection":[{"href":"https:\/\/www.adyendre.hr\/hu\/wp-json\/wp\/v2\/pages"}],"about":[{"href":"https:\/\/www.adyendre.hr\/hu\/wp-json\/wp\/v2\/types\/page"}],"author":[{"embeddable":true,"href":"https:\/\/www.adyendre.hr\/hu\/wp-json\/wp\/v2\/users\/1"}],"replies":[{"embeddable":true,"href":"https:\/\/www.adyendre.hr\/hu\/wp-json\/wp\/v2\/comments?post=2241"}],"version-history":[{"count":1,"href":"https:\/\/www.adyendre.hr\/hu\/wp-json\/wp\/v2\/pages\/2241\/revisions"}],"predecessor-version":[{"id":2242,"href":"https:\/\/www.adyendre.hr\/hu\/wp-json\/wp\/v2\/pages\/2241\/revisions\/2242"}],"wp:attachment":[{"href":"https:\/\/www.adyendre.hr\/hu\/wp-json\/wp\/v2\/media?parent=2241"}],"curies":[{"name":"wp","href":"https:\/\/api.w.org\/{rel}","templated":true}]}}