{"id":1914,"date":"2024-02-09T10:42:41","date_gmt":"2024-02-09T09:42:41","guid":{"rendered":"https:\/\/www.adyendre.hr\/szinjatszo-szakcsoport\/"},"modified":"2024-03-28T09:41:45","modified_gmt":"2024-03-28T08:41:45","slug":"a-magyar-tribun-tudomanyos-szakcsoport","status":"publish","type":"page","link":"https:\/\/www.adyendre.hr\/hu\/tevekenysegek\/a-magyar-tribun-tudomanyos-szakcsoport\/","title":{"rendered":"A Magyar trib\u00fcn &#8211; tudom\u00e1nyos szakcsoport"},"content":{"rendered":"\t\t<div data-elementor-type=\"wp-page\" data-elementor-id=\"1914\" class=\"elementor elementor-1914 elementor-1913\">\n\t\t\t\t\t\t<section class=\"elementor-section elementor-top-section elementor-element elementor-element-0600894 elementor-section-full_width elementor-section-height-default elementor-section-height-default\" data-id=\"0600894\" data-element_type=\"section\" data-e-type=\"section\">\n\t\t\t\t\t\t<div class=\"elementor-container elementor-column-gap-default\">\n\t\t\t\t\t<div class=\"elementor-column elementor-col-100 elementor-top-column elementor-element elementor-element-fec2704\" data-id=\"fec2704\" data-element_type=\"column\" data-e-type=\"column\">\n\t\t\t<div class=\"elementor-widget-wrap elementor-element-populated\">\n\t\t\t\t\t\t<section class=\"elementor-section elementor-inner-section elementor-element elementor-element-a335f86 elementor-section-boxed elementor-section-height-default elementor-section-height-default\" data-id=\"a335f86\" data-element_type=\"section\" data-e-type=\"section\">\n\t\t\t\t\t\t<div class=\"elementor-container elementor-column-gap-default\">\n\t\t\t\t\t<div class=\"elementor-column elementor-col-100 elementor-inner-column elementor-element elementor-element-9fda690\" data-id=\"9fda690\" data-element_type=\"column\" data-e-type=\"column\">\n\t\t\t<div class=\"elementor-widget-wrap elementor-element-populated\">\n\t\t\t\t\t\t<div class=\"elementor-element elementor-element-90bfb29 sec-title elementor-widget elementor-widget-heading\" data-id=\"90bfb29\" data-element_type=\"widget\" data-e-type=\"widget\" data-widget_type=\"heading.default\">\n\t\t\t\t<div class=\"elementor-widget-container\">\n\t\t\t\t\t<h1 class=\"elementor-heading-title elementor-size-default\">A Magyar trib\u00fcn - tudom\u00e1nyos szakcsoport\n<div class=\"title-shape mt-3 mx-auto\"><\/div><\/h1>\t\t\t\t<\/div>\n\t\t\t\t<\/div>\n\t\t\t\t\t<\/div>\n\t\t<\/div>\n\t\t\t\t\t<\/div>\n\t\t<\/section>\n\t\t\t\t<section class=\"elementor-section elementor-inner-section elementor-element elementor-element-df5a7cc elementor-section-boxed elementor-section-height-default elementor-section-height-default\" data-id=\"df5a7cc\" data-element_type=\"section\" data-e-type=\"section\">\n\t\t\t\t\t\t<div class=\"elementor-container elementor-column-gap-default\">\n\t\t\t\t\t<div class=\"elementor-column elementor-col-100 elementor-inner-column elementor-element elementor-element-9ad6c61\" data-id=\"9ad6c61\" data-element_type=\"column\" data-e-type=\"column\">\n\t\t\t<div class=\"elementor-widget-wrap elementor-element-populated\">\n\t\t\t\t\t\t<div class=\"elementor-element elementor-element-cfffb5c elementor-widget elementor-widget-text-editor\" data-id=\"cfffb5c\" data-element_type=\"widget\" data-e-type=\"widget\" data-widget_type=\"text-editor.default\">\n\t\t\t\t<div class=\"elementor-widget-container\">\n\t\t\t\t\t\t\t\t\t<p><strong> A Magyar Trib\u00fcn <\/strong> a Horv\u00e1torsz\u00e1gi Magyar Tudom\u00e1nyos \u00e9s M\u0171v\u00e9szeti T\u00e1rsas\u00e1g (HMTMT) tudom\u00e1nyn\u00e9pszer\u0171s\u00edt\u0151 el\u0151ad\u00e1ssorozata. A Trib\u00fcn t\u00e1rsszervez\u0151je az Ady Endre Magyar Kult\u00fark\u00f6r, t\u00e1mogat\u00f3ja Z\u00e1gr\u00e1b V\u00e1ros Magyar Kisebbs\u00e9gi Tan\u00e1csa.<\/p>\n<p>Az el\u0151ad\u00e1sok c\u00e9lja, hogy kutat\u00f3k, egyetemi oktat\u00f3k, tud\u00f3sok, magyar nyelven t\u00e1j\u00e9koztass\u00e1k a hallgat\u00f3s\u00e1got tudom\u00e1nyos t\u00e9m\u00e1kr\u00f3l \u00e9s eredm\u00e9nyekr\u0151l. Ezekhez a tudom\u00e1nyn\u00e9pszer\u0171s\u00edt\u0151 el\u0151ad\u00e1sokhoz horv\u00e1torsz\u00e1gi \u00e9s anyaorsz\u00e1gi, de term\u00e9szetesen b\u00e1rhol \u00e9l\u0151 magyar el\u0151ad\u00f3t h\u00edvunk meg, akinek a t\u00e9m\u00e1ja a magyar k\u00f6z\u00f6ss\u00e9g\u00fcnkben \u00e9rdekl\u0151d\u00e9sre tarthat sz\u00e1mot. <\/p>\n<p>Magyar Trib\u00fcn kezdem\u00e9nyez\u0151je dr. sc. Horv\u00e1th L\u00e1szl\u00f3 volt. Kezdetben \u0151 maga szervezte \u00e9s vezette, k\u00e9s\u0151bb dr.sc. Sostarec J\u00e1nos valamint dr. sc. Ranogajec-Komor M\u00e1ria. A Magyar Trib\u00fcnt 2014-t\u0151l prof. dr. sc. Petrik J\u00f3zsef szervezi. Az el\u0151ad\u00e1soknak \u00e1ltal\u00e1ban 20-30 hallgat\u00f3ja van.        <\/p>\n\t\t\t\t\t\t\t\t<\/div>\n\t\t\t\t<\/div>\n\t\t\t\t<div class=\"elementor-element elementor-element-5d74c2c elementor-widget elementor-widget-image\" data-id=\"5d74c2c\" data-element_type=\"widget\" data-e-type=\"widget\" data-widget_type=\"image.default\">\n\t\t\t\t<div class=\"elementor-widget-container\">\n\t\t\t\t\t\t\t\t\t\t\t\t\t\t\t<img fetchpriority=\"high\" decoding=\"async\" width=\"1140\" height=\"855\" src=\"https:\/\/www.adyendre.hr\/wp-content\/uploads\/2024\/03\/Madarska-tribina-2.jpg\" class=\"attachment-full size-full wp-image-2081\" alt=\"\" srcset=\"https:\/\/www.adyendre.hr\/wp-content\/uploads\/2024\/03\/Madarska-tribina-2.jpg 1140w, https:\/\/www.adyendre.hr\/wp-content\/uploads\/2024\/03\/Madarska-tribina-2-300x225.jpg 300w, https:\/\/www.adyendre.hr\/wp-content\/uploads\/2024\/03\/Madarska-tribina-2-1024x768.jpg 1024w, https:\/\/www.adyendre.hr\/wp-content\/uploads\/2024\/03\/Madarska-tribina-2-768x576.jpg 768w\" sizes=\"(max-width: 1140px) 100vw, 1140px\" \/>\t\t\t\t\t\t\t\t\t\t\t\t\t\t\t<\/div>\n\t\t\t\t<\/div>\n\t\t\t\t\t<\/div>\n\t\t<\/div>\n\t\t\t\t\t<\/div>\n\t\t<\/section>\n\t\t\t\t\t<\/div>\n\t\t<\/div>\n\t\t\t\t\t<\/div>\n\t\t<\/section>\n\t\t\t\t<\/div>\n\t\t","protected":false},"excerpt":{"rendered":"<p>A Magyar trib\u00fcn &#8211; tudom\u00e1nyos szakcsoport A Magyar Trib\u00fcn a Horv\u00e1torsz\u00e1gi Magyar Tudom\u00e1nyos \u00e9s M\u0171v\u00e9szeti T\u00e1rsas\u00e1g (HMTMT) tudom\u00e1nyn\u00e9pszer\u0171s\u00edt\u0151 el\u0151ad\u00e1ssorozata. A Trib\u00fcn t\u00e1rsszervez\u0151je az Ady &#8230;<\/p>\n","protected":false},"author":1,"featured_media":0,"parent":2206,"menu_order":0,"comment_status":"closed","ping_status":"closed","template":"tpl-default-elementor.php","meta":{"footnotes":""},"class_list":["post-1914","page","type-page","status-publish","hentry"],"yoast_head":"<!-- This site is optimized with the Yoast SEO plugin v27.5 - https:\/\/yoast.com\/product\/yoast-seo-wordpress\/ -->\n<title>A Magyar trib\u00fcn - tudom\u00e1nyos szakcsoport - Ady Endre Kult\u00fark\u00f6r<\/title>\n<meta name=\"robots\" content=\"index, follow, max-snippet:-1, max-image-preview:large, max-video-preview:-1\" \/>\n<link rel=\"canonical\" href=\"https:\/\/www.adyendre.hr\/hu\/tevekenysegek\/a-magyar-tribun-tudomanyos-szakcsoport\/\" \/>\n<meta property=\"og:locale\" content=\"hu_HU\" \/>\n<meta property=\"og:type\" content=\"article\" \/>\n<meta property=\"og:title\" content=\"A Magyar trib\u00fcn - tudom\u00e1nyos szakcsoport - Ady Endre Kult\u00fark\u00f6r\" \/>\n<meta property=\"og:description\" content=\"A Magyar trib\u00fcn &#8211; tudom\u00e1nyos szakcsoport A Magyar Trib\u00fcn a Horv\u00e1torsz\u00e1gi Magyar Tudom\u00e1nyos \u00e9s M\u0171v\u00e9szeti T\u00e1rsas\u00e1g (HMTMT) tudom\u00e1nyn\u00e9pszer\u0171s\u00edt\u0151 el\u0151ad\u00e1ssorozata. A Trib\u00fcn t\u00e1rsszervez\u0151je az Ady ...\" \/>\n<meta property=\"og:url\" content=\"https:\/\/www.adyendre.hr\/hu\/tevekenysegek\/a-magyar-tribun-tudomanyos-szakcsoport\/\" \/>\n<meta property=\"og:site_name\" content=\"Ady Endre Kult\u00fark\u00f6r\" \/>\n<meta property=\"article:modified_time\" content=\"2024-03-28T08:41:45+00:00\" \/>\n<meta property=\"og:image\" content=\"https:\/\/www.adyendre.hr\/wp-content\/uploads\/2024\/03\/Madarska-tribina-2.jpg\" \/>\n<meta name=\"twitter:card\" content=\"summary_large_image\" \/>\n<meta name=\"twitter:label1\" content=\"Becs\u00fclt olvas\u00e1si id\u0151\" \/>\n\t<meta name=\"twitter:data1\" content=\"1 perc\" \/>\n<script type=\"application\/ld+json\" class=\"yoast-schema-graph\">{\"@context\":\"https:\\\/\\\/schema.org\",\"@graph\":[{\"@type\":\"WebPage\",\"@id\":\"https:\\\/\\\/www.adyendre.hr\\\/hu\\\/tevekenysegek\\\/a-magyar-tribun-tudomanyos-szakcsoport\\\/\",\"url\":\"https:\\\/\\\/www.adyendre.hr\\\/hu\\\/tevekenysegek\\\/a-magyar-tribun-tudomanyos-szakcsoport\\\/\",\"name\":\"A Magyar trib\u00fcn - tudom\u00e1nyos szakcsoport - Ady Endre Kult\u00fark\u00f6r\",\"isPartOf\":{\"@id\":\"https:\\\/\\\/www.adyendre.hr\\\/hu\\\/#website\"},\"primaryImageOfPage\":{\"@id\":\"https:\\\/\\\/www.adyendre.hr\\\/hu\\\/tevekenysegek\\\/a-magyar-tribun-tudomanyos-szakcsoport\\\/#primaryimage\"},\"image\":{\"@id\":\"https:\\\/\\\/www.adyendre.hr\\\/hu\\\/tevekenysegek\\\/a-magyar-tribun-tudomanyos-szakcsoport\\\/#primaryimage\"},\"thumbnailUrl\":\"https:\\\/\\\/www.adyendre.hr\\\/wp-content\\\/uploads\\\/2024\\\/03\\\/Madarska-tribina-2.jpg\",\"datePublished\":\"2024-02-09T09:42:41+00:00\",\"dateModified\":\"2024-03-28T08:41:45+00:00\",\"breadcrumb\":{\"@id\":\"https:\\\/\\\/www.adyendre.hr\\\/hu\\\/tevekenysegek\\\/a-magyar-tribun-tudomanyos-szakcsoport\\\/#breadcrumb\"},\"inLanguage\":\"hu\",\"potentialAction\":[{\"@type\":\"ReadAction\",\"target\":[\"https:\\\/\\\/www.adyendre.hr\\\/hu\\\/tevekenysegek\\\/a-magyar-tribun-tudomanyos-szakcsoport\\\/\"]}]},{\"@type\":\"ImageObject\",\"inLanguage\":\"hu\",\"@id\":\"https:\\\/\\\/www.adyendre.hr\\\/hu\\\/tevekenysegek\\\/a-magyar-tribun-tudomanyos-szakcsoport\\\/#primaryimage\",\"url\":\"https:\\\/\\\/www.adyendre.hr\\\/wp-content\\\/uploads\\\/2024\\\/03\\\/Madarska-tribina-2.jpg\",\"contentUrl\":\"https:\\\/\\\/www.adyendre.hr\\\/wp-content\\\/uploads\\\/2024\\\/03\\\/Madarska-tribina-2.jpg\"},{\"@type\":\"BreadcrumbList\",\"@id\":\"https:\\\/\\\/www.adyendre.hr\\\/hu\\\/tevekenysegek\\\/a-magyar-tribun-tudomanyos-szakcsoport\\\/#breadcrumb\",\"itemListElement\":[{\"@type\":\"ListItem\",\"position\":1,\"name\":\"Home\",\"item\":\"https:\\\/\\\/www.adyendre.hr\\\/hu\\\/\"},{\"@type\":\"ListItem\",\"position\":2,\"name\":\"Tev\u00e9kenys\u00e9gek\",\"item\":\"https:\\\/\\\/www.adyendre.hr\\\/hu\\\/tevekenysegek\\\/\"},{\"@type\":\"ListItem\",\"position\":3,\"name\":\"A Magyar trib\u00fcn &#8211; tudom\u00e1nyos szakcsoport\"}]},{\"@type\":\"WebSite\",\"@id\":\"https:\\\/\\\/www.adyendre.hr\\\/hu\\\/#website\",\"url\":\"https:\\\/\\\/www.adyendre.hr\\\/hu\\\/\",\"name\":\"Ady Endre Kult\u00fark\u00f6r\",\"description\":\"\",\"publisher\":{\"@id\":\"https:\\\/\\\/www.adyendre.hr\\\/hu\\\/#organization\"},\"potentialAction\":[{\"@type\":\"SearchAction\",\"target\":{\"@type\":\"EntryPoint\",\"urlTemplate\":\"https:\\\/\\\/www.adyendre.hr\\\/hu\\\/?s={search_term_string}\"},\"query-input\":{\"@type\":\"PropertyValueSpecification\",\"valueRequired\":true,\"valueName\":\"search_term_string\"}}],\"inLanguage\":\"hu\"},{\"@type\":\"Organization\",\"@id\":\"https:\\\/\\\/www.adyendre.hr\\\/hu\\\/#organization\",\"name\":\"Ady Endre Kult\u00fark\u00f6r\",\"url\":\"https:\\\/\\\/www.adyendre.hr\\\/hu\\\/\",\"logo\":{\"@type\":\"ImageObject\",\"inLanguage\":\"hu\",\"@id\":\"https:\\\/\\\/www.adyendre.hr\\\/hu\\\/#\\\/schema\\\/logo\\\/image\\\/\",\"url\":\"https:\\\/\\\/www.adyendre.hr\\\/wp-content\\\/uploads\\\/2022\\\/09\\\/logo.png\",\"contentUrl\":\"https:\\\/\\\/www.adyendre.hr\\\/wp-content\\\/uploads\\\/2022\\\/09\\\/logo.png\",\"width\":170,\"height\":50,\"caption\":\"Ady Endre Kult\u00fark\u00f6r\"},\"image\":{\"@id\":\"https:\\\/\\\/www.adyendre.hr\\\/hu\\\/#\\\/schema\\\/logo\\\/image\\\/\"}}]}<\/script>\n<!-- \/ Yoast SEO plugin. -->","yoast_head_json":{"title":"A Magyar trib\u00fcn - tudom\u00e1nyos szakcsoport - Ady Endre Kult\u00fark\u00f6r","robots":{"index":"index","follow":"follow","max-snippet":"max-snippet:-1","max-image-preview":"max-image-preview:large","max-video-preview":"max-video-preview:-1"},"canonical":"https:\/\/www.adyendre.hr\/hu\/tevekenysegek\/a-magyar-tribun-tudomanyos-szakcsoport\/","og_locale":"hu_HU","og_type":"article","og_title":"A Magyar trib\u00fcn - tudom\u00e1nyos szakcsoport - Ady Endre Kult\u00fark\u00f6r","og_description":"A Magyar trib\u00fcn &#8211; tudom\u00e1nyos szakcsoport A Magyar Trib\u00fcn a Horv\u00e1torsz\u00e1gi Magyar Tudom\u00e1nyos \u00e9s M\u0171v\u00e9szeti T\u00e1rsas\u00e1g (HMTMT) tudom\u00e1nyn\u00e9pszer\u0171s\u00edt\u0151 el\u0151ad\u00e1ssorozata. A Trib\u00fcn t\u00e1rsszervez\u0151je az Ady ...","og_url":"https:\/\/www.adyendre.hr\/hu\/tevekenysegek\/a-magyar-tribun-tudomanyos-szakcsoport\/","og_site_name":"Ady Endre Kult\u00fark\u00f6r","article_modified_time":"2024-03-28T08:41:45+00:00","og_image":[{"url":"https:\/\/www.adyendre.hr\/wp-content\/uploads\/2024\/03\/Madarska-tribina-2.jpg","type":"","width":"","height":""}],"twitter_card":"summary_large_image","twitter_misc":{"Becs\u00fclt olvas\u00e1si id\u0151":"1 perc"},"schema":{"@context":"https:\/\/schema.org","@graph":[{"@type":"WebPage","@id":"https:\/\/www.adyendre.hr\/hu\/tevekenysegek\/a-magyar-tribun-tudomanyos-szakcsoport\/","url":"https:\/\/www.adyendre.hr\/hu\/tevekenysegek\/a-magyar-tribun-tudomanyos-szakcsoport\/","name":"A Magyar trib\u00fcn - tudom\u00e1nyos szakcsoport - Ady Endre Kult\u00fark\u00f6r","isPartOf":{"@id":"https:\/\/www.adyendre.hr\/hu\/#website"},"primaryImageOfPage":{"@id":"https:\/\/www.adyendre.hr\/hu\/tevekenysegek\/a-magyar-tribun-tudomanyos-szakcsoport\/#primaryimage"},"image":{"@id":"https:\/\/www.adyendre.hr\/hu\/tevekenysegek\/a-magyar-tribun-tudomanyos-szakcsoport\/#primaryimage"},"thumbnailUrl":"https:\/\/www.adyendre.hr\/wp-content\/uploads\/2024\/03\/Madarska-tribina-2.jpg","datePublished":"2024-02-09T09:42:41+00:00","dateModified":"2024-03-28T08:41:45+00:00","breadcrumb":{"@id":"https:\/\/www.adyendre.hr\/hu\/tevekenysegek\/a-magyar-tribun-tudomanyos-szakcsoport\/#breadcrumb"},"inLanguage":"hu","potentialAction":[{"@type":"ReadAction","target":["https:\/\/www.adyendre.hr\/hu\/tevekenysegek\/a-magyar-tribun-tudomanyos-szakcsoport\/"]}]},{"@type":"ImageObject","inLanguage":"hu","@id":"https:\/\/www.adyendre.hr\/hu\/tevekenysegek\/a-magyar-tribun-tudomanyos-szakcsoport\/#primaryimage","url":"https:\/\/www.adyendre.hr\/wp-content\/uploads\/2024\/03\/Madarska-tribina-2.jpg","contentUrl":"https:\/\/www.adyendre.hr\/wp-content\/uploads\/2024\/03\/Madarska-tribina-2.jpg"},{"@type":"BreadcrumbList","@id":"https:\/\/www.adyendre.hr\/hu\/tevekenysegek\/a-magyar-tribun-tudomanyos-szakcsoport\/#breadcrumb","itemListElement":[{"@type":"ListItem","position":1,"name":"Home","item":"https:\/\/www.adyendre.hr\/hu\/"},{"@type":"ListItem","position":2,"name":"Tev\u00e9kenys\u00e9gek","item":"https:\/\/www.adyendre.hr\/hu\/tevekenysegek\/"},{"@type":"ListItem","position":3,"name":"A Magyar trib\u00fcn &#8211; tudom\u00e1nyos szakcsoport"}]},{"@type":"WebSite","@id":"https:\/\/www.adyendre.hr\/hu\/#website","url":"https:\/\/www.adyendre.hr\/hu\/","name":"Ady Endre Kult\u00fark\u00f6r","description":"","publisher":{"@id":"https:\/\/www.adyendre.hr\/hu\/#organization"},"potentialAction":[{"@type":"SearchAction","target":{"@type":"EntryPoint","urlTemplate":"https:\/\/www.adyendre.hr\/hu\/?s={search_term_string}"},"query-input":{"@type":"PropertyValueSpecification","valueRequired":true,"valueName":"search_term_string"}}],"inLanguage":"hu"},{"@type":"Organization","@id":"https:\/\/www.adyendre.hr\/hu\/#organization","name":"Ady Endre Kult\u00fark\u00f6r","url":"https:\/\/www.adyendre.hr\/hu\/","logo":{"@type":"ImageObject","inLanguage":"hu","@id":"https:\/\/www.adyendre.hr\/hu\/#\/schema\/logo\/image\/","url":"https:\/\/www.adyendre.hr\/wp-content\/uploads\/2022\/09\/logo.png","contentUrl":"https:\/\/www.adyendre.hr\/wp-content\/uploads\/2022\/09\/logo.png","width":170,"height":50,"caption":"Ady Endre Kult\u00fark\u00f6r"},"image":{"@id":"https:\/\/www.adyendre.hr\/hu\/#\/schema\/logo\/image\/"}}]}},"_links":{"self":[{"href":"https:\/\/www.adyendre.hr\/hu\/wp-json\/wp\/v2\/pages\/1914","targetHints":{"allow":["GET"]}}],"collection":[{"href":"https:\/\/www.adyendre.hr\/hu\/wp-json\/wp\/v2\/pages"}],"about":[{"href":"https:\/\/www.adyendre.hr\/hu\/wp-json\/wp\/v2\/types\/page"}],"author":[{"embeddable":true,"href":"https:\/\/www.adyendre.hr\/hu\/wp-json\/wp\/v2\/users\/1"}],"replies":[{"embeddable":true,"href":"https:\/\/www.adyendre.hr\/hu\/wp-json\/wp\/v2\/comments?post=1914"}],"version-history":[{"count":8,"href":"https:\/\/www.adyendre.hr\/hu\/wp-json\/wp\/v2\/pages\/1914\/revisions"}],"predecessor-version":[{"id":2087,"href":"https:\/\/www.adyendre.hr\/hu\/wp-json\/wp\/v2\/pages\/1914\/revisions\/2087"}],"up":[{"embeddable":true,"href":"https:\/\/www.adyendre.hr\/hu\/wp-json\/wp\/v2\/pages\/2206"}],"wp:attachment":[{"href":"https:\/\/www.adyendre.hr\/hu\/wp-json\/wp\/v2\/media?parent=1914"}],"curies":[{"name":"wp","href":"https:\/\/api.w.org\/{rel}","templated":true}]}}