{"id":1904,"date":"2024-02-09T10:36:38","date_gmt":"2024-02-09T09:36:38","guid":{"rendered":"https:\/\/www.adyendre.hr\/szinjatszo-szakcsoport\/"},"modified":"2024-03-28T09:31:24","modified_gmt":"2024-03-28T08:31:24","slug":"citera-szakcsoport","status":"publish","type":"page","link":"https:\/\/www.adyendre.hr\/hu\/tevekenysegek\/citera-szakcsoport\/","title":{"rendered":"Citera szakcsoport"},"content":{"rendered":"\t\t<div data-elementor-type=\"wp-page\" data-elementor-id=\"1904\" class=\"elementor elementor-1904 elementor-1903\">\n\t\t\t\t\t\t<section class=\"elementor-section elementor-top-section elementor-element elementor-element-0600894 elementor-section-full_width elementor-section-height-default elementor-section-height-default\" data-id=\"0600894\" data-element_type=\"section\" data-e-type=\"section\">\n\t\t\t\t\t\t<div class=\"elementor-container elementor-column-gap-default\">\n\t\t\t\t\t<div class=\"elementor-column elementor-col-100 elementor-top-column elementor-element elementor-element-fec2704\" data-id=\"fec2704\" data-element_type=\"column\" data-e-type=\"column\">\n\t\t\t<div class=\"elementor-widget-wrap elementor-element-populated\">\n\t\t\t\t\t\t<section class=\"elementor-section elementor-inner-section elementor-element elementor-element-a335f86 elementor-section-boxed elementor-section-height-default elementor-section-height-default\" data-id=\"a335f86\" data-element_type=\"section\" data-e-type=\"section\">\n\t\t\t\t\t\t<div class=\"elementor-container elementor-column-gap-default\">\n\t\t\t\t\t<div class=\"elementor-column elementor-col-100 elementor-inner-column elementor-element elementor-element-9fda690\" data-id=\"9fda690\" data-element_type=\"column\" data-e-type=\"column\">\n\t\t\t<div class=\"elementor-widget-wrap elementor-element-populated\">\n\t\t\t\t\t\t<div class=\"elementor-element elementor-element-90bfb29 sec-title elementor-widget elementor-widget-heading\" data-id=\"90bfb29\" data-element_type=\"widget\" data-e-type=\"widget\" data-widget_type=\"heading.default\">\n\t\t\t\t<div class=\"elementor-widget-container\">\n\t\t\t\t\t<h1 class=\"elementor-heading-title elementor-size-default\">Citera szakcsoport\n<div class=\"title-shape mt-3 mx-auto\"><\/div><\/h1>\t\t\t\t<\/div>\n\t\t\t\t<\/div>\n\t\t\t\t\t<\/div>\n\t\t<\/div>\n\t\t\t\t\t<\/div>\n\t\t<\/section>\n\t\t\t\t<section class=\"elementor-section elementor-inner-section elementor-element elementor-element-df5a7cc elementor-section-boxed elementor-section-height-default elementor-section-height-default\" data-id=\"df5a7cc\" data-element_type=\"section\" data-e-type=\"section\">\n\t\t\t\t\t\t<div class=\"elementor-container elementor-column-gap-default\">\n\t\t\t\t\t<div class=\"elementor-column elementor-col-100 elementor-inner-column elementor-element elementor-element-9ad6c61\" data-id=\"9ad6c61\" data-element_type=\"column\" data-e-type=\"column\">\n\t\t\t<div class=\"elementor-widget-wrap elementor-element-populated\">\n\t\t\t\t\t\t<div class=\"elementor-element elementor-element-cfffb5c elementor-widget elementor-widget-text-editor\" data-id=\"cfffb5c\" data-element_type=\"widget\" data-e-type=\"widget\" data-widget_type=\"text-editor.default\">\n\t\t\t\t<div class=\"elementor-widget-container\">\n\t\t\t\t\t\t\t\t\t<p>A csoport magyarorsz\u00e1gi t\u00e1mogat\u00e1snak, a Cso\u00f3ri S\u00e1ndor Alapnak, valamint Z\u00e1gr\u00e1b V\u00e1ros Magyar Kisebbs\u00e9gi Tan\u00e1csa t\u00e1mogat\u00e1s\u00e1nak k\u00f6sz\u00f6nhet\u0151en j\u00f6tt l\u00e9tre m\u00e9g 2020-ban. <\/p>\n<p>Az \u00e9vek folyam\u00e1n t\u00f6bb p\u00e1ly\u00e1zati forr\u00e1soknak k\u00f6sz\u00f6nhet\u0151en siker\u00fclt a csoportnak 10 citer\u00e1t \u00e9s egy teker\u0151lantott biztos\u00edtani. K\u00e9t k\u00f6cs\u00f6gdud\u00e1t is k\u00e9sz\u00edtett\u00fcnk a zenekarban. <\/p>\n<p>Az citeraegy\u00fcttes 2022-ben \u00f6sszesen 25, m\u00edg 2023-ban 20 alkalommal l\u00e9pett fel, melyek k\u00f6z\u00fcl kiemelkedik a trojeglavai, pakr\u00e1ci, v\u00e1rdar\u00f3ci, a z\u00e1gr\u00e1bi Zr\u00ednyi T\u00e9ren, valamint a Zeneakad\u00e9mi\u00e1n t\u00f6rt\u00e9n\u0151 fell\u00e9p\u00e9sek.  <\/p>\n<p>A citeraegy\u00fcttes tagjai z\u00e1gr\u00e1bi magyar gyermekek, a csapat fele a Gunduli\u0107 \u00c1ltal\u00e1nos Iskola magyar oszt\u00e1ly\u00e1ba j\u00e1rnak, j\u00e1rtak, valamennyien tagjai a z\u00e1gr\u00e1bi Zr\u00ednyi Mikl\u00f3s Cserk\u00e9szcsapatnak is. \u00cdgy t\u00f6rt\u00e9nhetett, hogy a 2022-es \u00e9vben a citeracsoport Esz\u00e9ken is fell\u00e9pett a Horv\u00e1t Cserk\u00e9szsz\u00f6vets\u00e9g zenei vet\u00e9lked\u0151j\u00e9n, melyen nagy sikert arattak.  <\/p>\n<p>Citerazenekarunk a K\u00f6r gyermek n\u00e9pt\u00e1nc csoportj\u00e1t is kis\u00e9ri \u00e9l\u0151 zen\u00e9vel a fell\u00e9p\u00e9seken. A citerazenekar k\u00eds\u00e9ret\u00e9ben fell\u00e9p a kisk\u00f3rus is magyar n\u00e9pdalokat \u00e9nekelve. <\/p>\n<p>A z\u00e1gr\u00e1bi Ady Endre Magyar Kult\u00fark\u00f6rben a hangszeroktat\u00e1s, a fell\u00e9p\u00e9sekre t\u00f6rt\u00e9n\u0151 eljut\u00e1s \u00e9s a technikai-m\u00f3dszertani eszk\u00f6z\u00f6k biztos\u00edt\u00e1sa a magyar valamint a horv\u00e1t Korm\u00e1ny t\u00e1mogat\u00e1s\u00e1val val\u00f3sulhat meg.<\/p>\n<p>A citeraegy\u00fcttes, oktat\u00f3jukkal Bal\u00e1zs Piri Zolt\u00e1nnal, az elm\u00falt \u00e9vben nagyon sikeresen m\u0171k\u00f6d\u00f6tt. L\u00e9tsz\u00e1mban is folyamatosan b\u0151v\u00fclt (10 citer\u00e1s), 12 db hangszerrel rendelkeznek (7 K\u00f6r, 3 Tan\u00e1cs, 2 priv\u00e1t).  <\/p>\n<p>Szerd\u00e1nk\u00e9nt \u00e9s szombat d\u00e9lel\u0151tt\u00f6nk\u00e9nt pr\u00f3b\u00e1lnak. Munk\u00e1jukat a 4-5 tag\u00fa \u201eKis k\u00f3rus\u201d seg\u00edti, \u00e9s rendszeres az egy\u00fcttm\u0171k\u00f6d\u00e9s a n\u00e9pt\u00e1ncegy\u00fcttessel \u00e9s cserk\u00e9szcsapattal is.<\/p>\n<p>Az eredm\u00e9nyes munk\u00e1t az elm\u00falt id\u0151szakban, valamint a hangszerv\u00e1s\u00e1rl\u00e1st, \u00e9s r\u00e9szben a fell\u00e9p\u00e9seket a Cso\u00f3ri S\u00e1ndor p\u00e1ly\u00e1zat fedezte.<\/p>\n\t\t\t\t\t\t\t\t<\/div>\n\t\t\t\t<\/div>\n\t\t\t\t<div class=\"elementor-element elementor-element-4f051ad elementor-widget elementor-widget-image\" data-id=\"4f051ad\" data-element_type=\"widget\" data-e-type=\"widget\" data-widget_type=\"image.default\">\n\t\t\t\t<div class=\"elementor-widget-container\">\n\t\t\t\t\t\t\t\t\t\t\t\t\t\t\t<img fetchpriority=\"high\" decoding=\"async\" width=\"1140\" height=\"855\" src=\"https:\/\/www.adyendre.hr\/wp-content\/uploads\/2024\/03\/Citraska-sekcija.jpg\" class=\"attachment-full size-full wp-image-2055\" alt=\"\" srcset=\"https:\/\/www.adyendre.hr\/wp-content\/uploads\/2024\/03\/Citraska-sekcija.jpg 1140w, https:\/\/www.adyendre.hr\/wp-content\/uploads\/2024\/03\/Citraska-sekcija-300x225.jpg 300w, https:\/\/www.adyendre.hr\/wp-content\/uploads\/2024\/03\/Citraska-sekcija-1024x768.jpg 1024w, https:\/\/www.adyendre.hr\/wp-content\/uploads\/2024\/03\/Citraska-sekcija-768x576.jpg 768w\" sizes=\"(max-width: 1140px) 100vw, 1140px\" \/>\t\t\t\t\t\t\t\t\t\t\t\t\t\t\t<\/div>\n\t\t\t\t<\/div>\n\t\t\t\t\t<\/div>\n\t\t<\/div>\n\t\t\t\t\t<\/div>\n\t\t<\/section>\n\t\t\t\t\t<\/div>\n\t\t<\/div>\n\t\t\t\t\t<\/div>\n\t\t<\/section>\n\t\t\t\t<\/div>\n\t\t","protected":false},"excerpt":{"rendered":"<p>Citera szakcsoport A csoport magyarorsz\u00e1gi t\u00e1mogat\u00e1snak, a Cso\u00f3ri S\u00e1ndor Alapnak, valamint Z\u00e1gr\u00e1b V\u00e1ros Magyar Kisebbs\u00e9gi Tan\u00e1csa t\u00e1mogat\u00e1s\u00e1nak k\u00f6sz\u00f6nhet\u0151en j\u00f6tt l\u00e9tre m\u00e9g 2020-ban. Az \u00e9vek &#8230;<\/p>\n","protected":false},"author":1,"featured_media":0,"parent":2206,"menu_order":0,"comment_status":"closed","ping_status":"closed","template":"tpl-default-elementor.php","meta":{"footnotes":""},"class_list":["post-1904","page","type-page","status-publish","hentry"],"yoast_head":"<!-- This site is optimized with the Yoast SEO plugin v27.5 - https:\/\/yoast.com\/product\/yoast-seo-wordpress\/ -->\n<title>Citera szakcsoport - Ady Endre Kult\u00fark\u00f6r<\/title>\n<meta name=\"robots\" content=\"index, follow, max-snippet:-1, max-image-preview:large, max-video-preview:-1\" \/>\n<link rel=\"canonical\" href=\"https:\/\/www.adyendre.hr\/hu\/tevekenysegek\/citera-szakcsoport\/\" \/>\n<meta property=\"og:locale\" content=\"hu_HU\" \/>\n<meta property=\"og:type\" content=\"article\" \/>\n<meta property=\"og:title\" content=\"Citera szakcsoport - Ady Endre Kult\u00fark\u00f6r\" \/>\n<meta property=\"og:description\" content=\"Citera szakcsoport A csoport magyarorsz\u00e1gi t\u00e1mogat\u00e1snak, a Cso\u00f3ri S\u00e1ndor Alapnak, valamint Z\u00e1gr\u00e1b V\u00e1ros Magyar Kisebbs\u00e9gi Tan\u00e1csa t\u00e1mogat\u00e1s\u00e1nak k\u00f6sz\u00f6nhet\u0151en j\u00f6tt l\u00e9tre m\u00e9g 2020-ban. Az \u00e9vek ...\" \/>\n<meta property=\"og:url\" content=\"https:\/\/www.adyendre.hr\/hu\/tevekenysegek\/citera-szakcsoport\/\" \/>\n<meta property=\"og:site_name\" content=\"Ady Endre Kult\u00fark\u00f6r\" \/>\n<meta property=\"article:modified_time\" content=\"2024-03-28T08:31:24+00:00\" \/>\n<meta property=\"og:image\" content=\"https:\/\/www.adyendre.hr\/wp-content\/uploads\/2024\/03\/Citraska-sekcija.jpg\" \/>\n<meta name=\"twitter:card\" content=\"summary_large_image\" \/>\n<meta name=\"twitter:label1\" content=\"Becs\u00fclt olvas\u00e1si id\u0151\" \/>\n\t<meta name=\"twitter:data1\" content=\"2 perc\" \/>\n<script type=\"application\/ld+json\" class=\"yoast-schema-graph\">{\"@context\":\"https:\\\/\\\/schema.org\",\"@graph\":[{\"@type\":\"WebPage\",\"@id\":\"https:\\\/\\\/www.adyendre.hr\\\/hu\\\/tevekenysegek\\\/citera-szakcsoport\\\/\",\"url\":\"https:\\\/\\\/www.adyendre.hr\\\/hu\\\/tevekenysegek\\\/citera-szakcsoport\\\/\",\"name\":\"Citera szakcsoport - Ady Endre Kult\u00fark\u00f6r\",\"isPartOf\":{\"@id\":\"https:\\\/\\\/www.adyendre.hr\\\/hu\\\/#website\"},\"primaryImageOfPage\":{\"@id\":\"https:\\\/\\\/www.adyendre.hr\\\/hu\\\/tevekenysegek\\\/citera-szakcsoport\\\/#primaryimage\"},\"image\":{\"@id\":\"https:\\\/\\\/www.adyendre.hr\\\/hu\\\/tevekenysegek\\\/citera-szakcsoport\\\/#primaryimage\"},\"thumbnailUrl\":\"https:\\\/\\\/www.adyendre.hr\\\/wp-content\\\/uploads\\\/2024\\\/03\\\/Citraska-sekcija.jpg\",\"datePublished\":\"2024-02-09T09:36:38+00:00\",\"dateModified\":\"2024-03-28T08:31:24+00:00\",\"breadcrumb\":{\"@id\":\"https:\\\/\\\/www.adyendre.hr\\\/hu\\\/tevekenysegek\\\/citera-szakcsoport\\\/#breadcrumb\"},\"inLanguage\":\"hu\",\"potentialAction\":[{\"@type\":\"ReadAction\",\"target\":[\"https:\\\/\\\/www.adyendre.hr\\\/hu\\\/tevekenysegek\\\/citera-szakcsoport\\\/\"]}]},{\"@type\":\"ImageObject\",\"inLanguage\":\"hu\",\"@id\":\"https:\\\/\\\/www.adyendre.hr\\\/hu\\\/tevekenysegek\\\/citera-szakcsoport\\\/#primaryimage\",\"url\":\"https:\\\/\\\/www.adyendre.hr\\\/wp-content\\\/uploads\\\/2024\\\/03\\\/Citraska-sekcija.jpg\",\"contentUrl\":\"https:\\\/\\\/www.adyendre.hr\\\/wp-content\\\/uploads\\\/2024\\\/03\\\/Citraska-sekcija.jpg\"},{\"@type\":\"BreadcrumbList\",\"@id\":\"https:\\\/\\\/www.adyendre.hr\\\/hu\\\/tevekenysegek\\\/citera-szakcsoport\\\/#breadcrumb\",\"itemListElement\":[{\"@type\":\"ListItem\",\"position\":1,\"name\":\"Home\",\"item\":\"https:\\\/\\\/www.adyendre.hr\\\/hu\\\/\"},{\"@type\":\"ListItem\",\"position\":2,\"name\":\"Tev\u00e9kenys\u00e9gek\",\"item\":\"https:\\\/\\\/www.adyendre.hr\\\/hu\\\/tevekenysegek\\\/\"},{\"@type\":\"ListItem\",\"position\":3,\"name\":\"Citera szakcsoport\"}]},{\"@type\":\"WebSite\",\"@id\":\"https:\\\/\\\/www.adyendre.hr\\\/hu\\\/#website\",\"url\":\"https:\\\/\\\/www.adyendre.hr\\\/hu\\\/\",\"name\":\"Ady Endre Kult\u00fark\u00f6r\",\"description\":\"\",\"publisher\":{\"@id\":\"https:\\\/\\\/www.adyendre.hr\\\/hu\\\/#organization\"},\"potentialAction\":[{\"@type\":\"SearchAction\",\"target\":{\"@type\":\"EntryPoint\",\"urlTemplate\":\"https:\\\/\\\/www.adyendre.hr\\\/hu\\\/?s={search_term_string}\"},\"query-input\":{\"@type\":\"PropertyValueSpecification\",\"valueRequired\":true,\"valueName\":\"search_term_string\"}}],\"inLanguage\":\"hu\"},{\"@type\":\"Organization\",\"@id\":\"https:\\\/\\\/www.adyendre.hr\\\/hu\\\/#organization\",\"name\":\"Ady Endre Kult\u00fark\u00f6r\",\"url\":\"https:\\\/\\\/www.adyendre.hr\\\/hu\\\/\",\"logo\":{\"@type\":\"ImageObject\",\"inLanguage\":\"hu\",\"@id\":\"https:\\\/\\\/www.adyendre.hr\\\/hu\\\/#\\\/schema\\\/logo\\\/image\\\/\",\"url\":\"https:\\\/\\\/www.adyendre.hr\\\/wp-content\\\/uploads\\\/2022\\\/09\\\/logo.png\",\"contentUrl\":\"https:\\\/\\\/www.adyendre.hr\\\/wp-content\\\/uploads\\\/2022\\\/09\\\/logo.png\",\"width\":170,\"height\":50,\"caption\":\"Ady Endre Kult\u00fark\u00f6r\"},\"image\":{\"@id\":\"https:\\\/\\\/www.adyendre.hr\\\/hu\\\/#\\\/schema\\\/logo\\\/image\\\/\"}}]}<\/script>\n<!-- \/ Yoast SEO plugin. -->","yoast_head_json":{"title":"Citera szakcsoport - Ady Endre Kult\u00fark\u00f6r","robots":{"index":"index","follow":"follow","max-snippet":"max-snippet:-1","max-image-preview":"max-image-preview:large","max-video-preview":"max-video-preview:-1"},"canonical":"https:\/\/www.adyendre.hr\/hu\/tevekenysegek\/citera-szakcsoport\/","og_locale":"hu_HU","og_type":"article","og_title":"Citera szakcsoport - Ady Endre Kult\u00fark\u00f6r","og_description":"Citera szakcsoport A csoport magyarorsz\u00e1gi t\u00e1mogat\u00e1snak, a Cso\u00f3ri S\u00e1ndor Alapnak, valamint Z\u00e1gr\u00e1b V\u00e1ros Magyar Kisebbs\u00e9gi Tan\u00e1csa t\u00e1mogat\u00e1s\u00e1nak k\u00f6sz\u00f6nhet\u0151en j\u00f6tt l\u00e9tre m\u00e9g 2020-ban. Az \u00e9vek ...","og_url":"https:\/\/www.adyendre.hr\/hu\/tevekenysegek\/citera-szakcsoport\/","og_site_name":"Ady Endre Kult\u00fark\u00f6r","article_modified_time":"2024-03-28T08:31:24+00:00","og_image":[{"url":"https:\/\/www.adyendre.hr\/wp-content\/uploads\/2024\/03\/Citraska-sekcija.jpg","type":"","width":"","height":""}],"twitter_card":"summary_large_image","twitter_misc":{"Becs\u00fclt olvas\u00e1si id\u0151":"2 perc"},"schema":{"@context":"https:\/\/schema.org","@graph":[{"@type":"WebPage","@id":"https:\/\/www.adyendre.hr\/hu\/tevekenysegek\/citera-szakcsoport\/","url":"https:\/\/www.adyendre.hr\/hu\/tevekenysegek\/citera-szakcsoport\/","name":"Citera szakcsoport - Ady Endre Kult\u00fark\u00f6r","isPartOf":{"@id":"https:\/\/www.adyendre.hr\/hu\/#website"},"primaryImageOfPage":{"@id":"https:\/\/www.adyendre.hr\/hu\/tevekenysegek\/citera-szakcsoport\/#primaryimage"},"image":{"@id":"https:\/\/www.adyendre.hr\/hu\/tevekenysegek\/citera-szakcsoport\/#primaryimage"},"thumbnailUrl":"https:\/\/www.adyendre.hr\/wp-content\/uploads\/2024\/03\/Citraska-sekcija.jpg","datePublished":"2024-02-09T09:36:38+00:00","dateModified":"2024-03-28T08:31:24+00:00","breadcrumb":{"@id":"https:\/\/www.adyendre.hr\/hu\/tevekenysegek\/citera-szakcsoport\/#breadcrumb"},"inLanguage":"hu","potentialAction":[{"@type":"ReadAction","target":["https:\/\/www.adyendre.hr\/hu\/tevekenysegek\/citera-szakcsoport\/"]}]},{"@type":"ImageObject","inLanguage":"hu","@id":"https:\/\/www.adyendre.hr\/hu\/tevekenysegek\/citera-szakcsoport\/#primaryimage","url":"https:\/\/www.adyendre.hr\/wp-content\/uploads\/2024\/03\/Citraska-sekcija.jpg","contentUrl":"https:\/\/www.adyendre.hr\/wp-content\/uploads\/2024\/03\/Citraska-sekcija.jpg"},{"@type":"BreadcrumbList","@id":"https:\/\/www.adyendre.hr\/hu\/tevekenysegek\/citera-szakcsoport\/#breadcrumb","itemListElement":[{"@type":"ListItem","position":1,"name":"Home","item":"https:\/\/www.adyendre.hr\/hu\/"},{"@type":"ListItem","position":2,"name":"Tev\u00e9kenys\u00e9gek","item":"https:\/\/www.adyendre.hr\/hu\/tevekenysegek\/"},{"@type":"ListItem","position":3,"name":"Citera szakcsoport"}]},{"@type":"WebSite","@id":"https:\/\/www.adyendre.hr\/hu\/#website","url":"https:\/\/www.adyendre.hr\/hu\/","name":"Ady Endre Kult\u00fark\u00f6r","description":"","publisher":{"@id":"https:\/\/www.adyendre.hr\/hu\/#organization"},"potentialAction":[{"@type":"SearchAction","target":{"@type":"EntryPoint","urlTemplate":"https:\/\/www.adyendre.hr\/hu\/?s={search_term_string}"},"query-input":{"@type":"PropertyValueSpecification","valueRequired":true,"valueName":"search_term_string"}}],"inLanguage":"hu"},{"@type":"Organization","@id":"https:\/\/www.adyendre.hr\/hu\/#organization","name":"Ady Endre Kult\u00fark\u00f6r","url":"https:\/\/www.adyendre.hr\/hu\/","logo":{"@type":"ImageObject","inLanguage":"hu","@id":"https:\/\/www.adyendre.hr\/hu\/#\/schema\/logo\/image\/","url":"https:\/\/www.adyendre.hr\/wp-content\/uploads\/2022\/09\/logo.png","contentUrl":"https:\/\/www.adyendre.hr\/wp-content\/uploads\/2022\/09\/logo.png","width":170,"height":50,"caption":"Ady Endre Kult\u00fark\u00f6r"},"image":{"@id":"https:\/\/www.adyendre.hr\/hu\/#\/schema\/logo\/image\/"}}]}},"_links":{"self":[{"href":"https:\/\/www.adyendre.hr\/hu\/wp-json\/wp\/v2\/pages\/1904","targetHints":{"allow":["GET"]}}],"collection":[{"href":"https:\/\/www.adyendre.hr\/hu\/wp-json\/wp\/v2\/pages"}],"about":[{"href":"https:\/\/www.adyendre.hr\/hu\/wp-json\/wp\/v2\/types\/page"}],"author":[{"embeddable":true,"href":"https:\/\/www.adyendre.hr\/hu\/wp-json\/wp\/v2\/users\/1"}],"replies":[{"embeddable":true,"href":"https:\/\/www.adyendre.hr\/hu\/wp-json\/wp\/v2\/comments?post=1904"}],"version-history":[{"count":6,"href":"https:\/\/www.adyendre.hr\/hu\/wp-json\/wp\/v2\/pages\/1904\/revisions"}],"predecessor-version":[{"id":2205,"href":"https:\/\/www.adyendre.hr\/hu\/wp-json\/wp\/v2\/pages\/1904\/revisions\/2205"}],"up":[{"embeddable":true,"href":"https:\/\/www.adyendre.hr\/hu\/wp-json\/wp\/v2\/pages\/2206"}],"wp:attachment":[{"href":"https:\/\/www.adyendre.hr\/hu\/wp-json\/wp\/v2\/media?parent=1904"}],"curies":[{"name":"wp","href":"https:\/\/api.w.org\/{rel}","templated":true}]}}