{"id":1893,"date":"2024-02-09T10:33:08","date_gmt":"2024-02-09T09:33:08","guid":{"rendered":"https:\/\/www.adyendre.hr\/asztalitenisz-szakcsoport\/"},"modified":"2024-03-28T09:41:55","modified_gmt":"2024-03-28T08:41:55","slug":"ady-bend","status":"publish","type":"page","link":"https:\/\/www.adyendre.hr\/hu\/tevekenysegek\/ady-bend\/","title":{"rendered":"Ady bend"},"content":{"rendered":"\t\t<div data-elementor-type=\"wp-page\" data-elementor-id=\"1893\" class=\"elementor elementor-1893 elementor-1892\">\n\t\t\t\t\t\t<section class=\"elementor-section elementor-top-section elementor-element elementor-element-0600894 elementor-section-full_width elementor-section-height-default elementor-section-height-default\" data-id=\"0600894\" data-element_type=\"section\" data-e-type=\"section\">\n\t\t\t\t\t\t<div class=\"elementor-container elementor-column-gap-default\">\n\t\t\t\t\t<div class=\"elementor-column elementor-col-100 elementor-top-column elementor-element elementor-element-fec2704\" data-id=\"fec2704\" data-element_type=\"column\" data-e-type=\"column\">\n\t\t\t<div class=\"elementor-widget-wrap elementor-element-populated\">\n\t\t\t\t\t\t<section class=\"elementor-section elementor-inner-section elementor-element elementor-element-a335f86 elementor-section-boxed elementor-section-height-default elementor-section-height-default\" data-id=\"a335f86\" data-element_type=\"section\" data-e-type=\"section\">\n\t\t\t\t\t\t<div class=\"elementor-container elementor-column-gap-default\">\n\t\t\t\t\t<div class=\"elementor-column elementor-col-100 elementor-inner-column elementor-element elementor-element-9fda690\" data-id=\"9fda690\" data-element_type=\"column\" data-e-type=\"column\">\n\t\t\t<div class=\"elementor-widget-wrap elementor-element-populated\">\n\t\t\t\t\t\t<div class=\"elementor-element elementor-element-90bfb29 sec-title elementor-widget elementor-widget-heading\" data-id=\"90bfb29\" data-element_type=\"widget\" data-e-type=\"widget\" data-widget_type=\"heading.default\">\n\t\t\t\t<div class=\"elementor-widget-container\">\n\t\t\t\t\t<h1 class=\"elementor-heading-title elementor-size-default\">Ady bend\n<div class=\"title-shape mt-3 mx-auto\"><\/div><\/h1>\t\t\t\t<\/div>\n\t\t\t\t<\/div>\n\t\t\t\t\t<\/div>\n\t\t<\/div>\n\t\t\t\t\t<\/div>\n\t\t<\/section>\n\t\t\t\t<section class=\"elementor-section elementor-inner-section elementor-element elementor-element-df5a7cc elementor-section-boxed elementor-section-height-default elementor-section-height-default\" data-id=\"df5a7cc\" data-element_type=\"section\" data-e-type=\"section\">\n\t\t\t\t\t\t<div class=\"elementor-container elementor-column-gap-default\">\n\t\t\t\t\t<div class=\"elementor-column elementor-col-100 elementor-inner-column elementor-element elementor-element-9ad6c61\" data-id=\"9ad6c61\" data-element_type=\"column\" data-e-type=\"column\">\n\t\t\t<div class=\"elementor-widget-wrap elementor-element-populated\">\n\t\t\t\t\t\t<div class=\"elementor-element elementor-element-cfffb5c elementor-widget elementor-widget-text-editor\" data-id=\"cfffb5c\" data-element_type=\"widget\" data-e-type=\"widget\" data-widget_type=\"text-editor.default\">\n\t\t\t\t<div class=\"elementor-widget-container\">\n\t\t\t\t\t\t\t\t\t<p>&#8222;<em>Ahol a szavaknak v\u00e9ge, ott kezd\u0151dik a zene.<\/em>&#8221; \u2014 Heinrich Heine<\/p>\n<p>A zene mindig r\u00e9sze volt az \u00e9letemnek: bet\u00f6lt\u00f6tte a csendet, t\u00falharsogta a zajt, nosztalgi\u00e1t \u00e9bresztett; eml\u00e9keztetett a legboldogabb napokra \u00e9s k\u00f6nnyeket csalt el\u0151 bel\u0151lem az elfojtott eml\u00e9kek r\u00e9v\u00e9n. <br \/>Amikor l\u00e1ttam, hogy a K\u00f6rben, amelynek tagja vagyok, sok a fiatal, zeneileg tehets\u00e9ges fiatalok, akik olyanok, mint a kagyl\u00f3kban rejt\u0151z\u0151 gy\u00f6ngyszemek, arra gondoltam: \u201eHallania kell \u0151ket a k\u00f6z\u00f6ns\u00e9g\u2026 tudniuk kell, milyen j\u00f3l j\u00e1tszanak.\u201d \u00cdgy sz\u00fcletett meg az \u00f6tlet egy olyan zenekar megalap\u00edt\u00e1s\u00e1r\u00f3l, amely k\u00e9s\u0151bb az Ady bend nevet kapta, azon a helyen, ahol az el\u0151ad\u00e1sok \u00e9s a legt\u00f6bb pr\u00f3ba zajlik. A zenekarunk 2022 november\u00e9ben alakult meg!   <\/p>\n<p>Kik alkotj\u00e1k a zenekarunkat?<\/p>\n<p><em>\u00c1ron<\/em> a dobokn\u00e1l, a Rock Akad\u00e9mia hallgat\u00f3ja, \u00e9s azon k\u00edv\u00fcl, hogy t\u00f6k\u00e9letes ritmus\u00e9rz\u00e9ke van, a banda \u201ecooler\u201c &#8211; je.<\/p>\n<p><em>Dora<\/em> \u00e9s \u00e9n v\u00e1ltjuk egym\u00e1st a zongor\u00e1n\u00e1l, \u00e9s \u00e9rdekess\u00e9g, hogy ugyanaz a zongoratan\u00e1r tan\u00edtott benn\u00fcnket.<br \/>A zenekarnak van egy szimfonikus komponense is, amely lehet\u0151v\u00e9 teszi a sz\u00e9lesebb zenei darabok el\u0151ad\u00e1s\u00e1t, \u00e9s egyedi verzi\u00f3t ad minden n\u00e9pszer\u0171 dalnak.<\/p>\n<p><em>Luk\u00e1cs<\/em> fuvol\u00e1zik, \u00e9s nehezen tal\u00e1ln\u00e1nk helyettes\u00edt\u00e9st neki.<\/p>\n<p><em>Marci<\/em> a csell\u00f3zik. \u0150 orsz\u00e1gos versenyeken is sikereket \u00e9rt m\u00e1r el.<\/p>\n<p><em>Alex<\/em> heged\u00fcl, \u00e9s az \u0151 zen\u00e9j\u00e9t sz\u00f3val le\u00edrni lehetetlen.<\/p>\n<p><em>Tin\u00e1\u00e9<\/em> a zenekarunk mark\u00e1ns vok\u00e1lja, akinek mikrofon n\u00e9lk\u00fcl is szuper a hangja \u0151t id\u0151nk\u00e9nt <em>M\u00e1ri\u00f3<\/em> v\u00e1ltja, akinek a hangj\u00e1t\u00f3l libab\u0151r\u00f6s a hallgat\u00f3k h\u00e1ta.<\/p>\n<p>A zenekar K\u00f6r programjaiban l\u00e9p fel, de a vend\u00e9gszerepl\u00e9seken is sikert aratunk, f\u0151k\u00e9nt k\u00fclf\u00f6ldi dalokkal \u00e9s filmklasszikusokkal. Az el\u0151ad\u00e1sokat \u00e1ltal\u00e1ban vide\u00f3 vet\u00edt\u00e9s k\u00eds\u00e9ri, ami fokozza a hangulatot, \u00e9s hangs\u00falyozza a dal vagy t\u00e9ma l\u00e9nyeg\u00e9t. <\/p>\n<p><em>&#8222;A zene, mint hatalmas \u00e9s univerz\u00e1lis m\u0171v\u00e9szeti forma, gazdag\u00edtja az \u00e9letet, \u00e1tl\u00e9pi a hat\u00e1rokat, \u00e9s el\u0151seg\u00edti az egys\u00e9get.<\/em> <em>A dallamok \u00e9s ritmusok \u00e1ltal form\u00e1lja tapasztalatainkat, inspir\u00e1l, gy\u00f3gy\u00edt \u00e9s \u00f6sszehozza az embereket, hogy megbecs\u00fclj\u00e9k id\u0151tlen vonzerej\u00e9t.<\/em> <em>A zene az emberi l\u00e9lek sz\u00e9ps\u00e9g\u00e9nek \u00e9s ellen\u00e1ll\u00e1s\u00e1nak bizony\u00edt\u00e9ka, \u00f6sszek\u00f6tve minket mindannyiunkat a hang univerz\u00e1lis nyelv\u00e9n kereszt\u00fcl.&#8221;<\/em><\/p>\n<p>Ida, az Ady bend vezet\u0151je<\/p><\/p>\n\t\t\t\t\t\t\t\t<\/div>\n\t\t\t\t<\/div>\n\t\t\t\t<div class=\"elementor-element elementor-element-c6c957a elementor-widget elementor-widget-image\" data-id=\"c6c957a\" data-element_type=\"widget\" data-e-type=\"widget\" data-widget_type=\"image.default\">\n\t\t\t\t<div class=\"elementor-widget-container\">\n\t\t\t\t\t\t\t\t\t\t\t\t\t\t\t<img fetchpriority=\"high\" decoding=\"async\" width=\"1140\" height=\"855\" src=\"https:\/\/www.adyendre.hr\/wp-content\/uploads\/2024\/03\/Ady-Band.jpg\" class=\"attachment-full size-full wp-image-2043\" alt=\"\" srcset=\"https:\/\/www.adyendre.hr\/wp-content\/uploads\/2024\/03\/Ady-Band.jpg 1140w, https:\/\/www.adyendre.hr\/wp-content\/uploads\/2024\/03\/Ady-Band-300x225.jpg 300w, https:\/\/www.adyendre.hr\/wp-content\/uploads\/2024\/03\/Ady-Band-1024x768.jpg 1024w, https:\/\/www.adyendre.hr\/wp-content\/uploads\/2024\/03\/Ady-Band-768x576.jpg 768w\" sizes=\"(max-width: 1140px) 100vw, 1140px\" \/>\t\t\t\t\t\t\t\t\t\t\t\t\t\t\t<\/div>\n\t\t\t\t<\/div>\n\t\t\t\t\t<\/div>\n\t\t<\/div>\n\t\t\t\t\t<\/div>\n\t\t<\/section>\n\t\t\t\t\t<\/div>\n\t\t<\/div>\n\t\t\t\t\t<\/div>\n\t\t<\/section>\n\t\t\t\t<\/div>\n\t\t","protected":false},"excerpt":{"rendered":"<p>Ady bend &#8222;Ahol a szavaknak v\u00e9ge, ott kezd\u0151dik a zene.&#8221; \u2014 Heinrich Heine A zene mindig r\u00e9sze volt az \u00e9letemnek: bet\u00f6lt\u00f6tte a csendet, t\u00falharsogta &#8230;<\/p>\n","protected":false},"author":1,"featured_media":0,"parent":2206,"menu_order":0,"comment_status":"closed","ping_status":"closed","template":"tpl-default-elementor.php","meta":{"footnotes":""},"class_list":["post-1893","page","type-page","status-publish","hentry"],"yoast_head":"<!-- This site is optimized with the Yoast SEO plugin v27.5 - https:\/\/yoast.com\/product\/yoast-seo-wordpress\/ -->\n<title>Ady bend - Ady Endre Kult\u00fark\u00f6r<\/title>\n<meta name=\"robots\" content=\"index, follow, max-snippet:-1, max-image-preview:large, max-video-preview:-1\" \/>\n<link rel=\"canonical\" href=\"https:\/\/www.adyendre.hr\/hu\/tevekenysegek\/ady-bend\/\" \/>\n<meta property=\"og:locale\" content=\"hu_HU\" \/>\n<meta property=\"og:type\" content=\"article\" \/>\n<meta property=\"og:title\" content=\"Ady bend - Ady Endre Kult\u00fark\u00f6r\" \/>\n<meta property=\"og:description\" content=\"Ady bend &#8222;Ahol a szavaknak v\u00e9ge, ott kezd\u0151dik a zene.&#8221; \u2014 Heinrich Heine A zene mindig r\u00e9sze volt az \u00e9letemnek: bet\u00f6lt\u00f6tte a csendet, t\u00falharsogta ...\" \/>\n<meta property=\"og:url\" content=\"https:\/\/www.adyendre.hr\/hu\/tevekenysegek\/ady-bend\/\" \/>\n<meta property=\"og:site_name\" content=\"Ady Endre Kult\u00fark\u00f6r\" \/>\n<meta property=\"article:modified_time\" content=\"2024-03-28T08:41:55+00:00\" \/>\n<meta property=\"og:image\" content=\"https:\/\/www.adyendre.hr\/wp-content\/uploads\/2024\/03\/Ady-Band.jpg\" \/>\n<meta name=\"twitter:card\" content=\"summary_large_image\" \/>\n<meta name=\"twitter:label1\" content=\"Becs\u00fclt olvas\u00e1si id\u0151\" \/>\n\t<meta name=\"twitter:data1\" content=\"2 perc\" \/>\n<script type=\"application\/ld+json\" class=\"yoast-schema-graph\">{\"@context\":\"https:\\\/\\\/schema.org\",\"@graph\":[{\"@type\":\"WebPage\",\"@id\":\"https:\\\/\\\/www.adyendre.hr\\\/hu\\\/tevekenysegek\\\/ady-bend\\\/\",\"url\":\"https:\\\/\\\/www.adyendre.hr\\\/hu\\\/tevekenysegek\\\/ady-bend\\\/\",\"name\":\"Ady bend - Ady Endre Kult\u00fark\u00f6r\",\"isPartOf\":{\"@id\":\"https:\\\/\\\/www.adyendre.hr\\\/hu\\\/#website\"},\"primaryImageOfPage\":{\"@id\":\"https:\\\/\\\/www.adyendre.hr\\\/hu\\\/tevekenysegek\\\/ady-bend\\\/#primaryimage\"},\"image\":{\"@id\":\"https:\\\/\\\/www.adyendre.hr\\\/hu\\\/tevekenysegek\\\/ady-bend\\\/#primaryimage\"},\"thumbnailUrl\":\"https:\\\/\\\/www.adyendre.hr\\\/wp-content\\\/uploads\\\/2024\\\/03\\\/Ady-Band.jpg\",\"datePublished\":\"2024-02-09T09:33:08+00:00\",\"dateModified\":\"2024-03-28T08:41:55+00:00\",\"breadcrumb\":{\"@id\":\"https:\\\/\\\/www.adyendre.hr\\\/hu\\\/tevekenysegek\\\/ady-bend\\\/#breadcrumb\"},\"inLanguage\":\"hu\",\"potentialAction\":[{\"@type\":\"ReadAction\",\"target\":[\"https:\\\/\\\/www.adyendre.hr\\\/hu\\\/tevekenysegek\\\/ady-bend\\\/\"]}]},{\"@type\":\"ImageObject\",\"inLanguage\":\"hu\",\"@id\":\"https:\\\/\\\/www.adyendre.hr\\\/hu\\\/tevekenysegek\\\/ady-bend\\\/#primaryimage\",\"url\":\"https:\\\/\\\/www.adyendre.hr\\\/wp-content\\\/uploads\\\/2024\\\/03\\\/Ady-Band.jpg\",\"contentUrl\":\"https:\\\/\\\/www.adyendre.hr\\\/wp-content\\\/uploads\\\/2024\\\/03\\\/Ady-Band.jpg\"},{\"@type\":\"BreadcrumbList\",\"@id\":\"https:\\\/\\\/www.adyendre.hr\\\/hu\\\/tevekenysegek\\\/ady-bend\\\/#breadcrumb\",\"itemListElement\":[{\"@type\":\"ListItem\",\"position\":1,\"name\":\"Home\",\"item\":\"https:\\\/\\\/www.adyendre.hr\\\/hu\\\/\"},{\"@type\":\"ListItem\",\"position\":2,\"name\":\"Tev\u00e9kenys\u00e9gek\",\"item\":\"https:\\\/\\\/www.adyendre.hr\\\/hu\\\/tevekenysegek\\\/\"},{\"@type\":\"ListItem\",\"position\":3,\"name\":\"Ady bend\"}]},{\"@type\":\"WebSite\",\"@id\":\"https:\\\/\\\/www.adyendre.hr\\\/hu\\\/#website\",\"url\":\"https:\\\/\\\/www.adyendre.hr\\\/hu\\\/\",\"name\":\"Ady Endre Kult\u00fark\u00f6r\",\"description\":\"\",\"publisher\":{\"@id\":\"https:\\\/\\\/www.adyendre.hr\\\/hu\\\/#organization\"},\"potentialAction\":[{\"@type\":\"SearchAction\",\"target\":{\"@type\":\"EntryPoint\",\"urlTemplate\":\"https:\\\/\\\/www.adyendre.hr\\\/hu\\\/?s={search_term_string}\"},\"query-input\":{\"@type\":\"PropertyValueSpecification\",\"valueRequired\":true,\"valueName\":\"search_term_string\"}}],\"inLanguage\":\"hu\"},{\"@type\":\"Organization\",\"@id\":\"https:\\\/\\\/www.adyendre.hr\\\/hu\\\/#organization\",\"name\":\"Ady Endre Kult\u00fark\u00f6r\",\"url\":\"https:\\\/\\\/www.adyendre.hr\\\/hu\\\/\",\"logo\":{\"@type\":\"ImageObject\",\"inLanguage\":\"hu\",\"@id\":\"https:\\\/\\\/www.adyendre.hr\\\/hu\\\/#\\\/schema\\\/logo\\\/image\\\/\",\"url\":\"https:\\\/\\\/www.adyendre.hr\\\/wp-content\\\/uploads\\\/2022\\\/09\\\/logo.png\",\"contentUrl\":\"https:\\\/\\\/www.adyendre.hr\\\/wp-content\\\/uploads\\\/2022\\\/09\\\/logo.png\",\"width\":170,\"height\":50,\"caption\":\"Ady Endre Kult\u00fark\u00f6r\"},\"image\":{\"@id\":\"https:\\\/\\\/www.adyendre.hr\\\/hu\\\/#\\\/schema\\\/logo\\\/image\\\/\"}}]}<\/script>\n<!-- \/ Yoast SEO plugin. -->","yoast_head_json":{"title":"Ady bend - Ady Endre Kult\u00fark\u00f6r","robots":{"index":"index","follow":"follow","max-snippet":"max-snippet:-1","max-image-preview":"max-image-preview:large","max-video-preview":"max-video-preview:-1"},"canonical":"https:\/\/www.adyendre.hr\/hu\/tevekenysegek\/ady-bend\/","og_locale":"hu_HU","og_type":"article","og_title":"Ady bend - Ady Endre Kult\u00fark\u00f6r","og_description":"Ady bend &#8222;Ahol a szavaknak v\u00e9ge, ott kezd\u0151dik a zene.&#8221; \u2014 Heinrich Heine A zene mindig r\u00e9sze volt az \u00e9letemnek: bet\u00f6lt\u00f6tte a csendet, t\u00falharsogta ...","og_url":"https:\/\/www.adyendre.hr\/hu\/tevekenysegek\/ady-bend\/","og_site_name":"Ady Endre Kult\u00fark\u00f6r","article_modified_time":"2024-03-28T08:41:55+00:00","og_image":[{"url":"https:\/\/www.adyendre.hr\/wp-content\/uploads\/2024\/03\/Ady-Band.jpg","type":"","width":"","height":""}],"twitter_card":"summary_large_image","twitter_misc":{"Becs\u00fclt olvas\u00e1si id\u0151":"2 perc"},"schema":{"@context":"https:\/\/schema.org","@graph":[{"@type":"WebPage","@id":"https:\/\/www.adyendre.hr\/hu\/tevekenysegek\/ady-bend\/","url":"https:\/\/www.adyendre.hr\/hu\/tevekenysegek\/ady-bend\/","name":"Ady bend - Ady Endre Kult\u00fark\u00f6r","isPartOf":{"@id":"https:\/\/www.adyendre.hr\/hu\/#website"},"primaryImageOfPage":{"@id":"https:\/\/www.adyendre.hr\/hu\/tevekenysegek\/ady-bend\/#primaryimage"},"image":{"@id":"https:\/\/www.adyendre.hr\/hu\/tevekenysegek\/ady-bend\/#primaryimage"},"thumbnailUrl":"https:\/\/www.adyendre.hr\/wp-content\/uploads\/2024\/03\/Ady-Band.jpg","datePublished":"2024-02-09T09:33:08+00:00","dateModified":"2024-03-28T08:41:55+00:00","breadcrumb":{"@id":"https:\/\/www.adyendre.hr\/hu\/tevekenysegek\/ady-bend\/#breadcrumb"},"inLanguage":"hu","potentialAction":[{"@type":"ReadAction","target":["https:\/\/www.adyendre.hr\/hu\/tevekenysegek\/ady-bend\/"]}]},{"@type":"ImageObject","inLanguage":"hu","@id":"https:\/\/www.adyendre.hr\/hu\/tevekenysegek\/ady-bend\/#primaryimage","url":"https:\/\/www.adyendre.hr\/wp-content\/uploads\/2024\/03\/Ady-Band.jpg","contentUrl":"https:\/\/www.adyendre.hr\/wp-content\/uploads\/2024\/03\/Ady-Band.jpg"},{"@type":"BreadcrumbList","@id":"https:\/\/www.adyendre.hr\/hu\/tevekenysegek\/ady-bend\/#breadcrumb","itemListElement":[{"@type":"ListItem","position":1,"name":"Home","item":"https:\/\/www.adyendre.hr\/hu\/"},{"@type":"ListItem","position":2,"name":"Tev\u00e9kenys\u00e9gek","item":"https:\/\/www.adyendre.hr\/hu\/tevekenysegek\/"},{"@type":"ListItem","position":3,"name":"Ady bend"}]},{"@type":"WebSite","@id":"https:\/\/www.adyendre.hr\/hu\/#website","url":"https:\/\/www.adyendre.hr\/hu\/","name":"Ady Endre Kult\u00fark\u00f6r","description":"","publisher":{"@id":"https:\/\/www.adyendre.hr\/hu\/#organization"},"potentialAction":[{"@type":"SearchAction","target":{"@type":"EntryPoint","urlTemplate":"https:\/\/www.adyendre.hr\/hu\/?s={search_term_string}"},"query-input":{"@type":"PropertyValueSpecification","valueRequired":true,"valueName":"search_term_string"}}],"inLanguage":"hu"},{"@type":"Organization","@id":"https:\/\/www.adyendre.hr\/hu\/#organization","name":"Ady Endre Kult\u00fark\u00f6r","url":"https:\/\/www.adyendre.hr\/hu\/","logo":{"@type":"ImageObject","inLanguage":"hu","@id":"https:\/\/www.adyendre.hr\/hu\/#\/schema\/logo\/image\/","url":"https:\/\/www.adyendre.hr\/wp-content\/uploads\/2022\/09\/logo.png","contentUrl":"https:\/\/www.adyendre.hr\/wp-content\/uploads\/2022\/09\/logo.png","width":170,"height":50,"caption":"Ady Endre Kult\u00fark\u00f6r"},"image":{"@id":"https:\/\/www.adyendre.hr\/hu\/#\/schema\/logo\/image\/"}}]}},"_links":{"self":[{"href":"https:\/\/www.adyendre.hr\/hu\/wp-json\/wp\/v2\/pages\/1893","targetHints":{"allow":["GET"]}}],"collection":[{"href":"https:\/\/www.adyendre.hr\/hu\/wp-json\/wp\/v2\/pages"}],"about":[{"href":"https:\/\/www.adyendre.hr\/hu\/wp-json\/wp\/v2\/types\/page"}],"author":[{"embeddable":true,"href":"https:\/\/www.adyendre.hr\/hu\/wp-json\/wp\/v2\/users\/1"}],"replies":[{"embeddable":true,"href":"https:\/\/www.adyendre.hr\/hu\/wp-json\/wp\/v2\/comments?post=1893"}],"version-history":[{"count":9,"href":"https:\/\/www.adyendre.hr\/hu\/wp-json\/wp\/v2\/pages\/1893\/revisions"}],"predecessor-version":[{"id":2053,"href":"https:\/\/www.adyendre.hr\/hu\/wp-json\/wp\/v2\/pages\/1893\/revisions\/2053"}],"up":[{"embeddable":true,"href":"https:\/\/www.adyendre.hr\/hu\/wp-json\/wp\/v2\/pages\/2206"}],"wp:attachment":[{"href":"https:\/\/www.adyendre.hr\/hu\/wp-json\/wp\/v2\/media?parent=1893"}],"curies":[{"name":"wp","href":"https:\/\/api.w.org\/{rel}","templated":true}]}}