{"id":1870,"date":"2024-01-10T12:46:34","date_gmt":"2024-01-10T11:46:34","guid":{"rendered":"https:\/\/www.adyendre.hr\/szinjatszo-szakcsoport\/"},"modified":"2024-03-28T09:42:00","modified_gmt":"2024-03-28T08:42:00","slug":"asztalitenisz-szakcsoport","status":"publish","type":"page","link":"https:\/\/www.adyendre.hr\/hu\/tevekenysegek\/asztalitenisz-szakcsoport\/","title":{"rendered":"Asztalitenisz szakcsoport"},"content":{"rendered":"\t\t<div data-elementor-type=\"wp-page\" data-elementor-id=\"1870\" class=\"elementor elementor-1870 elementor-1869\">\n\t\t\t\t\t\t<section class=\"elementor-section elementor-top-section elementor-element elementor-element-0600894 elementor-section-full_width elementor-section-height-default elementor-section-height-default\" data-id=\"0600894\" data-element_type=\"section\" data-e-type=\"section\">\n\t\t\t\t\t\t<div class=\"elementor-container elementor-column-gap-default\">\n\t\t\t\t\t<div class=\"elementor-column elementor-col-100 elementor-top-column elementor-element elementor-element-fec2704\" data-id=\"fec2704\" data-element_type=\"column\" data-e-type=\"column\">\n\t\t\t<div class=\"elementor-widget-wrap elementor-element-populated\">\n\t\t\t\t\t\t<section class=\"elementor-section elementor-inner-section elementor-element elementor-element-a335f86 elementor-section-boxed elementor-section-height-default elementor-section-height-default\" data-id=\"a335f86\" data-element_type=\"section\" data-e-type=\"section\">\n\t\t\t\t\t\t<div class=\"elementor-container elementor-column-gap-default\">\n\t\t\t\t\t<div class=\"elementor-column elementor-col-100 elementor-inner-column elementor-element elementor-element-9fda690\" data-id=\"9fda690\" data-element_type=\"column\" data-e-type=\"column\">\n\t\t\t<div class=\"elementor-widget-wrap elementor-element-populated\">\n\t\t\t\t\t\t<div class=\"elementor-element elementor-element-90bfb29 sec-title elementor-widget elementor-widget-heading\" data-id=\"90bfb29\" data-element_type=\"widget\" data-e-type=\"widget\" data-widget_type=\"heading.default\">\n\t\t\t\t<div class=\"elementor-widget-container\">\n\t\t\t\t\t<h1 class=\"elementor-heading-title elementor-size-default\">Asztalitenisz szakcsoport\n<div class=\"title-shape mt-3 mx-auto\"><\/div><\/h1>\t\t\t\t<\/div>\n\t\t\t\t<\/div>\n\t\t\t\t\t<\/div>\n\t\t<\/div>\n\t\t\t\t\t<\/div>\n\t\t<\/section>\n\t\t\t\t<section class=\"elementor-section elementor-inner-section elementor-element elementor-element-df5a7cc elementor-section-boxed elementor-section-height-default elementor-section-height-default\" data-id=\"df5a7cc\" data-element_type=\"section\" data-e-type=\"section\">\n\t\t\t\t\t\t<div class=\"elementor-container elementor-column-gap-default\">\n\t\t\t\t\t<div class=\"elementor-column elementor-col-100 elementor-inner-column elementor-element elementor-element-9ad6c61\" data-id=\"9ad6c61\" data-element_type=\"column\" data-e-type=\"column\">\n\t\t\t<div class=\"elementor-widget-wrap elementor-element-populated\">\n\t\t\t\t\t\t<div class=\"elementor-element elementor-element-cfffb5c elementor-widget elementor-widget-text-editor\" data-id=\"cfffb5c\" data-element_type=\"widget\" data-e-type=\"widget\" data-widget_type=\"text-editor.default\">\n\t\t\t\t<div class=\"elementor-widget-container\">\n\t\t\t\t\t\t\t\t\t<p>A Kult\u00fark\u00f6rben mindig akadtak sportkedvel\u0151k, \u00edgy a Vajdas\u00e1gban nagyon n\u00e9pszer\u0171 asztalitenisz sem ker\u00fclhette el a tagok \u00e9rdekl\u0151d\u00e9s\u00e9t. Az igazi lend\u00fcletet a j\u00e1t\u00e9k nagy ismer\u0151je \u00e9s nemzetk\u00f6zi b\u00edr\u00f3ja, Fekete L\u00e1szl\u00f3 akt\u00edvabb bekapcsol\u00f3d\u00e1sa adta. A csoport m\u0171k\u00f6d\u00e9se az 1960-as \u00e9vek v\u00e9g\u00e9n indult meg, amikor a lelkes fiatalok gyakoroltak, egym\u00e1s elleni meccseket v\u00edvtak, h\u00e1zi bajnoks\u00e1gokat szerveztek. Komoly el\u0151rel\u00e9p\u00e9s volt, amikor 1972 tavasz\u00e1n a K\u00f6r csapata els\u0151 alkalommal benevezett a Z\u00e1gr\u00e1b V\u00e1rosi Szabadid\u0151-asztaliteniszez\u0151k Szervezete \u00e1ltal szervezett bajnoks\u00e1gba. Az elk\u00f6vetkez\u0151 18 \u00e9ves id\u0151szakban 1990 \u0151sz\u00e9vel bez\u00e9r\u00f3lag legal\u00e1bb egy, de sokszor 2 vagy 3 csapat is \u00f6sszem\u00e9rte erej\u00e9t a bajnoks\u00e1g k\u00fcl\u00f6nb\u00f6z\u0151 oszt\u00e1lyaiban j\u00e1tsz\u00f3 ellenfelekkel t\u00f6bb-kevesebb sikerrel. A vajdas\u00e1gi magyar fiatalok elmarad\u00e1sa, majd a Honv\u00e9d\u0151 h\u00e1bor\u00fa kit\u00f6r\u00e9se, azonban meg\u00e1ll\u00edtotta a szervezett asztaliteniszez\u00e9st a K\u00f6rben. Az elk\u00f6vetkez\u0151 20 \u00e9vben a celluloid labda pattog\u00e1s\u00e1nak hangja csak nagy ritk\u00e1n volt hallhat\u00f3 a K\u00f6r helyis\u00e9geiben.         <\/p>\n<p>A szakcsoport \u00fajj\u00e1\u00e9led\u00e9se 2010 tavasz\u00e1n kezd\u0151d\u00f6tt Bal\u00e1zs Piri Zolt\u00e1n kezdem\u00e9nyez\u00e9s\u00e9re. Nagyj\u00e1b\u00f3l \u00f6ssze\u00e1llt egy 5-6 f\u0151s csapat, amely \u00fagy d\u00f6nt\u00f6tt, hogy az \u00e9v \u0151sz\u00e9t\u0151l ism\u00e9t szerencs\u00e9t pr\u00f3b\u00e1l a Z\u00e1gr\u00e1b V\u00e1rosi Szabadid\u0151-asztaliteniszez\u0151k Egyes\u00fclete \u00e1ltal szervezett bajnoks\u00e1gban. A csapat tagjai akt\u00edvan dolgoztak \u00faj tagok toborz\u00e1s\u00e1n, \u00edgy 2011 tavasz\u00e1t\u00f3l 2, 2013 tavasz\u00e1t\u00f3l 3, 2015 \u0151sze \u00e9s 2019 \u0151sze k\u00f6z\u00f6tt pedig 4 csapat nevezett be a bajnoks\u00e1gba, \u00e9s v\u00edvta csat\u00e1it az ellenfelekkel kisebb nagyobb sikerrel.       <\/p>\n<p>A koronav\u00edrus-j\u00e1rv\u00e1ny egy r\u00f6vid id\u0151re megszak\u00edtotta ezt az aktivit\u00e1st, de hozz\u00e1j\u00e1rult ahhoz is, hogy a bajnoks\u00e1gba benevez\u0151 csapatok sz\u00e1ma ism\u00e9t 2-re korl\u00e1toz\u00f3dj\u00e9k.<\/p>\n\t\t\t\t\t\t\t\t<\/div>\n\t\t\t\t<\/div>\n\t\t\t\t<div class=\"elementor-element elementor-element-1d85f73 elementor-widget elementor-widget-image\" data-id=\"1d85f73\" data-element_type=\"widget\" data-e-type=\"widget\" data-widget_type=\"image.default\">\n\t\t\t\t<div class=\"elementor-widget-container\">\n\t\t\t\t\t\t\t\t\t\t\t\t\t\t\t<img fetchpriority=\"high\" decoding=\"async\" width=\"1140\" height=\"855\" src=\"https:\/\/www.adyendre.hr\/wp-content\/uploads\/2022\/09\/Stonotenisaci-3.jpg\" class=\"attachment-full size-full wp-image-2115\" alt=\"\" srcset=\"https:\/\/www.adyendre.hr\/wp-content\/uploads\/2022\/09\/Stonotenisaci-3.jpg 1140w, https:\/\/www.adyendre.hr\/wp-content\/uploads\/2022\/09\/Stonotenisaci-3-300x225.jpg 300w, https:\/\/www.adyendre.hr\/wp-content\/uploads\/2022\/09\/Stonotenisaci-3-1024x768.jpg 1024w, https:\/\/www.adyendre.hr\/wp-content\/uploads\/2022\/09\/Stonotenisaci-3-768x576.jpg 768w\" sizes=\"(max-width: 1140px) 100vw, 1140px\" \/>\t\t\t\t\t\t\t\t\t\t\t\t\t\t\t<\/div>\n\t\t\t\t<\/div>\n\t\t\t\t\t<\/div>\n\t\t<\/div>\n\t\t\t\t\t<\/div>\n\t\t<\/section>\n\t\t\t\t\t<\/div>\n\t\t<\/div>\n\t\t\t\t\t<\/div>\n\t\t<\/section>\n\t\t\t\t<\/div>\n\t\t","protected":false},"excerpt":{"rendered":"<p>Asztalitenisz szakcsoport A Kult\u00fark\u00f6rben mindig akadtak sportkedvel\u0151k, \u00edgy a Vajdas\u00e1gban nagyon n\u00e9pszer\u0171 asztalitenisz sem ker\u00fclhette el a tagok \u00e9rdekl\u0151d\u00e9s\u00e9t. Az igazi lend\u00fcletet a j\u00e1t\u00e9k &#8230;<\/p>\n","protected":false},"author":1,"featured_media":0,"parent":2206,"menu_order":0,"comment_status":"closed","ping_status":"closed","template":"tpl-default-elementor.php","meta":{"footnotes":""},"class_list":["post-1870","page","type-page","status-publish","hentry"],"yoast_head":"<!-- This site is optimized with the Yoast SEO plugin v27.5 - https:\/\/yoast.com\/product\/yoast-seo-wordpress\/ -->\n<title>Asztalitenisz szakcsoport - Ady Endre Kult\u00fark\u00f6r<\/title>\n<meta name=\"robots\" content=\"index, follow, max-snippet:-1, max-image-preview:large, max-video-preview:-1\" \/>\n<link rel=\"canonical\" href=\"https:\/\/www.adyendre.hr\/hu\/tevekenysegek\/asztalitenisz-szakcsoport\/\" \/>\n<meta property=\"og:locale\" content=\"hu_HU\" \/>\n<meta property=\"og:type\" content=\"article\" \/>\n<meta property=\"og:title\" content=\"Asztalitenisz szakcsoport - Ady Endre Kult\u00fark\u00f6r\" \/>\n<meta property=\"og:description\" content=\"Asztalitenisz szakcsoport A Kult\u00fark\u00f6rben mindig akadtak sportkedvel\u0151k, \u00edgy a Vajdas\u00e1gban nagyon n\u00e9pszer\u0171 asztalitenisz sem ker\u00fclhette el a tagok \u00e9rdekl\u0151d\u00e9s\u00e9t. Az igazi lend\u00fcletet a j\u00e1t\u00e9k ...\" \/>\n<meta property=\"og:url\" content=\"https:\/\/www.adyendre.hr\/hu\/tevekenysegek\/asztalitenisz-szakcsoport\/\" \/>\n<meta property=\"og:site_name\" content=\"Ady Endre Kult\u00fark\u00f6r\" \/>\n<meta property=\"article:modified_time\" content=\"2024-03-28T08:42:00+00:00\" \/>\n<meta property=\"og:image\" content=\"https:\/\/www.adyendre.hr\/wp-content\/uploads\/2022\/09\/Stonotenisaci-3.jpg\" \/>\n<meta name=\"twitter:card\" content=\"summary_large_image\" \/>\n<meta name=\"twitter:label1\" content=\"Becs\u00fclt olvas\u00e1si id\u0151\" \/>\n\t<meta name=\"twitter:data1\" content=\"2 perc\" \/>\n<script type=\"application\/ld+json\" class=\"yoast-schema-graph\">{\"@context\":\"https:\\\/\\\/schema.org\",\"@graph\":[{\"@type\":\"WebPage\",\"@id\":\"https:\\\/\\\/www.adyendre.hr\\\/hu\\\/tevekenysegek\\\/asztalitenisz-szakcsoport\\\/\",\"url\":\"https:\\\/\\\/www.adyendre.hr\\\/hu\\\/tevekenysegek\\\/asztalitenisz-szakcsoport\\\/\",\"name\":\"Asztalitenisz szakcsoport - Ady Endre Kult\u00fark\u00f6r\",\"isPartOf\":{\"@id\":\"https:\\\/\\\/www.adyendre.hr\\\/hu\\\/#website\"},\"primaryImageOfPage\":{\"@id\":\"https:\\\/\\\/www.adyendre.hr\\\/hu\\\/tevekenysegek\\\/asztalitenisz-szakcsoport\\\/#primaryimage\"},\"image\":{\"@id\":\"https:\\\/\\\/www.adyendre.hr\\\/hu\\\/tevekenysegek\\\/asztalitenisz-szakcsoport\\\/#primaryimage\"},\"thumbnailUrl\":\"https:\\\/\\\/www.adyendre.hr\\\/wp-content\\\/uploads\\\/2022\\\/09\\\/Stonotenisaci-3.jpg\",\"datePublished\":\"2024-01-10T11:46:34+00:00\",\"dateModified\":\"2024-03-28T08:42:00+00:00\",\"breadcrumb\":{\"@id\":\"https:\\\/\\\/www.adyendre.hr\\\/hu\\\/tevekenysegek\\\/asztalitenisz-szakcsoport\\\/#breadcrumb\"},\"inLanguage\":\"hu\",\"potentialAction\":[{\"@type\":\"ReadAction\",\"target\":[\"https:\\\/\\\/www.adyendre.hr\\\/hu\\\/tevekenysegek\\\/asztalitenisz-szakcsoport\\\/\"]}]},{\"@type\":\"ImageObject\",\"inLanguage\":\"hu\",\"@id\":\"https:\\\/\\\/www.adyendre.hr\\\/hu\\\/tevekenysegek\\\/asztalitenisz-szakcsoport\\\/#primaryimage\",\"url\":\"https:\\\/\\\/www.adyendre.hr\\\/wp-content\\\/uploads\\\/2022\\\/09\\\/Stonotenisaci-3.jpg\",\"contentUrl\":\"https:\\\/\\\/www.adyendre.hr\\\/wp-content\\\/uploads\\\/2022\\\/09\\\/Stonotenisaci-3.jpg\"},{\"@type\":\"BreadcrumbList\",\"@id\":\"https:\\\/\\\/www.adyendre.hr\\\/hu\\\/tevekenysegek\\\/asztalitenisz-szakcsoport\\\/#breadcrumb\",\"itemListElement\":[{\"@type\":\"ListItem\",\"position\":1,\"name\":\"Home\",\"item\":\"https:\\\/\\\/www.adyendre.hr\\\/hu\\\/\"},{\"@type\":\"ListItem\",\"position\":2,\"name\":\"Tev\u00e9kenys\u00e9gek\",\"item\":\"https:\\\/\\\/www.adyendre.hr\\\/hu\\\/tevekenysegek\\\/\"},{\"@type\":\"ListItem\",\"position\":3,\"name\":\"Asztalitenisz szakcsoport\"}]},{\"@type\":\"WebSite\",\"@id\":\"https:\\\/\\\/www.adyendre.hr\\\/hu\\\/#website\",\"url\":\"https:\\\/\\\/www.adyendre.hr\\\/hu\\\/\",\"name\":\"Ady Endre Kult\u00fark\u00f6r\",\"description\":\"\",\"publisher\":{\"@id\":\"https:\\\/\\\/www.adyendre.hr\\\/hu\\\/#organization\"},\"potentialAction\":[{\"@type\":\"SearchAction\",\"target\":{\"@type\":\"EntryPoint\",\"urlTemplate\":\"https:\\\/\\\/www.adyendre.hr\\\/hu\\\/?s={search_term_string}\"},\"query-input\":{\"@type\":\"PropertyValueSpecification\",\"valueRequired\":true,\"valueName\":\"search_term_string\"}}],\"inLanguage\":\"hu\"},{\"@type\":\"Organization\",\"@id\":\"https:\\\/\\\/www.adyendre.hr\\\/hu\\\/#organization\",\"name\":\"Ady Endre Kult\u00fark\u00f6r\",\"url\":\"https:\\\/\\\/www.adyendre.hr\\\/hu\\\/\",\"logo\":{\"@type\":\"ImageObject\",\"inLanguage\":\"hu\",\"@id\":\"https:\\\/\\\/www.adyendre.hr\\\/hu\\\/#\\\/schema\\\/logo\\\/image\\\/\",\"url\":\"https:\\\/\\\/www.adyendre.hr\\\/wp-content\\\/uploads\\\/2022\\\/09\\\/logo.png\",\"contentUrl\":\"https:\\\/\\\/www.adyendre.hr\\\/wp-content\\\/uploads\\\/2022\\\/09\\\/logo.png\",\"width\":170,\"height\":50,\"caption\":\"Ady Endre Kult\u00fark\u00f6r\"},\"image\":{\"@id\":\"https:\\\/\\\/www.adyendre.hr\\\/hu\\\/#\\\/schema\\\/logo\\\/image\\\/\"}}]}<\/script>\n<!-- \/ Yoast SEO plugin. -->","yoast_head_json":{"title":"Asztalitenisz szakcsoport - Ady Endre Kult\u00fark\u00f6r","robots":{"index":"index","follow":"follow","max-snippet":"max-snippet:-1","max-image-preview":"max-image-preview:large","max-video-preview":"max-video-preview:-1"},"canonical":"https:\/\/www.adyendre.hr\/hu\/tevekenysegek\/asztalitenisz-szakcsoport\/","og_locale":"hu_HU","og_type":"article","og_title":"Asztalitenisz szakcsoport - Ady Endre Kult\u00fark\u00f6r","og_description":"Asztalitenisz szakcsoport A Kult\u00fark\u00f6rben mindig akadtak sportkedvel\u0151k, \u00edgy a Vajdas\u00e1gban nagyon n\u00e9pszer\u0171 asztalitenisz sem ker\u00fclhette el a tagok \u00e9rdekl\u0151d\u00e9s\u00e9t. Az igazi lend\u00fcletet a j\u00e1t\u00e9k ...","og_url":"https:\/\/www.adyendre.hr\/hu\/tevekenysegek\/asztalitenisz-szakcsoport\/","og_site_name":"Ady Endre Kult\u00fark\u00f6r","article_modified_time":"2024-03-28T08:42:00+00:00","og_image":[{"url":"https:\/\/www.adyendre.hr\/wp-content\/uploads\/2022\/09\/Stonotenisaci-3.jpg","type":"","width":"","height":""}],"twitter_card":"summary_large_image","twitter_misc":{"Becs\u00fclt olvas\u00e1si id\u0151":"2 perc"},"schema":{"@context":"https:\/\/schema.org","@graph":[{"@type":"WebPage","@id":"https:\/\/www.adyendre.hr\/hu\/tevekenysegek\/asztalitenisz-szakcsoport\/","url":"https:\/\/www.adyendre.hr\/hu\/tevekenysegek\/asztalitenisz-szakcsoport\/","name":"Asztalitenisz szakcsoport - Ady Endre Kult\u00fark\u00f6r","isPartOf":{"@id":"https:\/\/www.adyendre.hr\/hu\/#website"},"primaryImageOfPage":{"@id":"https:\/\/www.adyendre.hr\/hu\/tevekenysegek\/asztalitenisz-szakcsoport\/#primaryimage"},"image":{"@id":"https:\/\/www.adyendre.hr\/hu\/tevekenysegek\/asztalitenisz-szakcsoport\/#primaryimage"},"thumbnailUrl":"https:\/\/www.adyendre.hr\/wp-content\/uploads\/2022\/09\/Stonotenisaci-3.jpg","datePublished":"2024-01-10T11:46:34+00:00","dateModified":"2024-03-28T08:42:00+00:00","breadcrumb":{"@id":"https:\/\/www.adyendre.hr\/hu\/tevekenysegek\/asztalitenisz-szakcsoport\/#breadcrumb"},"inLanguage":"hu","potentialAction":[{"@type":"ReadAction","target":["https:\/\/www.adyendre.hr\/hu\/tevekenysegek\/asztalitenisz-szakcsoport\/"]}]},{"@type":"ImageObject","inLanguage":"hu","@id":"https:\/\/www.adyendre.hr\/hu\/tevekenysegek\/asztalitenisz-szakcsoport\/#primaryimage","url":"https:\/\/www.adyendre.hr\/wp-content\/uploads\/2022\/09\/Stonotenisaci-3.jpg","contentUrl":"https:\/\/www.adyendre.hr\/wp-content\/uploads\/2022\/09\/Stonotenisaci-3.jpg"},{"@type":"BreadcrumbList","@id":"https:\/\/www.adyendre.hr\/hu\/tevekenysegek\/asztalitenisz-szakcsoport\/#breadcrumb","itemListElement":[{"@type":"ListItem","position":1,"name":"Home","item":"https:\/\/www.adyendre.hr\/hu\/"},{"@type":"ListItem","position":2,"name":"Tev\u00e9kenys\u00e9gek","item":"https:\/\/www.adyendre.hr\/hu\/tevekenysegek\/"},{"@type":"ListItem","position":3,"name":"Asztalitenisz szakcsoport"}]},{"@type":"WebSite","@id":"https:\/\/www.adyendre.hr\/hu\/#website","url":"https:\/\/www.adyendre.hr\/hu\/","name":"Ady Endre Kult\u00fark\u00f6r","description":"","publisher":{"@id":"https:\/\/www.adyendre.hr\/hu\/#organization"},"potentialAction":[{"@type":"SearchAction","target":{"@type":"EntryPoint","urlTemplate":"https:\/\/www.adyendre.hr\/hu\/?s={search_term_string}"},"query-input":{"@type":"PropertyValueSpecification","valueRequired":true,"valueName":"search_term_string"}}],"inLanguage":"hu"},{"@type":"Organization","@id":"https:\/\/www.adyendre.hr\/hu\/#organization","name":"Ady Endre Kult\u00fark\u00f6r","url":"https:\/\/www.adyendre.hr\/hu\/","logo":{"@type":"ImageObject","inLanguage":"hu","@id":"https:\/\/www.adyendre.hr\/hu\/#\/schema\/logo\/image\/","url":"https:\/\/www.adyendre.hr\/wp-content\/uploads\/2022\/09\/logo.png","contentUrl":"https:\/\/www.adyendre.hr\/wp-content\/uploads\/2022\/09\/logo.png","width":170,"height":50,"caption":"Ady Endre Kult\u00fark\u00f6r"},"image":{"@id":"https:\/\/www.adyendre.hr\/hu\/#\/schema\/logo\/image\/"}}]}},"_links":{"self":[{"href":"https:\/\/www.adyendre.hr\/hu\/wp-json\/wp\/v2\/pages\/1870","targetHints":{"allow":["GET"]}}],"collection":[{"href":"https:\/\/www.adyendre.hr\/hu\/wp-json\/wp\/v2\/pages"}],"about":[{"href":"https:\/\/www.adyendre.hr\/hu\/wp-json\/wp\/v2\/types\/page"}],"author":[{"embeddable":true,"href":"https:\/\/www.adyendre.hr\/hu\/wp-json\/wp\/v2\/users\/1"}],"replies":[{"embeddable":true,"href":"https:\/\/www.adyendre.hr\/hu\/wp-json\/wp\/v2\/comments?post=1870"}],"version-history":[{"count":6,"href":"https:\/\/www.adyendre.hr\/hu\/wp-json\/wp\/v2\/pages\/1870\/revisions"}],"predecessor-version":[{"id":2121,"href":"https:\/\/www.adyendre.hr\/hu\/wp-json\/wp\/v2\/pages\/1870\/revisions\/2121"}],"up":[{"embeddable":true,"href":"https:\/\/www.adyendre.hr\/hu\/wp-json\/wp\/v2\/pages\/2206"}],"wp:attachment":[{"href":"https:\/\/www.adyendre.hr\/hu\/wp-json\/wp\/v2\/media?parent=1870"}],"curies":[{"name":"wp","href":"https:\/\/api.w.org\/{rel}","templated":true}]}}