{"id":1861,"date":"2024-01-10T12:21:19","date_gmt":"2024-01-10T11:21:19","guid":{"rendered":"https:\/\/www.adyendre.hr\/a-vegyeskar\/"},"modified":"2024-03-28T09:42:23","modified_gmt":"2024-03-28T08:42:23","slug":"szinjatszo-szakcsoport","status":"publish","type":"page","link":"https:\/\/www.adyendre.hr\/hu\/tevekenysegek\/szinjatszo-szakcsoport\/","title":{"rendered":"Sz\u00ednj\u00e1tsz\u00f3 szakcsoport"},"content":{"rendered":"\t\t<div data-elementor-type=\"wp-page\" data-elementor-id=\"1861\" class=\"elementor elementor-1861 elementor-1860\">\n\t\t\t\t\t\t<section class=\"elementor-section elementor-top-section elementor-element elementor-element-0600894 elementor-section-full_width elementor-section-height-default elementor-section-height-default\" data-id=\"0600894\" data-element_type=\"section\" data-e-type=\"section\">\n\t\t\t\t\t\t<div class=\"elementor-container elementor-column-gap-default\">\n\t\t\t\t\t<div class=\"elementor-column elementor-col-100 elementor-top-column elementor-element elementor-element-fec2704\" data-id=\"fec2704\" data-element_type=\"column\" data-e-type=\"column\">\n\t\t\t<div class=\"elementor-widget-wrap elementor-element-populated\">\n\t\t\t\t\t\t<section class=\"elementor-section elementor-inner-section elementor-element elementor-element-a335f86 elementor-section-boxed elementor-section-height-default elementor-section-height-default\" data-id=\"a335f86\" data-element_type=\"section\" data-e-type=\"section\">\n\t\t\t\t\t\t<div class=\"elementor-container elementor-column-gap-default\">\n\t\t\t\t\t<div class=\"elementor-column elementor-col-100 elementor-inner-column elementor-element elementor-element-9fda690\" data-id=\"9fda690\" data-element_type=\"column\" data-e-type=\"column\">\n\t\t\t<div class=\"elementor-widget-wrap elementor-element-populated\">\n\t\t\t\t\t\t<div class=\"elementor-element elementor-element-90bfb29 sec-title elementor-widget elementor-widget-heading\" data-id=\"90bfb29\" data-element_type=\"widget\" data-e-type=\"widget\" data-widget_type=\"heading.default\">\n\t\t\t\t<div class=\"elementor-widget-container\">\n\t\t\t\t\t<h1 class=\"elementor-heading-title elementor-size-default\">Sz\u00ednj\u00e1tsz\u00f3 szakcsoport\n<div class=\"title-shape mt-3 mx-auto\"><\/div><\/h1>\t\t\t\t<\/div>\n\t\t\t\t<\/div>\n\t\t\t\t\t<\/div>\n\t\t<\/div>\n\t\t\t\t\t<\/div>\n\t\t<\/section>\n\t\t\t\t<section class=\"elementor-section elementor-inner-section elementor-element elementor-element-df5a7cc elementor-section-boxed elementor-section-height-default elementor-section-height-default\" data-id=\"df5a7cc\" data-element_type=\"section\" data-e-type=\"section\">\n\t\t\t\t\t\t<div class=\"elementor-container elementor-column-gap-default\">\n\t\t\t\t\t<div class=\"elementor-column elementor-col-100 elementor-inner-column elementor-element elementor-element-9ad6c61\" data-id=\"9ad6c61\" data-element_type=\"column\" data-e-type=\"column\">\n\t\t\t<div class=\"elementor-widget-wrap elementor-element-populated\">\n\t\t\t\t\t\t<div class=\"elementor-element elementor-element-cfffb5c elementor-widget elementor-widget-text-editor\" data-id=\"cfffb5c\" data-element_type=\"widget\" data-e-type=\"widget\" data-widget_type=\"text-editor.default\">\n\t\t\t\t<div class=\"elementor-widget-container\">\n\t\t\t\t\t\t\t\t\t<p>Irodalom ir\u00e1nt \u00e9rdekl\u0151d\u0151k \u2013 a vers, pr\u00f3za \u00e9s dr\u00e1ma \u201eszerelmesei\u201d \u2013 mindig akadtak a Kult\u00fark\u00f6r t\u00f6rt\u00e9nelme folyam\u00e1n m\u00e9g akkor is, ha ez a tev\u00e9kenys\u00e9g nem egy form\u00e1lisan megalak\u00edtott irodalmi szakcsoport keretein bel\u00fcl zajlott. A szervezett \u00e9s folyamatosan m\u0171k\u00f6d\u0151 szakcsoportra eg\u00e9szen 1994-ig kellett v\u00e1rni. Addig szinte kiz\u00e1r\u00f3lag azon m\u00falott, hogy vannak-e olyan elhivatott tagok, akik egy\u00e9b k\u00f6telezetts\u00e9geik mellett is hajlamosak arra a t\u00f6bblet munk\u00e1ra, amit az irodalommal val\u00f3 foglalkoz\u00e1s megk\u00f6vetelt.   <\/p>\n<p>A II. vil\u00e1gh\u00e1bor\u00fa el\u0151tti \u00e9s alatti id\u0151szakb\u00f3l r\u00e1nk maradt r\u00e9gi dokumentumok, jegyz\u0151k\u00f6nyvek szaval\u00f3estekr\u0151l, felolvas\u00e1sokr\u00f3l, m\u0171soros d\u00e9lut\u00e1nokr\u00f3l, sz\u00ednel\u0151ad\u00e1sokr\u00f3l, nemzeti \u00fcnnepek megeml\u00e9kez\u00e9s\u00e9r\u0151l sz\u00e1molnak be, de az el\u0151ad\u00f3k kil\u00e9t\u00e9t, sajnos nem lehetett kider\u00edteni. Az irodalmi \u00e9let els\u0151 cs\u00facsa 1946. \u00e9s 1956. k\u00f6z\u00f6tti id\u0151szakban volt, amikor egy 16 tag\u00fa dr\u00e1mai \u00e9s 37 tag\u00fa irodalmi m\u0171kedvel\u0151 csoport m\u0171k\u00f6d\u00f6tt, de vezet\u0151ik visszat\u00e9r\u00e9s\u00e9vel Vajdas\u00e1gba a munka megtorpant. Hasonl\u00f3an v\u00e9gz\u0151d\u00f6tt a k\u00e9t \u00fajabb pr\u00f3b\u00e1lkoz\u00e1s az 1960-as \u00e9vekben, \u00e9pp\u00fagy, mint az 1986. \u00e9vi k\u00eds\u00e9rlete Nagy M\u00e1ria Be\u00e1t\u00e1nak, a z\u00e1gr\u00e1bi B\u00f6lcs\u00e9szkar akkori magyar lektor\u00e1nak.      <\/p>\n<p>A ma is m\u0171k\u00f6d\u0151 sz\u00ednj\u00e1tsz\u00f3 szakcsoport \u2013 akkor m\u00e9g irodalmi szakk\u00f6rk\u00e9nt \u2013 1993-ban kezdte meg munk\u00e1j\u00e1t. A k\u00f6lt\u00e9szet ir\u00e1nt \u00e9rdekl\u0151d\u0151k szakmai ir\u00e1ny\u00edt\u00e1s\u00e1t, az egyes programok \u00f6ssze\u00e1ll\u00edt\u00e1s\u00e1t \u00e9s el\u0151k\u00e9sz\u00edt\u00e9s\u00e9t Dr. S\u00e1ndor L\u00e1szl\u00f3, a B\u00f6lcs\u00e9szkar akkori magyar lektora v\u00e1llalta mag\u00e1ra. A K\u00f6r vezet\u00e9se form\u00e1lisan is megalak\u00edtotta az irodalmi szakcsoportot 1994. m\u00e1rcius 29-\u00e9n, els\u0151 vezet\u0151j\u00e9nek kinevezte a program kezdem\u00e9nyez\u0151j\u00e9t, Kiss Gabriell\u00e1t, \u00e9s a munka az\u00f3ta is folyamatosan zajlik.     <\/p>\n<p>Dr. S\u00e1ndor L\u00e1szl\u00f3 tev\u00e9kenys\u00e9g\u00e9nek hozz\u00e1adott \u00e9rt\u00e9ke, hogy a programok \u00f6ssze\u00e1ll\u00edt\u00e1s\u00e1nak \u00e9s versek elemz\u00e9s\u00e9nek titkait sikeresen elsaj\u00e1t\u00edtottak a szaval\u00e1sban jelesked\u0151 tagok \u2013 a k\u00e9s\u0151bbi szakcsoportvezet\u0151k \u2013 Cs\u00e1nyi Zsuzsa, Kov\u00e1cs Lea \u00e9s R\u00e9ber L\u00e1szl\u00f3. A szakcsoport a megalakul\u00e1s\u00e1val csaknem egyid\u0151ben gondot kezdett viselni az ut\u00e1np\u00f3tl\u00e1s\u00f3l, \u00edgy sz\u00e1mos tehets\u00e9gre a \u201eK\u00e9knefelejts\u201d \u00f3vod\u00e1ba j\u00e1r\u00f3k, az Ivan Gunduli\u0107 \u00c1ltal\u00e1nos iskola k\u00e9ttannyelv\u0171 tagozat\u00e1nak tanul\u00f3i, az anyanyelv\u00e1pol\u00e1si programban r\u00e9szes\u00fcl\u0151k, illetve a B\u00f6lcs\u00e9szkar 1994-ben ind\u00edtott magyar szakos hallgat\u00f3i k\u00f6z\u00f6tt bukkant r\u00e1.  <\/p>\n<p>A szakcsoport jelenleg 12 feln\u0151tt taggal m\u0171k\u00f6dik, m\u0171sorai a nemzeti \u00fcnnepek \u2013 m\u00e1rcius 15-e, augusztus 20-a \u00e9s okt\u00f3ber 23-a, valamint t\u00f6bb jeles nap \u2013 Magyar kult\u00fara napja, K\u00f6lt\u00e9szet napja, Mikul\u00e1s \u2013 alkalm\u00e1b\u00f3l k\u00e9sz\u00edtett programot gazdag\u00edtj\u00e1k.     <\/p>\n\t\t\t\t\t\t\t\t<\/div>\n\t\t\t\t<\/div>\n\t\t\t\t<div class=\"elementor-element elementor-element-b8da24b elementor-widget elementor-widget-image\" data-id=\"b8da24b\" data-element_type=\"widget\" data-e-type=\"widget\" data-widget_type=\"image.default\">\n\t\t\t\t<div class=\"elementor-widget-container\">\n\t\t\t\t\t\t\t\t\t\t\t\t\t\t\t<img fetchpriority=\"high\" decoding=\"async\" width=\"1140\" height=\"563\" src=\"https:\/\/www.adyendre.hr\/wp-content\/uploads\/2024\/03\/Kazalisna-2.jpg\" class=\"attachment-full size-full wp-image-2073\" alt=\"\" srcset=\"https:\/\/www.adyendre.hr\/wp-content\/uploads\/2024\/03\/Kazalisna-2.jpg 1140w, https:\/\/www.adyendre.hr\/wp-content\/uploads\/2024\/03\/Kazalisna-2-300x148.jpg 300w, https:\/\/www.adyendre.hr\/wp-content\/uploads\/2024\/03\/Kazalisna-2-1024x506.jpg 1024w, https:\/\/www.adyendre.hr\/wp-content\/uploads\/2024\/03\/Kazalisna-2-768x379.jpg 768w\" sizes=\"(max-width: 1140px) 100vw, 1140px\" \/>\t\t\t\t\t\t\t\t\t\t\t\t\t\t\t<\/div>\n\t\t\t\t<\/div>\n\t\t\t\t\t<\/div>\n\t\t<\/div>\n\t\t\t\t\t<\/div>\n\t\t<\/section>\n\t\t\t\t\t<\/div>\n\t\t<\/div>\n\t\t\t\t\t<\/div>\n\t\t<\/section>\n\t\t\t\t<\/div>\n\t\t","protected":false},"excerpt":{"rendered":"<p>Sz\u00ednj\u00e1tsz\u00f3 szakcsoport Irodalom ir\u00e1nt \u00e9rdekl\u0151d\u0151k \u2013 a vers, pr\u00f3za \u00e9s dr\u00e1ma \u201eszerelmesei\u201d \u2013 mindig akadtak a Kult\u00fark\u00f6r t\u00f6rt\u00e9nelme folyam\u00e1n m\u00e9g akkor is, ha ez &#8230;<\/p>\n","protected":false},"author":1,"featured_media":0,"parent":2206,"menu_order":0,"comment_status":"closed","ping_status":"closed","template":"tpl-default-elementor.php","meta":{"footnotes":""},"class_list":["post-1861","page","type-page","status-publish","hentry"],"yoast_head":"<!-- This site is optimized with the Yoast SEO plugin v27.5 - https:\/\/yoast.com\/product\/yoast-seo-wordpress\/ -->\n<title>Sz\u00ednj\u00e1tsz\u00f3 szakcsoport - Ady Endre Kult\u00fark\u00f6r<\/title>\n<meta name=\"robots\" content=\"index, follow, max-snippet:-1, max-image-preview:large, max-video-preview:-1\" \/>\n<link rel=\"canonical\" href=\"https:\/\/www.adyendre.hr\/hu\/tevekenysegek\/szinjatszo-szakcsoport\/\" \/>\n<meta property=\"og:locale\" content=\"hu_HU\" \/>\n<meta property=\"og:type\" content=\"article\" \/>\n<meta property=\"og:title\" content=\"Sz\u00ednj\u00e1tsz\u00f3 szakcsoport - Ady Endre Kult\u00fark\u00f6r\" \/>\n<meta property=\"og:description\" content=\"Sz\u00ednj\u00e1tsz\u00f3 szakcsoport Irodalom ir\u00e1nt \u00e9rdekl\u0151d\u0151k \u2013 a vers, pr\u00f3za \u00e9s dr\u00e1ma \u201eszerelmesei\u201d \u2013 mindig akadtak a Kult\u00fark\u00f6r t\u00f6rt\u00e9nelme folyam\u00e1n m\u00e9g akkor is, ha ez ...\" \/>\n<meta property=\"og:url\" content=\"https:\/\/www.adyendre.hr\/hu\/tevekenysegek\/szinjatszo-szakcsoport\/\" \/>\n<meta property=\"og:site_name\" content=\"Ady Endre Kult\u00fark\u00f6r\" \/>\n<meta property=\"article:modified_time\" content=\"2024-03-28T08:42:23+00:00\" \/>\n<meta property=\"og:image\" content=\"https:\/\/www.adyendre.hr\/wp-content\/uploads\/2024\/03\/Kazalisna-2.jpg\" \/>\n<meta name=\"twitter:card\" content=\"summary_large_image\" \/>\n<meta name=\"twitter:label1\" content=\"Becs\u00fclt olvas\u00e1si id\u0151\" \/>\n\t<meta name=\"twitter:data1\" content=\"3 perc\" \/>\n<script type=\"application\/ld+json\" class=\"yoast-schema-graph\">{\"@context\":\"https:\\\/\\\/schema.org\",\"@graph\":[{\"@type\":\"WebPage\",\"@id\":\"https:\\\/\\\/www.adyendre.hr\\\/hu\\\/tevekenysegek\\\/szinjatszo-szakcsoport\\\/\",\"url\":\"https:\\\/\\\/www.adyendre.hr\\\/hu\\\/tevekenysegek\\\/szinjatszo-szakcsoport\\\/\",\"name\":\"Sz\u00ednj\u00e1tsz\u00f3 szakcsoport - Ady Endre Kult\u00fark\u00f6r\",\"isPartOf\":{\"@id\":\"https:\\\/\\\/www.adyendre.hr\\\/hu\\\/#website\"},\"primaryImageOfPage\":{\"@id\":\"https:\\\/\\\/www.adyendre.hr\\\/hu\\\/tevekenysegek\\\/szinjatszo-szakcsoport\\\/#primaryimage\"},\"image\":{\"@id\":\"https:\\\/\\\/www.adyendre.hr\\\/hu\\\/tevekenysegek\\\/szinjatszo-szakcsoport\\\/#primaryimage\"},\"thumbnailUrl\":\"https:\\\/\\\/www.adyendre.hr\\\/wp-content\\\/uploads\\\/2024\\\/03\\\/Kazalisna-2.jpg\",\"datePublished\":\"2024-01-10T11:21:19+00:00\",\"dateModified\":\"2024-03-28T08:42:23+00:00\",\"breadcrumb\":{\"@id\":\"https:\\\/\\\/www.adyendre.hr\\\/hu\\\/tevekenysegek\\\/szinjatszo-szakcsoport\\\/#breadcrumb\"},\"inLanguage\":\"hu\",\"potentialAction\":[{\"@type\":\"ReadAction\",\"target\":[\"https:\\\/\\\/www.adyendre.hr\\\/hu\\\/tevekenysegek\\\/szinjatszo-szakcsoport\\\/\"]}]},{\"@type\":\"ImageObject\",\"inLanguage\":\"hu\",\"@id\":\"https:\\\/\\\/www.adyendre.hr\\\/hu\\\/tevekenysegek\\\/szinjatszo-szakcsoport\\\/#primaryimage\",\"url\":\"https:\\\/\\\/www.adyendre.hr\\\/wp-content\\\/uploads\\\/2024\\\/03\\\/Kazalisna-2.jpg\",\"contentUrl\":\"https:\\\/\\\/www.adyendre.hr\\\/wp-content\\\/uploads\\\/2024\\\/03\\\/Kazalisna-2.jpg\"},{\"@type\":\"BreadcrumbList\",\"@id\":\"https:\\\/\\\/www.adyendre.hr\\\/hu\\\/tevekenysegek\\\/szinjatszo-szakcsoport\\\/#breadcrumb\",\"itemListElement\":[{\"@type\":\"ListItem\",\"position\":1,\"name\":\"Home\",\"item\":\"https:\\\/\\\/www.adyendre.hr\\\/hu\\\/\"},{\"@type\":\"ListItem\",\"position\":2,\"name\":\"Tev\u00e9kenys\u00e9gek\",\"item\":\"https:\\\/\\\/www.adyendre.hr\\\/hu\\\/tevekenysegek\\\/\"},{\"@type\":\"ListItem\",\"position\":3,\"name\":\"Sz\u00ednj\u00e1tsz\u00f3 szakcsoport\"}]},{\"@type\":\"WebSite\",\"@id\":\"https:\\\/\\\/www.adyendre.hr\\\/hu\\\/#website\",\"url\":\"https:\\\/\\\/www.adyendre.hr\\\/hu\\\/\",\"name\":\"Ady Endre Kult\u00fark\u00f6r\",\"description\":\"\",\"publisher\":{\"@id\":\"https:\\\/\\\/www.adyendre.hr\\\/hu\\\/#organization\"},\"potentialAction\":[{\"@type\":\"SearchAction\",\"target\":{\"@type\":\"EntryPoint\",\"urlTemplate\":\"https:\\\/\\\/www.adyendre.hr\\\/hu\\\/?s={search_term_string}\"},\"query-input\":{\"@type\":\"PropertyValueSpecification\",\"valueRequired\":true,\"valueName\":\"search_term_string\"}}],\"inLanguage\":\"hu\"},{\"@type\":\"Organization\",\"@id\":\"https:\\\/\\\/www.adyendre.hr\\\/hu\\\/#organization\",\"name\":\"Ady Endre Kult\u00fark\u00f6r\",\"url\":\"https:\\\/\\\/www.adyendre.hr\\\/hu\\\/\",\"logo\":{\"@type\":\"ImageObject\",\"inLanguage\":\"hu\",\"@id\":\"https:\\\/\\\/www.adyendre.hr\\\/hu\\\/#\\\/schema\\\/logo\\\/image\\\/\",\"url\":\"https:\\\/\\\/www.adyendre.hr\\\/wp-content\\\/uploads\\\/2022\\\/09\\\/logo.png\",\"contentUrl\":\"https:\\\/\\\/www.adyendre.hr\\\/wp-content\\\/uploads\\\/2022\\\/09\\\/logo.png\",\"width\":170,\"height\":50,\"caption\":\"Ady Endre Kult\u00fark\u00f6r\"},\"image\":{\"@id\":\"https:\\\/\\\/www.adyendre.hr\\\/hu\\\/#\\\/schema\\\/logo\\\/image\\\/\"}}]}<\/script>\n<!-- \/ Yoast SEO plugin. -->","yoast_head_json":{"title":"Sz\u00ednj\u00e1tsz\u00f3 szakcsoport - Ady Endre Kult\u00fark\u00f6r","robots":{"index":"index","follow":"follow","max-snippet":"max-snippet:-1","max-image-preview":"max-image-preview:large","max-video-preview":"max-video-preview:-1"},"canonical":"https:\/\/www.adyendre.hr\/hu\/tevekenysegek\/szinjatszo-szakcsoport\/","og_locale":"hu_HU","og_type":"article","og_title":"Sz\u00ednj\u00e1tsz\u00f3 szakcsoport - Ady Endre Kult\u00fark\u00f6r","og_description":"Sz\u00ednj\u00e1tsz\u00f3 szakcsoport Irodalom ir\u00e1nt \u00e9rdekl\u0151d\u0151k \u2013 a vers, pr\u00f3za \u00e9s dr\u00e1ma \u201eszerelmesei\u201d \u2013 mindig akadtak a Kult\u00fark\u00f6r t\u00f6rt\u00e9nelme folyam\u00e1n m\u00e9g akkor is, ha ez ...","og_url":"https:\/\/www.adyendre.hr\/hu\/tevekenysegek\/szinjatszo-szakcsoport\/","og_site_name":"Ady Endre Kult\u00fark\u00f6r","article_modified_time":"2024-03-28T08:42:23+00:00","og_image":[{"url":"https:\/\/www.adyendre.hr\/wp-content\/uploads\/2024\/03\/Kazalisna-2.jpg","type":"","width":"","height":""}],"twitter_card":"summary_large_image","twitter_misc":{"Becs\u00fclt olvas\u00e1si id\u0151":"3 perc"},"schema":{"@context":"https:\/\/schema.org","@graph":[{"@type":"WebPage","@id":"https:\/\/www.adyendre.hr\/hu\/tevekenysegek\/szinjatszo-szakcsoport\/","url":"https:\/\/www.adyendre.hr\/hu\/tevekenysegek\/szinjatszo-szakcsoport\/","name":"Sz\u00ednj\u00e1tsz\u00f3 szakcsoport - Ady Endre Kult\u00fark\u00f6r","isPartOf":{"@id":"https:\/\/www.adyendre.hr\/hu\/#website"},"primaryImageOfPage":{"@id":"https:\/\/www.adyendre.hr\/hu\/tevekenysegek\/szinjatszo-szakcsoport\/#primaryimage"},"image":{"@id":"https:\/\/www.adyendre.hr\/hu\/tevekenysegek\/szinjatszo-szakcsoport\/#primaryimage"},"thumbnailUrl":"https:\/\/www.adyendre.hr\/wp-content\/uploads\/2024\/03\/Kazalisna-2.jpg","datePublished":"2024-01-10T11:21:19+00:00","dateModified":"2024-03-28T08:42:23+00:00","breadcrumb":{"@id":"https:\/\/www.adyendre.hr\/hu\/tevekenysegek\/szinjatszo-szakcsoport\/#breadcrumb"},"inLanguage":"hu","potentialAction":[{"@type":"ReadAction","target":["https:\/\/www.adyendre.hr\/hu\/tevekenysegek\/szinjatszo-szakcsoport\/"]}]},{"@type":"ImageObject","inLanguage":"hu","@id":"https:\/\/www.adyendre.hr\/hu\/tevekenysegek\/szinjatszo-szakcsoport\/#primaryimage","url":"https:\/\/www.adyendre.hr\/wp-content\/uploads\/2024\/03\/Kazalisna-2.jpg","contentUrl":"https:\/\/www.adyendre.hr\/wp-content\/uploads\/2024\/03\/Kazalisna-2.jpg"},{"@type":"BreadcrumbList","@id":"https:\/\/www.adyendre.hr\/hu\/tevekenysegek\/szinjatszo-szakcsoport\/#breadcrumb","itemListElement":[{"@type":"ListItem","position":1,"name":"Home","item":"https:\/\/www.adyendre.hr\/hu\/"},{"@type":"ListItem","position":2,"name":"Tev\u00e9kenys\u00e9gek","item":"https:\/\/www.adyendre.hr\/hu\/tevekenysegek\/"},{"@type":"ListItem","position":3,"name":"Sz\u00ednj\u00e1tsz\u00f3 szakcsoport"}]},{"@type":"WebSite","@id":"https:\/\/www.adyendre.hr\/hu\/#website","url":"https:\/\/www.adyendre.hr\/hu\/","name":"Ady Endre Kult\u00fark\u00f6r","description":"","publisher":{"@id":"https:\/\/www.adyendre.hr\/hu\/#organization"},"potentialAction":[{"@type":"SearchAction","target":{"@type":"EntryPoint","urlTemplate":"https:\/\/www.adyendre.hr\/hu\/?s={search_term_string}"},"query-input":{"@type":"PropertyValueSpecification","valueRequired":true,"valueName":"search_term_string"}}],"inLanguage":"hu"},{"@type":"Organization","@id":"https:\/\/www.adyendre.hr\/hu\/#organization","name":"Ady Endre Kult\u00fark\u00f6r","url":"https:\/\/www.adyendre.hr\/hu\/","logo":{"@type":"ImageObject","inLanguage":"hu","@id":"https:\/\/www.adyendre.hr\/hu\/#\/schema\/logo\/image\/","url":"https:\/\/www.adyendre.hr\/wp-content\/uploads\/2022\/09\/logo.png","contentUrl":"https:\/\/www.adyendre.hr\/wp-content\/uploads\/2022\/09\/logo.png","width":170,"height":50,"caption":"Ady Endre Kult\u00fark\u00f6r"},"image":{"@id":"https:\/\/www.adyendre.hr\/hu\/#\/schema\/logo\/image\/"}}]}},"_links":{"self":[{"href":"https:\/\/www.adyendre.hr\/hu\/wp-json\/wp\/v2\/pages\/1861","targetHints":{"allow":["GET"]}}],"collection":[{"href":"https:\/\/www.adyendre.hr\/hu\/wp-json\/wp\/v2\/pages"}],"about":[{"href":"https:\/\/www.adyendre.hr\/hu\/wp-json\/wp\/v2\/types\/page"}],"author":[{"embeddable":true,"href":"https:\/\/www.adyendre.hr\/hu\/wp-json\/wp\/v2\/users\/1"}],"replies":[{"embeddable":true,"href":"https:\/\/www.adyendre.hr\/hu\/wp-json\/wp\/v2\/comments?post=1861"}],"version-history":[{"count":6,"href":"https:\/\/www.adyendre.hr\/hu\/wp-json\/wp\/v2\/pages\/1861\/revisions"}],"predecessor-version":[{"id":2077,"href":"https:\/\/www.adyendre.hr\/hu\/wp-json\/wp\/v2\/pages\/1861\/revisions\/2077"}],"up":[{"embeddable":true,"href":"https:\/\/www.adyendre.hr\/hu\/wp-json\/wp\/v2\/pages\/2206"}],"wp:attachment":[{"href":"https:\/\/www.adyendre.hr\/hu\/wp-json\/wp\/v2\/media?parent=1861"}],"curies":[{"name":"wp","href":"https:\/\/api.w.org\/{rel}","templated":true}]}}