{"id":1846,"date":"2024-01-10T12:13:15","date_gmt":"2024-01-10T11:13:15","guid":{"rendered":"https:\/\/www.adyendre.hr\/a-vegyeskar\/"},"modified":"2024-03-28T09:42:18","modified_gmt":"2024-03-28T08:42:18","slug":"neptanc-szakcsoport","status":"publish","type":"page","link":"https:\/\/www.adyendre.hr\/hu\/tevekenysegek\/neptanc-szakcsoport\/","title":{"rendered":"N\u00e9pt\u00e1nc szakcsoport"},"content":{"rendered":"\t\t<div data-elementor-type=\"wp-page\" data-elementor-id=\"1846\" class=\"elementor elementor-1846 elementor-1845\">\n\t\t\t\t\t\t<section class=\"elementor-section elementor-top-section elementor-element elementor-element-0600894 elementor-section-full_width elementor-section-height-default elementor-section-height-default\" data-id=\"0600894\" data-element_type=\"section\" data-e-type=\"section\">\n\t\t\t\t\t\t<div class=\"elementor-container elementor-column-gap-default\">\n\t\t\t\t\t<div class=\"elementor-column elementor-col-100 elementor-top-column elementor-element elementor-element-fec2704\" data-id=\"fec2704\" data-element_type=\"column\" data-e-type=\"column\">\n\t\t\t<div class=\"elementor-widget-wrap elementor-element-populated\">\n\t\t\t\t\t\t<section class=\"elementor-section elementor-inner-section elementor-element elementor-element-a335f86 elementor-section-boxed elementor-section-height-default elementor-section-height-default\" data-id=\"a335f86\" data-element_type=\"section\" data-e-type=\"section\">\n\t\t\t\t\t\t<div class=\"elementor-container elementor-column-gap-default\">\n\t\t\t\t\t<div class=\"elementor-column elementor-col-100 elementor-inner-column elementor-element elementor-element-9fda690\" data-id=\"9fda690\" data-element_type=\"column\" data-e-type=\"column\">\n\t\t\t<div class=\"elementor-widget-wrap elementor-element-populated\">\n\t\t\t\t\t\t<div class=\"elementor-element elementor-element-90bfb29 sec-title elementor-widget elementor-widget-heading\" data-id=\"90bfb29\" data-element_type=\"widget\" data-e-type=\"widget\" data-widget_type=\"heading.default\">\n\t\t\t\t<div class=\"elementor-widget-container\">\n\t\t\t\t\t<h1 class=\"elementor-heading-title elementor-size-default\">N\u00e9pt\u00e1nc szakcsoport\n<div class=\"title-shape mt-3 mx-auto\"><\/div><\/h1>\t\t\t\t<\/div>\n\t\t\t\t<\/div>\n\t\t\t\t\t<\/div>\n\t\t<\/div>\n\t\t\t\t\t<\/div>\n\t\t<\/section>\n\t\t\t\t<section class=\"elementor-section elementor-inner-section elementor-element elementor-element-df5a7cc elementor-section-boxed elementor-section-height-default elementor-section-height-default\" data-id=\"df5a7cc\" data-element_type=\"section\" data-e-type=\"section\">\n\t\t\t\t\t\t<div class=\"elementor-container elementor-column-gap-default\">\n\t\t\t\t\t<div class=\"elementor-column elementor-col-100 elementor-inner-column elementor-element elementor-element-9ad6c61\" data-id=\"9ad6c61\" data-element_type=\"column\" data-e-type=\"column\">\n\t\t\t<div class=\"elementor-widget-wrap elementor-element-populated\">\n\t\t\t\t\t\t<div class=\"elementor-element elementor-element-cfffb5c elementor-widget elementor-widget-text-editor\" data-id=\"cfffb5c\" data-element_type=\"widget\" data-e-type=\"widget\" data-widget_type=\"text-editor.default\">\n\t\t\t\t<div class=\"elementor-widget-container\">\n\t\t\t\t\t\t\t\t\t<p>Ady Endre kult\u00fark\u00f6r Szederke n\u00e9pt\u00e1nc szakoszt\u00e1lya 2022 \u00e9vben megnyitotta kapuit a magyar n\u00e9pi hagyom\u00e1nyokat kedvel\u0151 z\u00e1gr\u00e1bi gyerekeknek \u00e9s feln\u0151tteknek. <\/p>\n<p>Jelenleg 15 aktiv n\u00e9pt\u00e1ncos azaz \u00f3vodai, \u00e1ltal\u00e1nos \u00e9s k\u00f6z\u00e9piskol\u00e1s alkotja a szakcsoport l\u00e9tsz\u00e1m\u00e1t. <\/p>\n<p>Szakcsoport c\u00e9lja a magyar kult\u00fara \u00e1pol\u00e1sa azaz a magyar n\u00e9pt\u00e1ncdialektusok bemutat\u00e1sa, betan\u00edt\u00e1sa \u00e9s nem utols\u00f3 sorban a betanult koreogr\u00e1fia k\u00f6z\u00f6ns\u00e9g el\u0151tt val\u00f3 el\u0151ad\u00e1sa. <\/p>\n<p>T\u00e1ncosaink minden \u00e9vben t\u00f6bbsz\u00f6r Z\u00e1gr\u00e1b v\u00e1roson kiv\u0171l m\u00e1s hagyom\u00e1ny\u0151rz\u0151 fesztiv\u00e1lokon \u00e9s rendezv\u00e9nyeken is bemutatkozik. <\/p>\n\t\t\t\t\t\t\t\t<\/div>\n\t\t\t\t<\/div>\n\t\t\t\t<div class=\"elementor-element elementor-element-23f0bdb elementor-widget elementor-widget-image\" data-id=\"23f0bdb\" data-element_type=\"widget\" data-e-type=\"widget\" data-widget_type=\"image.default\">\n\t\t\t\t<div class=\"elementor-widget-container\">\n\t\t\t\t\t\t\t\t\t\t\t\t\t\t\t<img fetchpriority=\"high\" decoding=\"async\" width=\"1140\" height=\"658\" src=\"https:\/\/www.adyendre.hr\/wp-content\/uploads\/2024\/03\/Djecji-folklor-6.jpg\" class=\"attachment-full size-full wp-image-2063\" alt=\"\" srcset=\"https:\/\/www.adyendre.hr\/wp-content\/uploads\/2024\/03\/Djecji-folklor-6.jpg 1140w, https:\/\/www.adyendre.hr\/wp-content\/uploads\/2024\/03\/Djecji-folklor-6-300x173.jpg 300w, https:\/\/www.adyendre.hr\/wp-content\/uploads\/2024\/03\/Djecji-folklor-6-1024x591.jpg 1024w, https:\/\/www.adyendre.hr\/wp-content\/uploads\/2024\/03\/Djecji-folklor-6-768x443.jpg 768w\" sizes=\"(max-width: 1140px) 100vw, 1140px\" \/>\t\t\t\t\t\t\t\t\t\t\t\t\t\t\t<\/div>\n\t\t\t\t<\/div>\n\t\t\t\t\t<\/div>\n\t\t<\/div>\n\t\t\t\t\t<\/div>\n\t\t<\/section>\n\t\t\t\t\t<\/div>\n\t\t<\/div>\n\t\t\t\t\t<\/div>\n\t\t<\/section>\n\t\t\t\t<\/div>\n\t\t","protected":false},"excerpt":{"rendered":"<p>N\u00e9pt\u00e1nc szakcsoport Ady Endre kult\u00fark\u00f6r Szederke n\u00e9pt\u00e1nc szakoszt\u00e1lya 2022 \u00e9vben megnyitotta kapuit a magyar n\u00e9pi hagyom\u00e1nyokat kedvel\u0151 z\u00e1gr\u00e1bi gyerekeknek \u00e9s feln\u0151tteknek. Jelenleg 15 aktiv &#8230;<\/p>\n","protected":false},"author":1,"featured_media":0,"parent":2206,"menu_order":0,"comment_status":"closed","ping_status":"closed","template":"tpl-default-elementor.php","meta":{"footnotes":""},"class_list":["post-1846","page","type-page","status-publish","hentry"],"yoast_head":"<!-- This site is optimized with the Yoast SEO plugin v27.5 - https:\/\/yoast.com\/product\/yoast-seo-wordpress\/ -->\n<title>N\u00e9pt\u00e1nc szakcsoport - Ady Endre Kult\u00fark\u00f6r<\/title>\n<meta name=\"robots\" content=\"index, follow, max-snippet:-1, max-image-preview:large, max-video-preview:-1\" \/>\n<link rel=\"canonical\" href=\"https:\/\/www.adyendre.hr\/hu\/tevekenysegek\/neptanc-szakcsoport\/\" \/>\n<meta property=\"og:locale\" content=\"hu_HU\" \/>\n<meta property=\"og:type\" content=\"article\" \/>\n<meta property=\"og:title\" content=\"N\u00e9pt\u00e1nc szakcsoport - Ady Endre Kult\u00fark\u00f6r\" \/>\n<meta property=\"og:description\" content=\"N\u00e9pt\u00e1nc szakcsoport Ady Endre kult\u00fark\u00f6r Szederke n\u00e9pt\u00e1nc szakoszt\u00e1lya 2022 \u00e9vben megnyitotta kapuit a magyar n\u00e9pi hagyom\u00e1nyokat kedvel\u0151 z\u00e1gr\u00e1bi gyerekeknek \u00e9s feln\u0151tteknek. Jelenleg 15 aktiv ...\" \/>\n<meta property=\"og:url\" content=\"https:\/\/www.adyendre.hr\/hu\/tevekenysegek\/neptanc-szakcsoport\/\" \/>\n<meta property=\"og:site_name\" content=\"Ady Endre Kult\u00fark\u00f6r\" \/>\n<meta property=\"article:modified_time\" content=\"2024-03-28T08:42:18+00:00\" \/>\n<meta property=\"og:image\" content=\"https:\/\/www.adyendre.hr\/wp-content\/uploads\/2024\/03\/Djecji-folklor-6.jpg\" \/>\n<meta name=\"twitter:card\" content=\"summary_large_image\" \/>\n<meta name=\"twitter:label1\" content=\"Becs\u00fclt olvas\u00e1si id\u0151\" \/>\n\t<meta name=\"twitter:data1\" content=\"1 perc\" \/>\n<script type=\"application\/ld+json\" class=\"yoast-schema-graph\">{\"@context\":\"https:\\\/\\\/schema.org\",\"@graph\":[{\"@type\":\"WebPage\",\"@id\":\"https:\\\/\\\/www.adyendre.hr\\\/hu\\\/tevekenysegek\\\/neptanc-szakcsoport\\\/\",\"url\":\"https:\\\/\\\/www.adyendre.hr\\\/hu\\\/tevekenysegek\\\/neptanc-szakcsoport\\\/\",\"name\":\"N\u00e9pt\u00e1nc szakcsoport - Ady Endre Kult\u00fark\u00f6r\",\"isPartOf\":{\"@id\":\"https:\\\/\\\/www.adyendre.hr\\\/hu\\\/#website\"},\"primaryImageOfPage\":{\"@id\":\"https:\\\/\\\/www.adyendre.hr\\\/hu\\\/tevekenysegek\\\/neptanc-szakcsoport\\\/#primaryimage\"},\"image\":{\"@id\":\"https:\\\/\\\/www.adyendre.hr\\\/hu\\\/tevekenysegek\\\/neptanc-szakcsoport\\\/#primaryimage\"},\"thumbnailUrl\":\"https:\\\/\\\/www.adyendre.hr\\\/wp-content\\\/uploads\\\/2024\\\/03\\\/Djecji-folklor-6.jpg\",\"datePublished\":\"2024-01-10T11:13:15+00:00\",\"dateModified\":\"2024-03-28T08:42:18+00:00\",\"breadcrumb\":{\"@id\":\"https:\\\/\\\/www.adyendre.hr\\\/hu\\\/tevekenysegek\\\/neptanc-szakcsoport\\\/#breadcrumb\"},\"inLanguage\":\"hu\",\"potentialAction\":[{\"@type\":\"ReadAction\",\"target\":[\"https:\\\/\\\/www.adyendre.hr\\\/hu\\\/tevekenysegek\\\/neptanc-szakcsoport\\\/\"]}]},{\"@type\":\"ImageObject\",\"inLanguage\":\"hu\",\"@id\":\"https:\\\/\\\/www.adyendre.hr\\\/hu\\\/tevekenysegek\\\/neptanc-szakcsoport\\\/#primaryimage\",\"url\":\"https:\\\/\\\/www.adyendre.hr\\\/wp-content\\\/uploads\\\/2024\\\/03\\\/Djecji-folklor-6.jpg\",\"contentUrl\":\"https:\\\/\\\/www.adyendre.hr\\\/wp-content\\\/uploads\\\/2024\\\/03\\\/Djecji-folklor-6.jpg\"},{\"@type\":\"BreadcrumbList\",\"@id\":\"https:\\\/\\\/www.adyendre.hr\\\/hu\\\/tevekenysegek\\\/neptanc-szakcsoport\\\/#breadcrumb\",\"itemListElement\":[{\"@type\":\"ListItem\",\"position\":1,\"name\":\"Home\",\"item\":\"https:\\\/\\\/www.adyendre.hr\\\/hu\\\/\"},{\"@type\":\"ListItem\",\"position\":2,\"name\":\"Tev\u00e9kenys\u00e9gek\",\"item\":\"https:\\\/\\\/www.adyendre.hr\\\/hu\\\/tevekenysegek\\\/\"},{\"@type\":\"ListItem\",\"position\":3,\"name\":\"N\u00e9pt\u00e1nc szakcsoport\"}]},{\"@type\":\"WebSite\",\"@id\":\"https:\\\/\\\/www.adyendre.hr\\\/hu\\\/#website\",\"url\":\"https:\\\/\\\/www.adyendre.hr\\\/hu\\\/\",\"name\":\"Ady Endre Kult\u00fark\u00f6r\",\"description\":\"\",\"publisher\":{\"@id\":\"https:\\\/\\\/www.adyendre.hr\\\/hu\\\/#organization\"},\"potentialAction\":[{\"@type\":\"SearchAction\",\"target\":{\"@type\":\"EntryPoint\",\"urlTemplate\":\"https:\\\/\\\/www.adyendre.hr\\\/hu\\\/?s={search_term_string}\"},\"query-input\":{\"@type\":\"PropertyValueSpecification\",\"valueRequired\":true,\"valueName\":\"search_term_string\"}}],\"inLanguage\":\"hu\"},{\"@type\":\"Organization\",\"@id\":\"https:\\\/\\\/www.adyendre.hr\\\/hu\\\/#organization\",\"name\":\"Ady Endre Kult\u00fark\u00f6r\",\"url\":\"https:\\\/\\\/www.adyendre.hr\\\/hu\\\/\",\"logo\":{\"@type\":\"ImageObject\",\"inLanguage\":\"hu\",\"@id\":\"https:\\\/\\\/www.adyendre.hr\\\/hu\\\/#\\\/schema\\\/logo\\\/image\\\/\",\"url\":\"https:\\\/\\\/www.adyendre.hr\\\/wp-content\\\/uploads\\\/2022\\\/09\\\/logo.png\",\"contentUrl\":\"https:\\\/\\\/www.adyendre.hr\\\/wp-content\\\/uploads\\\/2022\\\/09\\\/logo.png\",\"width\":170,\"height\":50,\"caption\":\"Ady Endre Kult\u00fark\u00f6r\"},\"image\":{\"@id\":\"https:\\\/\\\/www.adyendre.hr\\\/hu\\\/#\\\/schema\\\/logo\\\/image\\\/\"}}]}<\/script>\n<!-- \/ Yoast SEO plugin. -->","yoast_head_json":{"title":"N\u00e9pt\u00e1nc szakcsoport - Ady Endre Kult\u00fark\u00f6r","robots":{"index":"index","follow":"follow","max-snippet":"max-snippet:-1","max-image-preview":"max-image-preview:large","max-video-preview":"max-video-preview:-1"},"canonical":"https:\/\/www.adyendre.hr\/hu\/tevekenysegek\/neptanc-szakcsoport\/","og_locale":"hu_HU","og_type":"article","og_title":"N\u00e9pt\u00e1nc szakcsoport - Ady Endre Kult\u00fark\u00f6r","og_description":"N\u00e9pt\u00e1nc szakcsoport Ady Endre kult\u00fark\u00f6r Szederke n\u00e9pt\u00e1nc szakoszt\u00e1lya 2022 \u00e9vben megnyitotta kapuit a magyar n\u00e9pi hagyom\u00e1nyokat kedvel\u0151 z\u00e1gr\u00e1bi gyerekeknek \u00e9s feln\u0151tteknek. Jelenleg 15 aktiv ...","og_url":"https:\/\/www.adyendre.hr\/hu\/tevekenysegek\/neptanc-szakcsoport\/","og_site_name":"Ady Endre Kult\u00fark\u00f6r","article_modified_time":"2024-03-28T08:42:18+00:00","og_image":[{"url":"https:\/\/www.adyendre.hr\/wp-content\/uploads\/2024\/03\/Djecji-folklor-6.jpg","type":"","width":"","height":""}],"twitter_card":"summary_large_image","twitter_misc":{"Becs\u00fclt olvas\u00e1si id\u0151":"1 perc"},"schema":{"@context":"https:\/\/schema.org","@graph":[{"@type":"WebPage","@id":"https:\/\/www.adyendre.hr\/hu\/tevekenysegek\/neptanc-szakcsoport\/","url":"https:\/\/www.adyendre.hr\/hu\/tevekenysegek\/neptanc-szakcsoport\/","name":"N\u00e9pt\u00e1nc szakcsoport - Ady Endre Kult\u00fark\u00f6r","isPartOf":{"@id":"https:\/\/www.adyendre.hr\/hu\/#website"},"primaryImageOfPage":{"@id":"https:\/\/www.adyendre.hr\/hu\/tevekenysegek\/neptanc-szakcsoport\/#primaryimage"},"image":{"@id":"https:\/\/www.adyendre.hr\/hu\/tevekenysegek\/neptanc-szakcsoport\/#primaryimage"},"thumbnailUrl":"https:\/\/www.adyendre.hr\/wp-content\/uploads\/2024\/03\/Djecji-folklor-6.jpg","datePublished":"2024-01-10T11:13:15+00:00","dateModified":"2024-03-28T08:42:18+00:00","breadcrumb":{"@id":"https:\/\/www.adyendre.hr\/hu\/tevekenysegek\/neptanc-szakcsoport\/#breadcrumb"},"inLanguage":"hu","potentialAction":[{"@type":"ReadAction","target":["https:\/\/www.adyendre.hr\/hu\/tevekenysegek\/neptanc-szakcsoport\/"]}]},{"@type":"ImageObject","inLanguage":"hu","@id":"https:\/\/www.adyendre.hr\/hu\/tevekenysegek\/neptanc-szakcsoport\/#primaryimage","url":"https:\/\/www.adyendre.hr\/wp-content\/uploads\/2024\/03\/Djecji-folklor-6.jpg","contentUrl":"https:\/\/www.adyendre.hr\/wp-content\/uploads\/2024\/03\/Djecji-folklor-6.jpg"},{"@type":"BreadcrumbList","@id":"https:\/\/www.adyendre.hr\/hu\/tevekenysegek\/neptanc-szakcsoport\/#breadcrumb","itemListElement":[{"@type":"ListItem","position":1,"name":"Home","item":"https:\/\/www.adyendre.hr\/hu\/"},{"@type":"ListItem","position":2,"name":"Tev\u00e9kenys\u00e9gek","item":"https:\/\/www.adyendre.hr\/hu\/tevekenysegek\/"},{"@type":"ListItem","position":3,"name":"N\u00e9pt\u00e1nc szakcsoport"}]},{"@type":"WebSite","@id":"https:\/\/www.adyendre.hr\/hu\/#website","url":"https:\/\/www.adyendre.hr\/hu\/","name":"Ady Endre Kult\u00fark\u00f6r","description":"","publisher":{"@id":"https:\/\/www.adyendre.hr\/hu\/#organization"},"potentialAction":[{"@type":"SearchAction","target":{"@type":"EntryPoint","urlTemplate":"https:\/\/www.adyendre.hr\/hu\/?s={search_term_string}"},"query-input":{"@type":"PropertyValueSpecification","valueRequired":true,"valueName":"search_term_string"}}],"inLanguage":"hu"},{"@type":"Organization","@id":"https:\/\/www.adyendre.hr\/hu\/#organization","name":"Ady Endre Kult\u00fark\u00f6r","url":"https:\/\/www.adyendre.hr\/hu\/","logo":{"@type":"ImageObject","inLanguage":"hu","@id":"https:\/\/www.adyendre.hr\/hu\/#\/schema\/logo\/image\/","url":"https:\/\/www.adyendre.hr\/wp-content\/uploads\/2022\/09\/logo.png","contentUrl":"https:\/\/www.adyendre.hr\/wp-content\/uploads\/2022\/09\/logo.png","width":170,"height":50,"caption":"Ady Endre Kult\u00fark\u00f6r"},"image":{"@id":"https:\/\/www.adyendre.hr\/hu\/#\/schema\/logo\/image\/"}}]}},"_links":{"self":[{"href":"https:\/\/www.adyendre.hr\/hu\/wp-json\/wp\/v2\/pages\/1846","targetHints":{"allow":["GET"]}}],"collection":[{"href":"https:\/\/www.adyendre.hr\/hu\/wp-json\/wp\/v2\/pages"}],"about":[{"href":"https:\/\/www.adyendre.hr\/hu\/wp-json\/wp\/v2\/types\/page"}],"author":[{"embeddable":true,"href":"https:\/\/www.adyendre.hr\/hu\/wp-json\/wp\/v2\/users\/1"}],"replies":[{"embeddable":true,"href":"https:\/\/www.adyendre.hr\/hu\/wp-json\/wp\/v2\/comments?post=1846"}],"version-history":[{"count":8,"href":"https:\/\/www.adyendre.hr\/hu\/wp-json\/wp\/v2\/pages\/1846\/revisions"}],"predecessor-version":[{"id":2069,"href":"https:\/\/www.adyendre.hr\/hu\/wp-json\/wp\/v2\/pages\/1846\/revisions\/2069"}],"up":[{"embeddable":true,"href":"https:\/\/www.adyendre.hr\/hu\/wp-json\/wp\/v2\/pages\/2206"}],"wp:attachment":[{"href":"https:\/\/www.adyendre.hr\/hu\/wp-json\/wp\/v2\/media?parent=1846"}],"curies":[{"name":"wp","href":"https:\/\/api.w.org\/{rel}","templated":true}]}}