{"id":1802,"date":"2023-09-22T11:32:09","date_gmt":"2023-09-22T09:32:09","guid":{"rendered":"https:\/\/www.adyendre.hr\/a-vegyeskar\/"},"modified":"2024-03-28T13:10:22","modified_gmt":"2024-03-28T12:10:22","slug":"a-vegyeskar","status":"publish","type":"page","link":"https:\/\/www.adyendre.hr\/hu\/tevekenysegek\/a-vegyeskar\/","title":{"rendered":"A vegyeskar"},"content":{"rendered":"\t\t<div data-elementor-type=\"wp-page\" data-elementor-id=\"1802\" class=\"elementor elementor-1802 elementor-1795\">\n\t\t\t\t\t\t<section class=\"elementor-section elementor-top-section elementor-element elementor-element-0600894 elementor-section-full_width elementor-section-height-default elementor-section-height-default\" data-id=\"0600894\" data-element_type=\"section\" data-e-type=\"section\">\n\t\t\t\t\t\t<div class=\"elementor-container elementor-column-gap-default\">\n\t\t\t\t\t<div class=\"elementor-column elementor-col-100 elementor-top-column elementor-element elementor-element-fec2704\" data-id=\"fec2704\" data-element_type=\"column\" data-e-type=\"column\">\n\t\t\t<div class=\"elementor-widget-wrap elementor-element-populated\">\n\t\t\t\t\t\t<section class=\"elementor-section elementor-inner-section elementor-element elementor-element-a335f86 elementor-section-boxed elementor-section-height-default elementor-section-height-default\" data-id=\"a335f86\" data-element_type=\"section\" data-e-type=\"section\">\n\t\t\t\t\t\t<div class=\"elementor-container elementor-column-gap-default\">\n\t\t\t\t\t<div class=\"elementor-column elementor-col-100 elementor-inner-column elementor-element elementor-element-9fda690\" data-id=\"9fda690\" data-element_type=\"column\" data-e-type=\"column\">\n\t\t\t<div class=\"elementor-widget-wrap elementor-element-populated\">\n\t\t\t\t\t\t<div class=\"elementor-element elementor-element-90bfb29 sec-title elementor-widget elementor-widget-heading\" data-id=\"90bfb29\" data-element_type=\"widget\" data-e-type=\"widget\" data-widget_type=\"heading.default\">\n\t\t\t\t<div class=\"elementor-widget-container\">\n\t\t\t\t\t<h1 class=\"elementor-heading-title elementor-size-default\">A vegyeskar\n<div class=\"title-shape mt-3 mx-auto\"><\/div><\/h1>\t\t\t\t<\/div>\n\t\t\t\t<\/div>\n\t\t\t\t\t<\/div>\n\t\t<\/div>\n\t\t\t\t\t<\/div>\n\t\t<\/section>\n\t\t\t\t<section class=\"elementor-section elementor-inner-section elementor-element elementor-element-df5a7cc elementor-section-boxed elementor-section-height-default elementor-section-height-default\" data-id=\"df5a7cc\" data-element_type=\"section\" data-e-type=\"section\">\n\t\t\t\t\t\t<div class=\"elementor-container elementor-column-gap-default\">\n\t\t\t\t\t<div class=\"elementor-column elementor-col-100 elementor-inner-column elementor-element elementor-element-9ad6c61\" data-id=\"9ad6c61\" data-element_type=\"column\" data-e-type=\"column\">\n\t\t\t<div class=\"elementor-widget-wrap elementor-element-populated\">\n\t\t\t\t\t\t<div class=\"elementor-element elementor-element-cfffb5c elementor-widget elementor-widget-text-editor\" data-id=\"cfffb5c\" data-element_type=\"widget\" data-e-type=\"widget\" data-widget_type=\"text-editor.default\">\n\t\t\t\t<div class=\"elementor-widget-container\">\n\t\t\t\t\t\t\t\t\t<p>Az alap \u00f6tlet a vegyeskar megalap\u00edt\u00e1s\u00e1ra abb\u00f3l sz\u00fcletett, hogy a K\u00f6r tagok k\u00f6z\u00f6tt sokan voltak n\u00e9pdal \u00e9s n\u00f3ta kedvel\u0151k \u00e9s szerettek \u00e9nekelni. A rendezv\u00e9nyeink is \u00e1ltal\u00e1ban \u00fagy fejez\u0151dtek be, hogy Barna D\u00e9nes zongor\u00e1zott \u00e9s egy lelkes csapat \u00e9nekelt. Nagy Varjas Juliann\u00e1\u00e9 volt az \u00f6tletgazda szerepe, m\u00edg a zenei vezet\u0151 szerep\u00e9t Barna D\u00e9nes kapta meg.  <\/p>\n<p>A vegyeskar megalakul\u00e1sa 2012. janu\u00e1r 7. \u2013 20 f\u0151 \u00e9nekessel.  <\/p>\n<p>Az alakul\u00e1skor nem volt fontos, hogy az illet\u0151nek van-e hangja, hall\u00e1sa, zenei k\u00e9pzetts\u00e9ge, vagy ismeri-e egy\u00e1ltal\u00e1n a magyar dalokat.<\/p>\n<p>A k\u00f3rusban val\u00f3 r\u00e9szv\u00e9tel alapvet\u0151 felt\u00e9tele az volt, hogy kedve legyen az illet\u0151nek a magyar zeni vil\u00e1g kincseit megismerni, megtanulni, b\u0151v\u00edteni a magyar zenei kult\u00far\u00e1ra vonatkoz\u00f3 ismereteit \u00e9s ami nem kev\u00e9sb\u00e9 fontos, j\u00f3l sz\u00f3rakozni a k\u00f3rus t\u00f6bbi tagj\u00e1val egy\u00fctt. P\u00e9ntek d\u00e9lut\u00e1nonk\u00e9nt voltak a tal\u00e1lkoz\u00f3k, \u00e9s az \u00e9nekl\u00e9s ut\u00e1n elmaradhatatlan volt a zs\u00edroskeny\u00e9r \u00e9s a p\u00e1linka. <\/p>\n<p>Az ig\u00e9nyes fell\u00e9p\u00e9sekhez azonban sz\u00fcks\u00e9gess\u00e9 v\u00e1lt a szakmai vezet\u00e9s. \u00cdgy 2012. \u0151sz\u00e9n, l\u00e9nyeges el\u0151rel\u00e9p\u00e9s t\u00f6rt\u00e9nt. Jakobcsics P\u00e9ter v\u00e1llalta a szakmai vezet\u00e9st, \u00edgy az \u00e9nekl\u00e9s ir\u00e1ny\u00edtott\u00e1 v\u00e1lt, elemi zenei ismeretek elsaj\u00e1t\u00edt\u00e1s\u00e1sra ker\u00fclt sor. A zongora kis\u00e9retet tov\u00e1bbra is Barna D\u00e9nes biztos\u00edtotta. Pr\u00f3b\u00e1k rendszeresen, h\u00e9tf\u0151 d\u00e9lut\u00e1nonk\u00e9nt vannak.    <\/p>\n<p>A karvezet\u0151 Kod\u00e1ly Zolt\u00e1n \u201e333 olvas\u00f3gyakorlat\u201d-\u00e1b\u00f3l v\u00e1logatott anyagot, hogy a k\u00f3rustagok jav\u00edts\u00e1k a zenei inton\u00e1ci\u00f3t, fejlessz\u00e9k a ritmus\u00e9rz\u00e9ket \u00e9s tanultak szolmiz\u00e1lni, ami a zenei tud\u00e1s alapja.<\/p>\n<p>A folyamatos munka c\u00e9lja volt, a Vegyeskar reperto\u00e1rj\u00e1nak b\u0151v\u00edt\u00e9se, nemcsak n\u00e9pdalokkal, hanem gazdag\u00edtani a nagyobb elv\u00e1r\u00e1sokat k\u00edv\u00e1n\u00f3 m\u0171vekkel, Kod\u00e1ly Zolt\u00e1n, Bart\u00f3k B\u00e9la \u00e9s m\u00e1s szerz\u0151k \u00e1tdolgoz\u00e1saival, k\u00e9t sz\u00f3lamban.<\/p>\n<p>2013. okt\u00f3ber\u00e9ben a K\u00f6r Eln\u00f6ks\u00e9g\u00e9nek hat\u00e1rozata alapj\u00e1n a Vegyeskar szakcsoportt\u00e1 alakult, vezet\u0151j\u00e9nek Jakobcsics P\u00e9tert nevezt\u00e9k ki. \u00cdgy anyagilag lehet\u0151v\u00e9 v\u00e1lt ruha v\u00e1s\u00e1rl\u00e1s is a fell\u00e9p\u00e9sekhez. <\/p>\n<p>\u00cdgy anyagilag lehet\u0151v\u00e9 v\u00e1lt ruha v\u00e1s\u00e1rl\u00e1s is a fell\u00e9p\u00e9sekhez.<\/p>\n<p>A Vegyeskar rendszeresen szerepelt a K\u00f6r rendezv\u00e9nyein, a Magyar Int\u00e9zetben, Zg. V\u00e1ros Kisebbs\u00e9gi szeml\u00e9in, a kisebbs\u00e9gek kar\u00e1csonyi koncertjein legt\u00f6bbsz\u00f6r a d\u00f3mban, Vend\u00e9gszerepl\u00e9seink voltak: Vink\u00f3c\u00e1n, Batinan, Rijek\u00e1ban, Velika Gorican \u00e9s a magyarorsz\u00e1gi Nagyr\u00e9cs\u00e9n.<\/p>\n<p>A Vegyeskarnak van egy \u201ekr\u00f3nik\u00e1ja\u201d, amelyben kezdett\u0151l fogva minden esem\u00e9nyt programmal \u00e9s f\u00e9nyk\u00e9pekkel r\u00f6gz\u00edtett\u00fcnk.<\/p>\n<p>2022-ben eml\u00e9kezt\u00fcnk a K\u00f6r fenn\u00e1ll\u00e1s\u00e1snak 90. \u00e9vfordul\u00f3j\u00e1ra, \u00e9s ezen bel\u00fcl a Vegyeskar 10 \u00e9ves m\u00faltj\u00e1ra, ami \u00fagy tartalomban mint min\u0151s\u00e9gben szines\u00edtette a K\u00f6r kut\u00far\u00e1lis \u00e9let\u00e9t.  <\/p>\n<p>2023. \u00e1prils\u00e1ban \u201eTiz \u00e9ve sz\u00e1ll az \u00e9nek \u201ec\u00edmen koncert hangzott el a K\u00f6rben a Vegyeskar 10 \u00e9ves reperto\u00e1rj\u00e1b\u00f3l. Szeptember k\u00f6zep\u00e9t\u0151l a pr\u00f3b\u00e1k \u00fajra beindulnak, folytat\u00f3dik a munka. <\/p>\n<p>Szeptember k\u00f6zep\u00e9t\u0151l a pr\u00f3b\u00e1k \u00fajra beindulnak, folytat\u00f3dik a munka.<\/p>\n<p>P\u00e9ter Jakobcsics,<br \/>Szakcsoportvezet\u0151<\/p>\n\t\t\t\t\t\t\t\t<\/div>\n\t\t\t\t<\/div>\n\t\t\t\t<div class=\"elementor-element elementor-element-895ce9c elementor-widget elementor-widget-image\" data-id=\"895ce9c\" data-element_type=\"widget\" data-e-type=\"widget\" data-widget_type=\"image.default\">\n\t\t\t\t<div class=\"elementor-widget-container\">\n\t\t\t\t\t\t\t\t\t\t\t\t\t\t\t<img fetchpriority=\"high\" decoding=\"async\" width=\"1140\" height=\"761\" src=\"https:\/\/www.adyendre.hr\/wp-content\/uploads\/2024\/03\/Mjesoviti-zbor.jpg\" class=\"attachment-full size-full wp-image-2091\" alt=\"\" srcset=\"https:\/\/www.adyendre.hr\/wp-content\/uploads\/2024\/03\/Mjesoviti-zbor.jpg 1140w, https:\/\/www.adyendre.hr\/wp-content\/uploads\/2024\/03\/Mjesoviti-zbor-300x200.jpg 300w, https:\/\/www.adyendre.hr\/wp-content\/uploads\/2024\/03\/Mjesoviti-zbor-1024x684.jpg 1024w, https:\/\/www.adyendre.hr\/wp-content\/uploads\/2024\/03\/Mjesoviti-zbor-768x513.jpg 768w\" sizes=\"(max-width: 1140px) 100vw, 1140px\" \/>\t\t\t\t\t\t\t\t\t\t\t\t\t\t\t<\/div>\n\t\t\t\t<\/div>\n\t\t\t\t\t<\/div>\n\t\t<\/div>\n\t\t\t\t\t<\/div>\n\t\t<\/section>\n\t\t\t\t\t<\/div>\n\t\t<\/div>\n\t\t\t\t\t<\/div>\n\t\t<\/section>\n\t\t\t\t<\/div>\n\t\t","protected":false},"excerpt":{"rendered":"<p>A vegyeskar Az alap \u00f6tlet a vegyeskar megalap\u00edt\u00e1s\u00e1ra abb\u00f3l sz\u00fcletett, hogy a K\u00f6r tagok k\u00f6z\u00f6tt sokan voltak n\u00e9pdal \u00e9s n\u00f3ta kedvel\u0151k \u00e9s szerettek \u00e9nekelni. &#8230;<\/p>\n","protected":false},"author":1,"featured_media":0,"parent":2206,"menu_order":0,"comment_status":"closed","ping_status":"closed","template":"tpl-default-elementor.php","meta":{"footnotes":""},"class_list":["post-1802","page","type-page","status-publish","hentry"],"yoast_head":"<!-- This site is optimized with the Yoast SEO plugin v27.5 - https:\/\/yoast.com\/product\/yoast-seo-wordpress\/ -->\n<title>A vegyeskar - Ady Endre Kult\u00fark\u00f6r<\/title>\n<meta name=\"robots\" content=\"index, follow, max-snippet:-1, max-image-preview:large, max-video-preview:-1\" \/>\n<link rel=\"canonical\" href=\"https:\/\/www.adyendre.hr\/hu\/tevekenysegek\/a-vegyeskar\/\" \/>\n<meta property=\"og:locale\" content=\"hu_HU\" \/>\n<meta property=\"og:type\" content=\"article\" \/>\n<meta property=\"og:title\" content=\"A vegyeskar - Ady Endre Kult\u00fark\u00f6r\" \/>\n<meta property=\"og:description\" content=\"A vegyeskar Az alap \u00f6tlet a vegyeskar megalap\u00edt\u00e1s\u00e1ra abb\u00f3l sz\u00fcletett, hogy a K\u00f6r tagok k\u00f6z\u00f6tt sokan voltak n\u00e9pdal \u00e9s n\u00f3ta kedvel\u0151k \u00e9s szerettek \u00e9nekelni. ...\" \/>\n<meta property=\"og:url\" content=\"https:\/\/www.adyendre.hr\/hu\/tevekenysegek\/a-vegyeskar\/\" \/>\n<meta property=\"og:site_name\" content=\"Ady Endre Kult\u00fark\u00f6r\" \/>\n<meta property=\"article:modified_time\" content=\"2024-03-28T12:10:22+00:00\" \/>\n<meta property=\"og:image\" content=\"https:\/\/www.adyendre.hr\/wp-content\/uploads\/2024\/03\/Mjesoviti-zbor.jpg\" \/>\n<meta name=\"twitter:card\" content=\"summary_large_image\" \/>\n<meta name=\"twitter:label1\" content=\"Becs\u00fclt olvas\u00e1si id\u0151\" \/>\n\t<meta name=\"twitter:data1\" content=\"3 perc\" \/>\n<script type=\"application\/ld+json\" class=\"yoast-schema-graph\">{\"@context\":\"https:\\\/\\\/schema.org\",\"@graph\":[{\"@type\":\"WebPage\",\"@id\":\"https:\\\/\\\/www.adyendre.hr\\\/hu\\\/tevekenysegek\\\/a-vegyeskar\\\/\",\"url\":\"https:\\\/\\\/www.adyendre.hr\\\/hu\\\/tevekenysegek\\\/a-vegyeskar\\\/\",\"name\":\"A vegyeskar - Ady Endre Kult\u00fark\u00f6r\",\"isPartOf\":{\"@id\":\"https:\\\/\\\/www.adyendre.hr\\\/hu\\\/#website\"},\"primaryImageOfPage\":{\"@id\":\"https:\\\/\\\/www.adyendre.hr\\\/hu\\\/tevekenysegek\\\/a-vegyeskar\\\/#primaryimage\"},\"image\":{\"@id\":\"https:\\\/\\\/www.adyendre.hr\\\/hu\\\/tevekenysegek\\\/a-vegyeskar\\\/#primaryimage\"},\"thumbnailUrl\":\"https:\\\/\\\/www.adyendre.hr\\\/wp-content\\\/uploads\\\/2024\\\/03\\\/Mjesoviti-zbor.jpg\",\"datePublished\":\"2023-09-22T09:32:09+00:00\",\"dateModified\":\"2024-03-28T12:10:22+00:00\",\"breadcrumb\":{\"@id\":\"https:\\\/\\\/www.adyendre.hr\\\/hu\\\/tevekenysegek\\\/a-vegyeskar\\\/#breadcrumb\"},\"inLanguage\":\"hu\",\"potentialAction\":[{\"@type\":\"ReadAction\",\"target\":[\"https:\\\/\\\/www.adyendre.hr\\\/hu\\\/tevekenysegek\\\/a-vegyeskar\\\/\"]}]},{\"@type\":\"ImageObject\",\"inLanguage\":\"hu\",\"@id\":\"https:\\\/\\\/www.adyendre.hr\\\/hu\\\/tevekenysegek\\\/a-vegyeskar\\\/#primaryimage\",\"url\":\"https:\\\/\\\/www.adyendre.hr\\\/wp-content\\\/uploads\\\/2024\\\/03\\\/Mjesoviti-zbor.jpg\",\"contentUrl\":\"https:\\\/\\\/www.adyendre.hr\\\/wp-content\\\/uploads\\\/2024\\\/03\\\/Mjesoviti-zbor.jpg\"},{\"@type\":\"BreadcrumbList\",\"@id\":\"https:\\\/\\\/www.adyendre.hr\\\/hu\\\/tevekenysegek\\\/a-vegyeskar\\\/#breadcrumb\",\"itemListElement\":[{\"@type\":\"ListItem\",\"position\":1,\"name\":\"Home\",\"item\":\"https:\\\/\\\/www.adyendre.hr\\\/hu\\\/\"},{\"@type\":\"ListItem\",\"position\":2,\"name\":\"Tev\u00e9kenys\u00e9gek\",\"item\":\"https:\\\/\\\/www.adyendre.hr\\\/hu\\\/tevekenysegek\\\/\"},{\"@type\":\"ListItem\",\"position\":3,\"name\":\"A vegyeskar\"}]},{\"@type\":\"WebSite\",\"@id\":\"https:\\\/\\\/www.adyendre.hr\\\/hu\\\/#website\",\"url\":\"https:\\\/\\\/www.adyendre.hr\\\/hu\\\/\",\"name\":\"Ady Endre Kult\u00fark\u00f6r\",\"description\":\"\",\"publisher\":{\"@id\":\"https:\\\/\\\/www.adyendre.hr\\\/hu\\\/#organization\"},\"potentialAction\":[{\"@type\":\"SearchAction\",\"target\":{\"@type\":\"EntryPoint\",\"urlTemplate\":\"https:\\\/\\\/www.adyendre.hr\\\/hu\\\/?s={search_term_string}\"},\"query-input\":{\"@type\":\"PropertyValueSpecification\",\"valueRequired\":true,\"valueName\":\"search_term_string\"}}],\"inLanguage\":\"hu\"},{\"@type\":\"Organization\",\"@id\":\"https:\\\/\\\/www.adyendre.hr\\\/hu\\\/#organization\",\"name\":\"Ady Endre Kult\u00fark\u00f6r\",\"url\":\"https:\\\/\\\/www.adyendre.hr\\\/hu\\\/\",\"logo\":{\"@type\":\"ImageObject\",\"inLanguage\":\"hu\",\"@id\":\"https:\\\/\\\/www.adyendre.hr\\\/hu\\\/#\\\/schema\\\/logo\\\/image\\\/\",\"url\":\"https:\\\/\\\/www.adyendre.hr\\\/wp-content\\\/uploads\\\/2022\\\/09\\\/logo.png\",\"contentUrl\":\"https:\\\/\\\/www.adyendre.hr\\\/wp-content\\\/uploads\\\/2022\\\/09\\\/logo.png\",\"width\":170,\"height\":50,\"caption\":\"Ady Endre Kult\u00fark\u00f6r\"},\"image\":{\"@id\":\"https:\\\/\\\/www.adyendre.hr\\\/hu\\\/#\\\/schema\\\/logo\\\/image\\\/\"}}]}<\/script>\n<!-- \/ Yoast SEO plugin. -->","yoast_head_json":{"title":"A vegyeskar - Ady Endre Kult\u00fark\u00f6r","robots":{"index":"index","follow":"follow","max-snippet":"max-snippet:-1","max-image-preview":"max-image-preview:large","max-video-preview":"max-video-preview:-1"},"canonical":"https:\/\/www.adyendre.hr\/hu\/tevekenysegek\/a-vegyeskar\/","og_locale":"hu_HU","og_type":"article","og_title":"A vegyeskar - Ady Endre Kult\u00fark\u00f6r","og_description":"A vegyeskar Az alap \u00f6tlet a vegyeskar megalap\u00edt\u00e1s\u00e1ra abb\u00f3l sz\u00fcletett, hogy a K\u00f6r tagok k\u00f6z\u00f6tt sokan voltak n\u00e9pdal \u00e9s n\u00f3ta kedvel\u0151k \u00e9s szerettek \u00e9nekelni. ...","og_url":"https:\/\/www.adyendre.hr\/hu\/tevekenysegek\/a-vegyeskar\/","og_site_name":"Ady Endre Kult\u00fark\u00f6r","article_modified_time":"2024-03-28T12:10:22+00:00","og_image":[{"url":"https:\/\/www.adyendre.hr\/wp-content\/uploads\/2024\/03\/Mjesoviti-zbor.jpg","type":"","width":"","height":""}],"twitter_card":"summary_large_image","twitter_misc":{"Becs\u00fclt olvas\u00e1si id\u0151":"3 perc"},"schema":{"@context":"https:\/\/schema.org","@graph":[{"@type":"WebPage","@id":"https:\/\/www.adyendre.hr\/hu\/tevekenysegek\/a-vegyeskar\/","url":"https:\/\/www.adyendre.hr\/hu\/tevekenysegek\/a-vegyeskar\/","name":"A vegyeskar - Ady Endre Kult\u00fark\u00f6r","isPartOf":{"@id":"https:\/\/www.adyendre.hr\/hu\/#website"},"primaryImageOfPage":{"@id":"https:\/\/www.adyendre.hr\/hu\/tevekenysegek\/a-vegyeskar\/#primaryimage"},"image":{"@id":"https:\/\/www.adyendre.hr\/hu\/tevekenysegek\/a-vegyeskar\/#primaryimage"},"thumbnailUrl":"https:\/\/www.adyendre.hr\/wp-content\/uploads\/2024\/03\/Mjesoviti-zbor.jpg","datePublished":"2023-09-22T09:32:09+00:00","dateModified":"2024-03-28T12:10:22+00:00","breadcrumb":{"@id":"https:\/\/www.adyendre.hr\/hu\/tevekenysegek\/a-vegyeskar\/#breadcrumb"},"inLanguage":"hu","potentialAction":[{"@type":"ReadAction","target":["https:\/\/www.adyendre.hr\/hu\/tevekenysegek\/a-vegyeskar\/"]}]},{"@type":"ImageObject","inLanguage":"hu","@id":"https:\/\/www.adyendre.hr\/hu\/tevekenysegek\/a-vegyeskar\/#primaryimage","url":"https:\/\/www.adyendre.hr\/wp-content\/uploads\/2024\/03\/Mjesoviti-zbor.jpg","contentUrl":"https:\/\/www.adyendre.hr\/wp-content\/uploads\/2024\/03\/Mjesoviti-zbor.jpg"},{"@type":"BreadcrumbList","@id":"https:\/\/www.adyendre.hr\/hu\/tevekenysegek\/a-vegyeskar\/#breadcrumb","itemListElement":[{"@type":"ListItem","position":1,"name":"Home","item":"https:\/\/www.adyendre.hr\/hu\/"},{"@type":"ListItem","position":2,"name":"Tev\u00e9kenys\u00e9gek","item":"https:\/\/www.adyendre.hr\/hu\/tevekenysegek\/"},{"@type":"ListItem","position":3,"name":"A vegyeskar"}]},{"@type":"WebSite","@id":"https:\/\/www.adyendre.hr\/hu\/#website","url":"https:\/\/www.adyendre.hr\/hu\/","name":"Ady Endre Kult\u00fark\u00f6r","description":"","publisher":{"@id":"https:\/\/www.adyendre.hr\/hu\/#organization"},"potentialAction":[{"@type":"SearchAction","target":{"@type":"EntryPoint","urlTemplate":"https:\/\/www.adyendre.hr\/hu\/?s={search_term_string}"},"query-input":{"@type":"PropertyValueSpecification","valueRequired":true,"valueName":"search_term_string"}}],"inLanguage":"hu"},{"@type":"Organization","@id":"https:\/\/www.adyendre.hr\/hu\/#organization","name":"Ady Endre Kult\u00fark\u00f6r","url":"https:\/\/www.adyendre.hr\/hu\/","logo":{"@type":"ImageObject","inLanguage":"hu","@id":"https:\/\/www.adyendre.hr\/hu\/#\/schema\/logo\/image\/","url":"https:\/\/www.adyendre.hr\/wp-content\/uploads\/2022\/09\/logo.png","contentUrl":"https:\/\/www.adyendre.hr\/wp-content\/uploads\/2022\/09\/logo.png","width":170,"height":50,"caption":"Ady Endre Kult\u00fark\u00f6r"},"image":{"@id":"https:\/\/www.adyendre.hr\/hu\/#\/schema\/logo\/image\/"}}]}},"_links":{"self":[{"href":"https:\/\/www.adyendre.hr\/hu\/wp-json\/wp\/v2\/pages\/1802","targetHints":{"allow":["GET"]}}],"collection":[{"href":"https:\/\/www.adyendre.hr\/hu\/wp-json\/wp\/v2\/pages"}],"about":[{"href":"https:\/\/www.adyendre.hr\/hu\/wp-json\/wp\/v2\/types\/page"}],"author":[{"embeddable":true,"href":"https:\/\/www.adyendre.hr\/hu\/wp-json\/wp\/v2\/users\/1"}],"replies":[{"embeddable":true,"href":"https:\/\/www.adyendre.hr\/hu\/wp-json\/wp\/v2\/comments?post=1802"}],"version-history":[{"count":8,"href":"https:\/\/www.adyendre.hr\/hu\/wp-json\/wp\/v2\/pages\/1802\/revisions"}],"predecessor-version":[{"id":2227,"href":"https:\/\/www.adyendre.hr\/hu\/wp-json\/wp\/v2\/pages\/1802\/revisions\/2227"}],"up":[{"embeddable":true,"href":"https:\/\/www.adyendre.hr\/hu\/wp-json\/wp\/v2\/pages\/2206"}],"wp:attachment":[{"href":"https:\/\/www.adyendre.hr\/hu\/wp-json\/wp\/v2\/media?parent=1802"}],"curies":[{"name":"wp","href":"https:\/\/api.w.org\/{rel}","templated":true}]}}